{"id":739154,"date":"2025-08-28T00:05:12","date_gmt":"2025-08-27T21:05:12","guid":{"rendered":"https:\/\/roveyayinevi.com.tr\/index.php\/urun\/6-asamada-yaratici-drama-liderligi\/"},"modified":"2026-04-16T02:49:30","modified_gmt":"2026-04-15T23:49:30","slug":"6-asamada-yaratici-drama-liderligi","status":"publish","type":"product","link":"https:\/\/roveyayinevi.com.tr\/index.php\/urun\/6-asamada-yaratici-drama-liderligi\/","title":{"rendered":"6 A\u015famada Yarat\u0131c\u0131 Drama Liderli\u011fi"},"content":{"rendered":"<p>G\u00fcn\u00fcm\u00fczde yarat\u0131c\u0131 drama alan\u0131nda bir\u00e7ok farkl\u0131 e\u011fitim verildi\u011fini g\u00f6r\u00fcyoruz. Ancak yarat\u0131c\u0131 drama lideri olmak i\u00e7in MEB Onayl\u0131, 6 a\u015famal\u0131, 320 saatlik Yarat\u0131c\u0131 Drama E\u011fitmenli\u011fi\/Liderli\u011fi sertifika program\u0131n\u0131 bitirmek gerekmektedir. Bu kitap yarat\u0131c\u0131 drama lideri olma yolculu\u011funa birlikte \u00e7\u0131kmak amac\u0131yla yaz\u0131lm\u0131\u015ft\u0131r. Daha \u00e7ok y\u00f6ntemi deneyimledi\u011fimiz 1. a\u015famada nas\u0131l \u00e7al\u0131\u015fmalar yap\u0131l\u0131r? Grup dinami\u011fi nas\u0131l olu\u015fturulur? \u0130lk a\u015famada teorik bilgiler verilir mi? Gibi \u00e7\u0131lg\u0131n sorular\u0131n cevaplar\u0131yla birlikte zengin bir uygulama i\u00e7eri\u011fi bulacaks\u0131n\u0131z. 2. , 3. ve 4. a\u015fama i\u00e7eriklerinde ise; bir drama oturumu nas\u0131l yap\u0131land\u0131r\u0131l\u0131r? Drama da iki temel yakla\u015f\u0131m ve \u00f6nc\u00fcleri kimlerdir? Dramatik e\u011fitimin tarihi, draman\u0131n m\u00fczik, foto\u011fraf, \u015fiir gibi farkl\u0131 alanlarla ili\u015fkileri, dramatik kurgunun bile\u015fenleri, tiyatro-drama farkl\u0131l\u0131klar\u0131 ve benzerlikleri, yarat\u0131c\u0131 dramada en \u00e7ok kullan\u0131lan teknikler, liderlik denemeleri ipu\u00e7lar\u0131, okul \u00f6ncesinden yeti\u015fkinlere kadar her ya\u015f grubuyla ilgili uygulama \u00f6rnekleri, drama alan\u0131nda 4 ekol ve dahas\u0131 hem teorik bilgi hem de uygulama \u00f6rnekleriyle a\u00e7\u0131klanm\u0131\u015ft\u0131r. 5. A\u015famada ise drama alan\u0131nda ekoller d\u0131\u015f\u0131nda di\u011fer \u00f6nemli isimler, d\u0131\u015f mekanda drama uygulamalar\u0131, drama eti\u011fi ve bitirme projesi nas\u0131l haz\u0131rlan\u0131r konusunu ayr\u0131nt\u0131lar\u0131yla bulabilirsiniz. 6. A\u015fama yard\u0131mc\u0131 liderlik\/raport\u00f6rl\u00fck a\u015famas\u0131nda nas\u0131l bir yol izlenir ve amac\u0131 nedir? Konusunda da ayr\u0131nt\u0131l\u0131 a\u00e7\u0131klamalar bu kitapta sizlerle payla\u015f\u0131lm\u0131\u015ft\u0131r. En sonda da bu alana dair kitap \u00f6nerileri listesi yer almaktad\u0131r.<\/p>\n","protected":false},"excerpt":{"rendered":"<p>G\u00fcn\u00fcm\u00fczde yarat\u0131c\u0131 drama alan\u0131nda bir\u00e7ok farkl\u0131 e\u011fitim verildi\u011fini g\u00f6r\u00fcyoruz. Ancak yarat\u0131c\u0131 drama lideri olmak i\u00e7in MEB Onayl\u0131, 6 a\u015famal\u0131, 320 saatlik Yarat\u0131c\u0131 Drama E\u011fitmenli\u011fi\/Liderli\u011fi sertifika program\u0131n\u0131<span class=\"excerpt-hellip\"> [\u2026]<\/span><\/p>\n","protected":false},"featured_media":0,"template":"","meta":{"_monsterinsights_skip_tracking":false,"_monsterinsights_sitenote_active":false,"_monsterinsights_sitenote_note":"","_monsterinsights_sitenote_category":0},"product_brand":[],"product_cat":[12573,12566],"product_tag":[],"class_list":{"0":"post-739154","1":"product","2":"type-product","3":"status-publish","5":"product_cat-akademik-kitaplar","6":"product_cat-egitim","7":"pa_cilt-ciltsiz","8":"pa_tur-kitap","9":"pa_yayinevi-egiten-kitap","10":"pa_yazar-kolektif","12":"first","13":"instock","14":"sale","15":"shipping-taxable","16":"purchasable","17":"product-type-simple"},"_links":{"self":[{"href":"https:\/\/roveyayinevi.com.tr\/index.php\/wp-json\/wp\/v2\/product\/739154","targetHints":{"allow":["GET"]}}],"collection":[{"href":"https:\/\/roveyayinevi.com.tr\/index.php\/wp-json\/wp\/v2\/product"}],"about":[{"href":"https:\/\/roveyayinevi.com.tr\/index.php\/wp-json\/wp\/v2\/types\/product"}],"wp:attachment":[{"href":"https:\/\/roveyayinevi.com.tr\/index.php\/wp-json\/wp\/v2\/media?parent=739154"}],"wp:term":[{"taxonomy":"product_brand","embeddable":true,"href":"https:\/\/roveyayinevi.com.tr\/index.php\/wp-json\/wp\/v2\/product_brand?post=739154"},{"taxonomy":"product_cat","embeddable":true,"href":"https:\/\/roveyayinevi.com.tr\/index.php\/wp-json\/wp\/v2\/product_cat?post=739154"},{"taxonomy":"product_tag","embeddable":true,"href":"https:\/\/roveyayinevi.com.tr\/index.php\/wp-json\/wp\/v2\/product_tag?post=739154"}],"curies":[{"name":"wp","href":"https:\/\/api.w.org\/{rel}","templated":true}]}}