{"id":739147,"date":"2025-08-28T00:05:05","date_gmt":"2025-08-27T21:05:05","guid":{"rendered":"https:\/\/roveyayinevi.com.tr\/index.php\/urun\/yaklasan-kasirga\/"},"modified":"2026-04-16T02:49:30","modified_gmt":"2026-04-15T23:49:30","slug":"yaklasan-kasirga","status":"publish","type":"product","link":"https:\/\/roveyayinevi.com.tr\/index.php\/urun\/yaklasan-kasirga\/","title":{"rendered":"Yakla\u015fan Kas\u0131rga"},"content":{"rendered":"<p>Senaryo mu, K\u0131rm\u0131z\u0131 Pazartesi mi?   \u201c\u00dclkemiz son 20 y\u0131lda b\u00fcy\u00fck bir de\u011fi\u015fim ya\u015fad\u0131. Toplumu derinden etkileyen ve endi\u015feye sevk eden bir tabloyla kar\u015f\u0131 kar\u015f\u0131ya kald\u0131k.  Rejim de\u011fi\u015fti; hukuk, demokrasi, laiklik tahrip edilerek otoriter bir y\u00f6netim kuruldu. Ben bu durumu \u00fclkemize do\u011fru gelen bir kas\u0131rgaya benzetiyorum. \u00dclkemize do\u011fru bir kas\u0131rga gelirken kim ne yapt\u0131? Ne t\u00fcr siyasi olaylar ya\u015fand\u0131? Bu kas\u0131rgan\u0131n tahribat\u0131n\u0131 en aza indirecek tedbirler ni\u00e7in al\u0131namad\u0131 ve \u00fclkemiz bu hale nas\u0131l geldi?  \u0130\u015fte bu sorulara bildiklerim, g\u00f6rd\u00fcklerim, tan\u0131kl\u0131klar\u0131m ve yorumlar\u0131m \u00e7er\u00e7evesinde cevaplar aramaya \u00e7al\u0131\u015ft\u0131m.\u201d   Levent G\u00fcltekin, T\u00fcrkiye\u2019nin son 20 y\u0131l\u0131n\u0131n en \u00f6nemli olaylar\u0131n\u0131 masaya yat\u0131r\u0131yor\u2026    CHP lideri Deniz Baykal\u2019\u0131n deste\u011fiyle Recep Tayyip Erdo\u011fan\u2019\u0131n siyasi yasa\u011f\u0131n\u0131n kald\u0131r\u0131lmas\u0131, AK Parti\u2019ye kapatma davas\u0131 a\u00e7\u0131lmas\u0131, 27 Nisan Muht\u0131ras\u0131 ve Cumhuriyet mitingleri, Ergenekon\/Balyoz davalar\u0131, 2010 Anayasa de\u011fi\u015fikli\u011fi, Gezi olaylar\u0131, Hendek sava\u015flar\u0131, 2015 se\u00e7imlerindeki tuhaf olaylar, 15 Temmuz Darbesi, 2018 Cumhurba\u015fkanl\u0131\u011f\u0131 se\u00e7imlerindeki \u015fa\u015f\u0131rt\u0131c\u0131 oyunlar\u2026  Ya\u015fanan olaylar\u0131n ak\u0131\u015f\u0131ndaki b\u00fct\u00fcnl\u00fck, bu ak\u0131\u015f\u0131 bozacak her engelin ustal\u0131kla ortadan kald\u0131r\u0131lmas\u0131, kimi muhalif siyasi akt\u00f6rlerin bir andaki tutum de\u011fi\u015fikli\u011fi akla iki ihtimali getiriyor: Ya herkesi oyuncuya d\u00f6n\u00fc\u015ft\u00fcren bir senaryo var ve ustal\u0131kla uygulan\u0131yor ya da Gabriel Garc\u00eda M\u00e1rquez\u2019in K\u0131rm\u0131z\u0131 Pazartesi roman\u0131na benzer bir durum ya\u015f\u0131yoruz. Yani kasabada bir cinayet i\u015flenece\u011fini herkes biliyor ama kimse bir \u015fey yapm\u0131yor ve sonunda o cinayet i\u015fleniyor.  B\u00fct\u00fcn bu olaylar\u0131n arka plan\u0131 bize, bundan sonra neler olabilece\u011finin i\u015faretini de veriyor.  Bu kitap bir anlamda T\u00fcrkiye\u2019nin Ortado\u011fulula\u015ft\u0131r\u0131lma s\u00fcrecini hik\u00e2ye tad\u0131nda anlat\u0131yor. Kas\u0131rga, okuru, yakla\u015fan tehlikeye kar\u015f\u0131 uyarmak \u00fczere kaleme al\u0131nd\u0131\u2026 Bu gidi\u015fat\u0131 durdurmak, \u00fclkemizi yeniden herkes i\u00e7in ya\u015fanabilir bir \u00fclke haline getirmek i\u00e7in\u2026   Yazar Hakk\u0131nda: Levent G\u00fcltekin, 1972 y\u0131l\u0131nda Ardahan\u2019\u0131n G\u00f6le il\u00e7esinde do\u011fdu. \u0130lk, orta ve lise tahsilini G\u00f6le\u2019de yapt\u0131. Anadolu \u00dcniversitesi Kamu Y\u00f6netimi B\u00f6l\u00fcm\u00fc\u2019nde lisans\u0131n\u0131, Sel\u00e7uk \u00dcniversitesi Uluslararas\u0131 \u0130li\u015fkiler B\u00f6l\u00fcm\u00fc\u2019nde y\u00fcksek lisans\u0131n\u0131 tamamlad\u0131. Medya sekt\u00f6r\u00fcne 1995 y\u0131l\u0131nda Yeni \u015eafak\u2019la girdi. Farkl\u0131 departmanlarda \u00e7al\u0131\u015ft\u0131ktan sonra 2000 y\u0131l\u0131nda genel m\u00fcd\u00fcr oldu. 2000 y\u0131l\u0131n\u0131n sonunda buradan ayr\u0131l\u0131p haftal\u0131k Ger\u00e7ek Hayat dergisini \u00e7\u0131kard\u0131. 2007 y\u0131l\u0131nda Star Medya Grubu\u2019nda, 2009 y\u0131l\u0131nda Cine5 Medya Grubu\u2019nda \u00fcst d\u00fczey y\u00f6netici olarak g\u00f6rev ald\u0131. 2010 y\u0131l\u0131nda Cine5\u2019ten de ayr\u0131l\u0131nca k\u00f6\u015fe yazarl\u0131\u011f\u0131na ba\u015flad\u0131. Halen siyaset yorumculu\u011fu ve www.diken.com.tr sitesinde k\u00f6\u015fe yazarl\u0131\u011f\u0131 yapmaktad\u0131r. \u015eatafatl\u0131 Ma\u011flubiyet ve Onurlu \u00c7\u0131k\u0131\u015f adl\u0131 iki kitab\u0131 vard\u0131r.   <\/p>\n","protected":false},"excerpt":{"rendered":"<p>Senaryo mu, K\u0131rm\u0131z\u0131 Pazartesi mi? \u201c\u00dclkemiz son 20 y\u0131lda b\u00fcy\u00fck bir de\u011fi\u015fim ya\u015fad\u0131. Toplumu derinden etkileyen ve endi\u015feye sevk eden bir tabloyla kar\u015f\u0131 kar\u015f\u0131ya kald\u0131k. Rejim<span class=\"excerpt-hellip\"> [\u2026]<\/span><\/p>\n","protected":false},"featured_media":0,"template":"","meta":{"_monsterinsights_skip_tracking":false,"_monsterinsights_sitenote_active":false,"_monsterinsights_sitenote_note":"","_monsterinsights_sitenote_category":0},"product_brand":[],"product_cat":[13590,12337],"product_tag":[],"class_list":{"0":"post-739147","1":"product","2":"type-product","3":"status-publish","5":"product_cat-arastirma-inceleme-politika-siyaset","6":"product_cat-politika-siyaset","7":"pa_cilt-ciltsiz","8":"pa_tur-kitap","9":"pa_yayinevi-dogan-kitap","10":"pa_yazar-levent-gultekin","12":"first","13":"instock","14":"sale","15":"shipping-taxable","16":"purchasable","17":"product-type-simple"},"_links":{"self":[{"href":"https:\/\/roveyayinevi.com.tr\/index.php\/wp-json\/wp\/v2\/product\/739147","targetHints":{"allow":["GET"]}}],"collection":[{"href":"https:\/\/roveyayinevi.com.tr\/index.php\/wp-json\/wp\/v2\/product"}],"about":[{"href":"https:\/\/roveyayinevi.com.tr\/index.php\/wp-json\/wp\/v2\/types\/product"}],"wp:attachment":[{"href":"https:\/\/roveyayinevi.com.tr\/index.php\/wp-json\/wp\/v2\/media?parent=739147"}],"wp:term":[{"taxonomy":"product_brand","embeddable":true,"href":"https:\/\/roveyayinevi.com.tr\/index.php\/wp-json\/wp\/v2\/product_brand?post=739147"},{"taxonomy":"product_cat","embeddable":true,"href":"https:\/\/roveyayinevi.com.tr\/index.php\/wp-json\/wp\/v2\/product_cat?post=739147"},{"taxonomy":"product_tag","embeddable":true,"href":"https:\/\/roveyayinevi.com.tr\/index.php\/wp-json\/wp\/v2\/product_tag?post=739147"}],"curies":[{"name":"wp","href":"https:\/\/api.w.org\/{rel}","templated":true}]}}