{"id":739143,"date":"2025-08-28T00:04:59","date_gmt":"2025-08-27T21:04:59","guid":{"rendered":"https:\/\/roveyayinevi.com.tr\/index.php\/urun\/kiraz-cicekleri\/"},"modified":"2026-04-16T02:49:30","modified_gmt":"2026-04-15T23:49:30","slug":"kiraz-cicekleri","status":"publish","type":"product","link":"https:\/\/roveyayinevi.com.tr\/index.php\/urun\/kiraz-cicekleri\/","title":{"rendered":"Kiraz \u00c7i\u00e7ekleri"},"content":{"rendered":"<p>Japonya\u2019n\u0131n geleneklerine ba\u011fl\u0131 eski ba\u015fkenti Kyoto\u2019da de\u011fi\u015fim r\u00fczg\u00e2rlar\u0131 esmektedir. Mevsim de\u011fi\u015fir, kiraz \u00e7i\u00e7ekleri a\u00e7arken \u015fehir ba\u015fka bir renge ve kimli\u011fe b\u00fcr\u00fcn\u00fcr. Bir kimono ustas\u0131n\u0131n evlatl\u0131\u011f\u0131 olan Chieko da bu de\u011fi\u015fimden uzak kalamayacakt\u0131r.   \u201cKawabata\u2019n\u0131n romanlar\u0131, hazin g\u00fczellikte \u00e7i\u00e7eklerle dolu gizli bah\u00e7eler gibidir.\u201d The Japan Times   \u201cKawabata\u2019n\u0131n kimono sanat\u0131na a\u011f\u0131d\u0131.\u201d The New York Times <\/p>\n","protected":false},"excerpt":{"rendered":"<p>Japonya\u2019n\u0131n geleneklerine ba\u011fl\u0131 eski ba\u015fkenti Kyoto\u2019da de\u011fi\u015fim r\u00fczg\u00e2rlar\u0131 esmektedir. Mevsim de\u011fi\u015fir, kiraz \u00e7i\u00e7ekleri a\u00e7arken \u015fehir ba\u015fka bir renge ve kimli\u011fe b\u00fcr\u00fcn\u00fcr. Bir kimono ustas\u0131n\u0131n evlatl\u0131\u011f\u0131 olan<span class=\"excerpt-hellip\"> [\u2026]<\/span><\/p>\n","protected":false},"featured_media":0,"template":"","meta":{"_monsterinsights_skip_tracking":false,"_monsterinsights_sitenote_active":false,"_monsterinsights_sitenote_note":"","_monsterinsights_sitenote_category":0},"product_brand":[],"product_cat":[12291,12711],"product_tag":[],"class_list":{"0":"post-739143","1":"product","2":"type-product","3":"status-publish","5":"product_cat-edebiyat","6":"product_cat-roman-oyku","7":"pa_cilt-ciltsiz","8":"pa_tur-kitap","9":"pa_yayinevi-can-yayinlari","10":"pa_yazar-yasunari-kawabata","12":"first","13":"instock","14":"sale","15":"shipping-taxable","16":"purchasable","17":"product-type-simple"},"_links":{"self":[{"href":"https:\/\/roveyayinevi.com.tr\/index.php\/wp-json\/wp\/v2\/product\/739143","targetHints":{"allow":["GET"]}}],"collection":[{"href":"https:\/\/roveyayinevi.com.tr\/index.php\/wp-json\/wp\/v2\/product"}],"about":[{"href":"https:\/\/roveyayinevi.com.tr\/index.php\/wp-json\/wp\/v2\/types\/product"}],"wp:attachment":[{"href":"https:\/\/roveyayinevi.com.tr\/index.php\/wp-json\/wp\/v2\/media?parent=739143"}],"wp:term":[{"taxonomy":"product_brand","embeddable":true,"href":"https:\/\/roveyayinevi.com.tr\/index.php\/wp-json\/wp\/v2\/product_brand?post=739143"},{"taxonomy":"product_cat","embeddable":true,"href":"https:\/\/roveyayinevi.com.tr\/index.php\/wp-json\/wp\/v2\/product_cat?post=739143"},{"taxonomy":"product_tag","embeddable":true,"href":"https:\/\/roveyayinevi.com.tr\/index.php\/wp-json\/wp\/v2\/product_tag?post=739143"}],"curies":[{"name":"wp","href":"https:\/\/api.w.org\/{rel}","templated":true}]}}