{"id":739142,"date":"2025-08-28T00:04:58","date_gmt":"2025-08-27T21:04:58","guid":{"rendered":"https:\/\/roveyayinevi.com.tr\/index.php\/urun\/karlar-ulkesi\/"},"modified":"2026-04-16T02:49:30","modified_gmt":"2026-04-15T23:49:30","slug":"karlar-ulkesi","status":"publish","type":"product","link":"https:\/\/roveyayinevi.com.tr\/index.php\/urun\/karlar-ulkesi\/","title":{"rendered":"Karlar \u00dclkesi"},"content":{"rendered":"<p>Japonya\u2019n\u0131n bat\u0131s\u0131nda, karlarla kapl\u0131 bir kapl\u0131ca kasabas\u0131na yolculuk eden Shimamura, burada Komako adl\u0131 masum bir gey\u015fayla bir ili\u015fkiye ba\u015flar. \u0130kisi de gayet iyi bilmektedir ki bu ili\u015fkinin buruk sonu onlar i\u00e7in \u00e7oktan yaz\u0131lm\u0131\u015ft\u0131r.     \u201c\u00c7a\u011f\u0131m\u0131z\u0131n en etkileyici ve \u00f6zg\u00fcn eserlerinden biri.\u201d The New York Times     \u201cHaiku\u2019nun narin, anl\u0131k diliyle Kawabata \u00e7etrefilli bir ili\u015fkinin derinliklerine iniyor.\u201d The Times Literary Supplement <\/p>\n","protected":false},"excerpt":{"rendered":"<p>Japonya\u2019n\u0131n bat\u0131s\u0131nda, karlarla kapl\u0131 bir kapl\u0131ca kasabas\u0131na yolculuk eden Shimamura, burada Komako adl\u0131 masum bir gey\u015fayla bir ili\u015fkiye ba\u015flar. \u0130kisi de gayet iyi bilmektedir ki bu<span class=\"excerpt-hellip\"> [\u2026]<\/span><\/p>\n","protected":false},"featured_media":0,"template":"","meta":{"_monsterinsights_skip_tracking":false,"_monsterinsights_sitenote_active":false,"_monsterinsights_sitenote_note":"","_monsterinsights_sitenote_category":0},"product_brand":[],"product_cat":[12291,12711],"product_tag":[],"class_list":{"0":"post-739142","1":"product","2":"type-product","3":"status-publish","5":"product_cat-edebiyat","6":"product_cat-roman-oyku","7":"pa_cilt-ciltsiz","8":"pa_tur-kitap","9":"pa_yayinevi-can-yayinlari","10":"pa_yazar-yasunari-kawabata","12":"first","13":"instock","14":"sale","15":"shipping-taxable","16":"purchasable","17":"product-type-simple"},"_links":{"self":[{"href":"https:\/\/roveyayinevi.com.tr\/index.php\/wp-json\/wp\/v2\/product\/739142","targetHints":{"allow":["GET"]}}],"collection":[{"href":"https:\/\/roveyayinevi.com.tr\/index.php\/wp-json\/wp\/v2\/product"}],"about":[{"href":"https:\/\/roveyayinevi.com.tr\/index.php\/wp-json\/wp\/v2\/types\/product"}],"wp:attachment":[{"href":"https:\/\/roveyayinevi.com.tr\/index.php\/wp-json\/wp\/v2\/media?parent=739142"}],"wp:term":[{"taxonomy":"product_brand","embeddable":true,"href":"https:\/\/roveyayinevi.com.tr\/index.php\/wp-json\/wp\/v2\/product_brand?post=739142"},{"taxonomy":"product_cat","embeddable":true,"href":"https:\/\/roveyayinevi.com.tr\/index.php\/wp-json\/wp\/v2\/product_cat?post=739142"},{"taxonomy":"product_tag","embeddable":true,"href":"https:\/\/roveyayinevi.com.tr\/index.php\/wp-json\/wp\/v2\/product_tag?post=739142"}],"curies":[{"name":"wp","href":"https:\/\/api.w.org\/{rel}","templated":true}]}}