{"id":739141,"date":"2025-08-28T00:04:57","date_gmt":"2025-08-27T21:04:57","guid":{"rendered":"https:\/\/roveyayinevi.com.tr\/index.php\/urun\/filozoflarla-dusunmek\/"},"modified":"2026-04-16T02:49:29","modified_gmt":"2026-04-15T23:49:29","slug":"filozoflarla-dusunmek","status":"publish","type":"product","link":"https:\/\/roveyayinevi.com.tr\/index.php\/urun\/filozoflarla-dusunmek\/","title":{"rendered":"Filozoflarla D\u00fc\u015f\u00fcnmek"},"content":{"rendered":"<p>Felsefe sorunlara dair bu birlikte d\u00fc\u015f\u00fcnme edimini tarihsel bir perspektifi g\u00f6z\u00f6n\u00fcnde bulundurarak ger\u00e7ekle\u015ftirecektir. Sorun(lar) filozoflarla birlikte kar\u015f\u0131la\u015ft\u0131\u011f\u0131m\u0131z, d\u00fc\u015f\u00fcnme yolunda \u00f6n\u00fcm\u00fcze \u00e7\u0131kan \u201c\u00e7\u0131kmaz\u201dlard\u0131r. Bu sorunlar\u0131 \u00e7\u00f6zebilmenin, \u00e7\u0131kmazlardan kurtulabilmenin yolu ancak \u201cbirlikte d\u00fc\u015f\u00fcnme\u201d edimiyle ger\u00e7ekle\u015fir. Ama sorunlar\u0131n \u201cg\u00fcncelli\u011fi\u201d, \u015fu an \u00f6n\u00fcm\u00fczde duruyor olu\u015flar\u0131, filozoflar\u0131 -onlar\u0131 tarihsel ba\u011flamlar\u0131na yerle\u015ftirmenin ve bu tarihsel ba\u011flamlar\u0131 i\u00e7inde anlaman\u0131n yan\u0131nda- ayn\u0131 zamanda zaman-d\u0131\u015f\u0131 bir ba\u011flamda diyaloga \u00e7a\u011f\u0131rmay\u0131 da gerekli k\u0131lmaktad\u0131r. B\u00f6ylece bu t\u00fcrden bir d\u00fc\u015f\u00fcnme \u00e7abas\u0131, Foucault\u2019nun modern d\u00fc\u015f\u00fcncenin ay\u0131r\u0131c\u0131 \u00f6zelli\u011fi olarak nitelendirdi\u011fi \u201c\u015fimdinin bir ontolojisi\u201dyle, yani kendi g\u00fcncelli\u011fimizi anlama \u00e7abas\u0131yla bulu\u015facakt\u0131r. Dolay\u0131s\u0131yla Anaksimandros, Platon, Leibniz, Spinoza, Hegel, Marx, Wittgenstein, Badiou gibi filozoflar art\u0131k \u201cbizim meselemiz\u201d haline gelmektedir. <\/p>\n","protected":false},"excerpt":{"rendered":"<p>Felsefe sorunlara dair bu birlikte d\u00fc\u015f\u00fcnme edimini tarihsel bir perspektifi g\u00f6z\u00f6n\u00fcnde bulundurarak ger\u00e7ekle\u015ftirecektir. Sorun(lar) filozoflarla birlikte kar\u015f\u0131la\u015ft\u0131\u011f\u0131m\u0131z, d\u00fc\u015f\u00fcnme yolunda \u00f6n\u00fcm\u00fcze \u00e7\u0131kan \u201c\u00e7\u0131kmaz\u201dlard\u0131r. Bu sorunlar\u0131 \u00e7\u00f6zebilmenin, \u00e7\u0131kmazlardan<span class=\"excerpt-hellip\"> [\u2026]<\/span><\/p>\n","protected":false},"featured_media":0,"template":"","meta":{"_monsterinsights_skip_tracking":false,"_monsterinsights_sitenote_active":false,"_monsterinsights_sitenote_note":"","_monsterinsights_sitenote_category":0},"product_brand":[],"product_cat":[12388,13555],"product_tag":[],"class_list":{"0":"post-739141","1":"product","2":"type-product","3":"status-publish","5":"product_cat-felsefe","6":"product_cat-genel-felsefe","7":"pa_cilt-ciltsiz","8":"pa_tur-kitap","9":"pa_yayinevi-bilgesu-yayincilik","10":"pa_yazar-cetin-turkyilmaz","12":"first","13":"instock","14":"sale","15":"shipping-taxable","16":"purchasable","17":"product-type-simple"},"_links":{"self":[{"href":"https:\/\/roveyayinevi.com.tr\/index.php\/wp-json\/wp\/v2\/product\/739141","targetHints":{"allow":["GET"]}}],"collection":[{"href":"https:\/\/roveyayinevi.com.tr\/index.php\/wp-json\/wp\/v2\/product"}],"about":[{"href":"https:\/\/roveyayinevi.com.tr\/index.php\/wp-json\/wp\/v2\/types\/product"}],"wp:attachment":[{"href":"https:\/\/roveyayinevi.com.tr\/index.php\/wp-json\/wp\/v2\/media?parent=739141"}],"wp:term":[{"taxonomy":"product_brand","embeddable":true,"href":"https:\/\/roveyayinevi.com.tr\/index.php\/wp-json\/wp\/v2\/product_brand?post=739141"},{"taxonomy":"product_cat","embeddable":true,"href":"https:\/\/roveyayinevi.com.tr\/index.php\/wp-json\/wp\/v2\/product_cat?post=739141"},{"taxonomy":"product_tag","embeddable":true,"href":"https:\/\/roveyayinevi.com.tr\/index.php\/wp-json\/wp\/v2\/product_tag?post=739141"}],"curies":[{"name":"wp","href":"https:\/\/api.w.org\/{rel}","templated":true}]}}