{"id":739140,"date":"2025-08-28T00:04:56","date_gmt":"2025-08-27T21:04:56","guid":{"rendered":"https:\/\/roveyayinevi.com.tr\/index.php\/urun\/bunalim-cagi\/"},"modified":"2026-04-16T02:49:29","modified_gmt":"2026-04-15T23:49:29","slug":"bunalim-cagi","status":"publish","type":"product","link":"https:\/\/roveyayinevi.com.tr\/index.php\/urun\/bunalim-cagi\/","title":{"rendered":"Bunal\u0131m \u00c7a\u011f\u0131"},"content":{"rendered":"<p>\u00c7a\u011f\u0131m\u0131zda art\u0131k b\u00fct\u00fcn d\u00fcnyaya yay\u0131lm\u0131\u015f olan bunal\u0131m\u0131 a\u015fma kayg\u0131s\u0131 ta\u015f\u0131yanlar\u0131n Kierkegaard, Marx ve Nietzsche\u2019nin d\u00fc\u015f\u00fcncelerinden \u00f6\u011frenece\u011fi \u00e7ok \u015fey vard\u0131r. \u00c7\u00fcnk\u00fc g\u00fcn\u00fcm\u00fcz\u00fcn en temel sorunlar\u0131n\u0131n ard\u0131nda yatan nedenleri sorgulamak ve bu sorunlar\u0131 a\u015fmak i\u00e7in felsefecilerin \u00f6ncelik tan\u0131yacaklar\u0131 \u015fey, \u00f6rne\u011fin k\u00fclt\u00fcrleraras\u0131 sa\u011fl\u0131kl\u0131 bir dialog de\u011fil, bu dialogun da yap\u0131labilmesinin ko\u015fulu olabilecek insan g\u00f6r\u00fc\u015fleri olsa gerek. 19. y\u00fczy\u0131lda oldu\u011fu gibi, g\u00fcn\u00fcm\u00fcz\u00fcn \u00e7e\u015fitli toplum ve k\u00fclt\u00fcrlerinde, geleneksel d\u00fc\u015f\u00fcnme bi\u00e7imlerinden kaynakl\u0131 olarak, insan \u201cde\u011feri s\u0131f\u0131r olan\u201d bir varl\u0131k g\u00f6r\u00fcl\u00fcrken, insan\u0131n de\u011ferini yok sayan k\u00fclt\u00fcrler aras\u0131nda sa\u011fl\u0131kl\u0131 bir dialogun ger\u00e7ekle\u015ftirilebilece\u011fini d\u00fc\u015f\u00fcnmek do\u011fru bir yakla\u015f\u0131mm\u0131\u015f gibi g\u00f6r\u00fcnmemektedir. <\/p>\n","protected":false},"excerpt":{"rendered":"<p>\u00c7a\u011f\u0131m\u0131zda art\u0131k b\u00fct\u00fcn d\u00fcnyaya yay\u0131lm\u0131\u015f olan bunal\u0131m\u0131 a\u015fma kayg\u0131s\u0131 ta\u015f\u0131yanlar\u0131n Kierkegaard, Marx ve Nietzsche\u2019nin d\u00fc\u015f\u00fcncelerinden \u00f6\u011frenece\u011fi \u00e7ok \u015fey vard\u0131r. \u00c7\u00fcnk\u00fc g\u00fcn\u00fcm\u00fcz\u00fcn en temel sorunlar\u0131n\u0131n ard\u0131nda yatan<span class=\"excerpt-hellip\"> [\u2026]<\/span><\/p>\n","protected":false},"featured_media":0,"template":"","meta":{"_monsterinsights_skip_tracking":false,"_monsterinsights_sitenote_active":false,"_monsterinsights_sitenote_note":"","_monsterinsights_sitenote_category":0},"product_brand":[],"product_cat":[12388,13555],"product_tag":[],"class_list":{"0":"post-739140","1":"product","2":"type-product","3":"status-publish","5":"product_cat-felsefe","6":"product_cat-genel-felsefe","7":"pa_cilt-ciltsiz","8":"pa_tur-kitap","9":"pa_yayinevi-bilgesu-yayincilik","10":"pa_yazar-bilgesu-yayincilik-kolektif","12":"first","13":"instock","14":"sale","15":"shipping-taxable","16":"purchasable","17":"product-type-simple"},"_links":{"self":[{"href":"https:\/\/roveyayinevi.com.tr\/index.php\/wp-json\/wp\/v2\/product\/739140","targetHints":{"allow":["GET"]}}],"collection":[{"href":"https:\/\/roveyayinevi.com.tr\/index.php\/wp-json\/wp\/v2\/product"}],"about":[{"href":"https:\/\/roveyayinevi.com.tr\/index.php\/wp-json\/wp\/v2\/types\/product"}],"wp:attachment":[{"href":"https:\/\/roveyayinevi.com.tr\/index.php\/wp-json\/wp\/v2\/media?parent=739140"}],"wp:term":[{"taxonomy":"product_brand","embeddable":true,"href":"https:\/\/roveyayinevi.com.tr\/index.php\/wp-json\/wp\/v2\/product_brand?post=739140"},{"taxonomy":"product_cat","embeddable":true,"href":"https:\/\/roveyayinevi.com.tr\/index.php\/wp-json\/wp\/v2\/product_cat?post=739140"},{"taxonomy":"product_tag","embeddable":true,"href":"https:\/\/roveyayinevi.com.tr\/index.php\/wp-json\/wp\/v2\/product_tag?post=739140"}],"curies":[{"name":"wp","href":"https:\/\/api.w.org\/{rel}","templated":true}]}}