{"id":739137,"date":"2025-08-28T00:04:53","date_gmt":"2025-08-27T21:04:53","guid":{"rendered":"https:\/\/roveyayinevi.com.tr\/index.php\/urun\/hileli-ayna\/"},"modified":"2026-04-16T02:49:29","modified_gmt":"2026-04-15T23:49:29","slug":"hileli-ayna","status":"publish","type":"product","link":"https:\/\/roveyayinevi.com.tr\/index.php\/urun\/hileli-ayna\/","title":{"rendered":"Hileli Ayna"},"content":{"rendered":"<p>Benli\u011fin \u00f6n plana \u00e7\u0131kt\u0131\u011f\u0131 bir \u00e7a\u011fda ya\u015f\u0131yoruz; ger\u00e7ekleri g\u00fc\u00e7l\u00fclerin \u015fekillendirdi\u011fi, hem ki\u015fisel hem de siyasi yan\u0131lg\u0131larla dolu bir \u00e7a\u011fda.   The New Yorker\u2019\u0131n en parlak gen\u00e7 yetene\u011fi Jia Tolentino, karma\u015f\u0131k ve \u00e7ok katmanl\u0131 meseleleri a\u00e7\u0131klama becerisini  mizah anlay\u0131\u015f\u0131 ve derin bir d\u00fcr\u00fcstl\u00fckle birle\u015ftirerek i\u00e7inde ya\u015fad\u0131\u011f\u0131m\u0131z d\u00f6nemi tan\u0131mlayan \u00e7at\u0131\u015fmalar\u0131, \u00e7eli\u015fkileri, b\u00fcy\u00fck de\u011fi\u015fimleri irdeleyen e\u015fsiz bir ses. Birbiriyle ba\u011flant\u0131l\u0131 konular\u0131 masaya yat\u0131ran dokuz denemenin yer ald\u0131\u011f\u0131 Hileli Ayna\u2019da, hayatlar\u0131m\u0131z\u0131n y\u00fczeyinin hemen alt\u0131nda ak\u0131p giden kendini kand\u0131rma nehrinde bizleri ayd\u0131nlat\u0131c\u0131, unutulmaz bir yolculu\u011fa \u00e7\u0131kar\u0131yor; i\u00e7ine do\u011fdu\u011fumuz ve bizi \u015fekillendiren k\u00fclt\u00fcr\u00fcn aynas\u0131nda kendimizi net bir \u015fekilde g\u00f6rmenin zorlu\u011funu g\u00f6zler \u00f6n\u00fcne seriyor. Sosyal internetin k\u00e2bus gibi y\u00fckseli\u015finden 2000\u2019lerin belirleyici sistemi haline gelen doland\u0131r\u0131c\u0131l\u0131k d\u00fczenine, abart\u0131l\u0131 d\u00fc\u011f\u00fcnlerden bedenlerimiz de dahil olmak \u00fczere her \u015feyin biz \u00f6lene kadar daha verimli ve g\u00fczel olmas\u0131 gerekti\u011fi konusunda \u0131srar eden optimizasyon r\u00fcyas\u0131na, farkl\u0131 g\u00f6z\u00fcken konular\u0131 birbirine ba\u011flayarak anlat\u0131yor Tolentino.   \u00c7a\u011f\u0131m\u0131za dair keskin bir g\u00f6zlem yetene\u011fine sahip bir zihinden, benzersiz ele\u015ftirel \u00fcslubuyla, bak\u0131\u015f a\u00e7\u0131m\u0131z\u0131 \u00e7arp\u0131tabilecek g\u00fc\u00e7lerin bir analizi\u2026     \u201cSon derece zekice, s\u0131n\u0131rlar\u0131 zorlayan bir eser.\u201d<\/p>\n","protected":false},"excerpt":{"rendered":"<p>Benli\u011fin \u00f6n plana \u00e7\u0131kt\u0131\u011f\u0131 bir \u00e7a\u011fda ya\u015f\u0131yoruz; ger\u00e7ekleri g\u00fc\u00e7l\u00fclerin \u015fekillendirdi\u011fi, hem ki\u015fisel hem de siyasi yan\u0131lg\u0131larla dolu bir \u00e7a\u011fda. The New Yorker\u2019\u0131n en parlak gen\u00e7 yetene\u011fi<span class=\"excerpt-hellip\"> [\u2026]<\/span><\/p>\n","protected":false},"featured_media":0,"template":"","meta":{"_monsterinsights_skip_tracking":false,"_monsterinsights_sitenote_active":false,"_monsterinsights_sitenote_note":"","_monsterinsights_sitenote_category":0},"product_brand":[],"product_cat":[12291,12711],"product_tag":[],"class_list":{"0":"post-739137","1":"product","2":"type-product","3":"status-publish","5":"product_cat-edebiyat","6":"product_cat-roman-oyku","7":"pa_cilt-ciltsiz","8":"pa_tur-kitap","9":"pa_yayinevi-mundi","10":"pa_yazar-jia-tolentino","12":"first","13":"instock","14":"sale","15":"shipping-taxable","16":"purchasable","17":"product-type-simple"},"_links":{"self":[{"href":"https:\/\/roveyayinevi.com.tr\/index.php\/wp-json\/wp\/v2\/product\/739137","targetHints":{"allow":["GET"]}}],"collection":[{"href":"https:\/\/roveyayinevi.com.tr\/index.php\/wp-json\/wp\/v2\/product"}],"about":[{"href":"https:\/\/roveyayinevi.com.tr\/index.php\/wp-json\/wp\/v2\/types\/product"}],"wp:attachment":[{"href":"https:\/\/roveyayinevi.com.tr\/index.php\/wp-json\/wp\/v2\/media?parent=739137"}],"wp:term":[{"taxonomy":"product_brand","embeddable":true,"href":"https:\/\/roveyayinevi.com.tr\/index.php\/wp-json\/wp\/v2\/product_brand?post=739137"},{"taxonomy":"product_cat","embeddable":true,"href":"https:\/\/roveyayinevi.com.tr\/index.php\/wp-json\/wp\/v2\/product_cat?post=739137"},{"taxonomy":"product_tag","embeddable":true,"href":"https:\/\/roveyayinevi.com.tr\/index.php\/wp-json\/wp\/v2\/product_tag?post=739137"}],"curies":[{"name":"wp","href":"https:\/\/api.w.org\/{rel}","templated":true}]}}