{"id":739136,"date":"2025-08-28T00:04:52","date_gmt":"2025-08-27T21:04:52","guid":{"rendered":"https:\/\/roveyayinevi.com.tr\/index.php\/urun\/dans-ayakkabilari\/"},"modified":"2026-04-16T02:49:29","modified_gmt":"2026-04-15T23:49:29","slug":"dans-ayakkabilari","status":"publish","type":"product","link":"https:\/\/roveyayinevi.com.tr\/index.php\/urun\/dans-ayakkabilari\/","title":{"rendered":"Dans Ayakkab\u0131lar\u0131"},"content":{"rendered":"<p>Do\u011fdu\u011fum g\u00fcnden beri dans benim i\u00e7in her yerde. G\u00f6ky\u00fcz\u00fcndeki bulutlarda, G\u00f6ldeki suyun dalgas\u0131nda, A\u011fa\u00e7lar\u0131n dallar\u0131nda. \u00c7\u00fcnk\u00fc dans\u0131n kelimelerini yaz\u0131yorum. Dedemin el eme\u011fi, anneannemden bana kalan, h\u00e2l\u00e2 sapasa\u011flam ayakkab\u0131lar\u0131mla. G\u00f6r\u00fcyorum ki ayakkab\u0131lar\u0131m\u0131 pek merak ettiniz. Bu ayakkab\u0131lar neden hi\u00e7 eskimiyor, var m\u0131 bir tahmininiz? Bu kitab\u0131 okumaya ne dersiniz?<\/p>\n","protected":false},"excerpt":{"rendered":"<p>Do\u011fdu\u011fum g\u00fcnden beri dans benim i\u00e7in her yerde. G\u00f6ky\u00fcz\u00fcndeki bulutlarda, G\u00f6ldeki suyun dalgas\u0131nda, A\u011fa\u00e7lar\u0131n dallar\u0131nda. \u00c7\u00fcnk\u00fc dans\u0131n kelimelerini yaz\u0131yorum. Dedemin el eme\u011fi, anneannemden bana kalan, h\u00e2l\u00e2<span class=\"excerpt-hellip\"> [\u2026]<\/span><\/p>\n","protected":false},"featured_media":0,"template":"","meta":{"_monsterinsights_skip_tracking":false,"_monsterinsights_sitenote_active":false,"_monsterinsights_sitenote_note":"","_monsterinsights_sitenote_category":0},"product_brand":[],"product_cat":[12274,12284],"product_tag":[],"class_list":{"0":"post-739136","1":"product","2":"type-product","3":"status-publish","5":"product_cat-cocuk-ve-genclik-kitaplari","6":"product_cat-hikayeler","7":"pa_cilt-ciltsiz","8":"pa_tur-kitap","9":"pa_yayinevi-mundi","10":"pa_yazar-gulsen-manisali","12":"first","13":"instock","14":"sale","15":"shipping-taxable","16":"purchasable","17":"product-type-simple"},"_links":{"self":[{"href":"https:\/\/roveyayinevi.com.tr\/index.php\/wp-json\/wp\/v2\/product\/739136","targetHints":{"allow":["GET"]}}],"collection":[{"href":"https:\/\/roveyayinevi.com.tr\/index.php\/wp-json\/wp\/v2\/product"}],"about":[{"href":"https:\/\/roveyayinevi.com.tr\/index.php\/wp-json\/wp\/v2\/types\/product"}],"wp:attachment":[{"href":"https:\/\/roveyayinevi.com.tr\/index.php\/wp-json\/wp\/v2\/media?parent=739136"}],"wp:term":[{"taxonomy":"product_brand","embeddable":true,"href":"https:\/\/roveyayinevi.com.tr\/index.php\/wp-json\/wp\/v2\/product_brand?post=739136"},{"taxonomy":"product_cat","embeddable":true,"href":"https:\/\/roveyayinevi.com.tr\/index.php\/wp-json\/wp\/v2\/product_cat?post=739136"},{"taxonomy":"product_tag","embeddable":true,"href":"https:\/\/roveyayinevi.com.tr\/index.php\/wp-json\/wp\/v2\/product_tag?post=739136"}],"curies":[{"name":"wp","href":"https:\/\/api.w.org\/{rel}","templated":true}]}}