{"id":739135,"date":"2025-08-28T00:04:50","date_gmt":"2025-08-27T21:04:50","guid":{"rendered":"https:\/\/roveyayinevi.com.tr\/index.php\/urun\/80-gunde-devrialem-4\/"},"modified":"2026-04-16T02:49:29","modified_gmt":"2026-04-15T23:49:29","slug":"80-gunde-devrialem-4","status":"publish","type":"product","link":"https:\/\/roveyayinevi.com.tr\/index.php\/urun\/80-gunde-devrialem-4\/","title":{"rendered":"80 G\u00fcnde Devrialem"},"content":{"rendered":"<p>Phileas Fogg, son derece dakik bir insand\u0131. Asla acele etmez, her ad\u0131m\u0131n\u0131 hesaplar ve hep en pratik yolu se\u00e7erdi. Reform Kul\u00fcb\u00fc\u2019ndeki arkada\u015flar\u0131yla sadece seksen g\u00fcnde d\u00fcnyay\u0131 dola\u015fabilece\u011fine dair servetinin yar\u0131s\u0131 \u00fczerine bahse girince t\u00fcm hayat\u0131 de\u011fi\u015fti.   Fogg ba\u015flamak \u00fczere oldu\u011fu destans\u0131 seyahat hakk\u0131nda \u00e7ok az \u015fey biliyordu. Tek bildi\u011fi sad\u0131k hizmetk\u00e2r\u0131 Passepartout\u2019yla kimi zaman bir filin s\u0131rt\u0131nda, bazen bir trenin kompart\u0131man\u0131nda, belki de buharl\u0131 bir geminin g\u00fcvertesinde bu yolculu\u011fu tamamlamaya \u00e7al\u0131\u015facaklar\u0131yd\u0131.<\/p>\n","protected":false},"excerpt":{"rendered":"<p>Phileas Fogg, son derece dakik bir insand\u0131. Asla acele etmez, her ad\u0131m\u0131n\u0131 hesaplar ve hep en pratik yolu se\u00e7erdi. Reform Kul\u00fcb\u00fc\u2019ndeki arkada\u015flar\u0131yla sadece seksen g\u00fcnde d\u00fcnyay\u0131<span class=\"excerpt-hellip\"> [\u2026]<\/span><\/p>\n","protected":false},"featured_media":0,"template":"","meta":{"_monsterinsights_skip_tracking":false,"_monsterinsights_sitenote_active":false,"_monsterinsights_sitenote_note":"","_monsterinsights_sitenote_category":0},"product_brand":[],"product_cat":[12274,12284],"product_tag":[],"class_list":{"0":"post-739135","1":"product","2":"type-product","3":"status-publish","5":"product_cat-cocuk-ve-genclik-kitaplari","6":"product_cat-hikayeler","7":"pa_cilt-ciltsiz","8":"pa_tur-kitap","9":"pa_yayinevi-mundi","10":"pa_yazar-jules-verne","12":"first","13":"instock","14":"sale","15":"shipping-taxable","16":"purchasable","17":"product-type-simple"},"_links":{"self":[{"href":"https:\/\/roveyayinevi.com.tr\/index.php\/wp-json\/wp\/v2\/product\/739135","targetHints":{"allow":["GET"]}}],"collection":[{"href":"https:\/\/roveyayinevi.com.tr\/index.php\/wp-json\/wp\/v2\/product"}],"about":[{"href":"https:\/\/roveyayinevi.com.tr\/index.php\/wp-json\/wp\/v2\/types\/product"}],"wp:attachment":[{"href":"https:\/\/roveyayinevi.com.tr\/index.php\/wp-json\/wp\/v2\/media?parent=739135"}],"wp:term":[{"taxonomy":"product_brand","embeddable":true,"href":"https:\/\/roveyayinevi.com.tr\/index.php\/wp-json\/wp\/v2\/product_brand?post=739135"},{"taxonomy":"product_cat","embeddable":true,"href":"https:\/\/roveyayinevi.com.tr\/index.php\/wp-json\/wp\/v2\/product_cat?post=739135"},{"taxonomy":"product_tag","embeddable":true,"href":"https:\/\/roveyayinevi.com.tr\/index.php\/wp-json\/wp\/v2\/product_tag?post=739135"}],"curies":[{"name":"wp","href":"https:\/\/api.w.org\/{rel}","templated":true}]}}