{"id":739134,"date":"2025-08-28T00:04:49","date_gmt":"2025-08-27T21:04:49","guid":{"rendered":"https:\/\/roveyayinevi.com.tr\/index.php\/urun\/incir-cekirdegi-yanigi\/"},"modified":"2026-04-16T02:49:29","modified_gmt":"2026-04-15T23:49:29","slug":"incir-cekirdegi-yanigi","status":"publish","type":"product","link":"https:\/\/roveyayinevi.com.tr\/index.php\/urun\/incir-cekirdegi-yanigi\/","title":{"rendered":"\u0130ncir \u00c7ekirde\u011fi Yan\u0131\u011f\u0131"},"content":{"rendered":"<p>\u015eiir Erk\u00f6k Y\u0131lmaz, alt\u0131nc\u0131 \u00f6yk\u00fc kitab\u0131 \u0130ncir \u00c7ekirde\u011fi Yan\u0131\u011f\u0131\u2019nda kimi zaman s\u00fcrreel kimi zaman somut \u00f6yk\u00fclerinde, \u00f6zg\u00fcn anlat\u0131m dilini yine koruyor, sadece \u00f6yk\u00fc tad\u0131n\u0131 de\u011fil hicvin, ironinin ger\u00e7ek de\u011ferini de a\u00e7\u0131\u011fa \u00e7\u0131kar\u0131yor: \u00f6yk\u00fcn\u00fcn ger\u00e7ekli\u011fi yazar\u0131n\u0131n aram\u0131zda dola\u015ft\u0131\u011f\u0131 ger\u00e7e\u011fiyle peki\u015fiyor. Okuruyla aras\u0131ndaki mesafeyi neredeyse s\u0131f\u0131rlayan, deyim yerindeyse \u015fimdi burada yaz\u0131lan \u00f6yk\u00fclerin, yazar\u0131n\u0131n sesinden birebir canl\u0131 anlat\u0131m\u0131n\u0131 duyuyoruz. \u0130ncir \u00c7ekirde\u011fi Yan\u0131\u011f\u0131 g\u00fcr\u00fclt\u00fcs\u00fcz pat\u0131rt\u0131s\u0131z, inceden inceye, damardan i\u015fleyen \u00f6yk\u00fcleriyle, izinden hi\u00e7 \u015fik\u00e2yet\u00e7i olunmayacak bir yan\u0131kla kendini okuruna b\u0131rak\u0131yor.<\/p>\n","protected":false},"excerpt":{"rendered":"<p>\u015eiir Erk\u00f6k Y\u0131lmaz, alt\u0131nc\u0131 \u00f6yk\u00fc kitab\u0131 \u0130ncir \u00c7ekirde\u011fi Yan\u0131\u011f\u0131\u2019nda kimi zaman s\u00fcrreel kimi zaman somut \u00f6yk\u00fclerinde, \u00f6zg\u00fcn anlat\u0131m dilini yine koruyor, sadece \u00f6yk\u00fc tad\u0131n\u0131 de\u011fil hicvin,<span class=\"excerpt-hellip\"> [\u2026]<\/span><\/p>\n","protected":false},"featured_media":0,"template":"","meta":{"_monsterinsights_skip_tracking":false,"_monsterinsights_sitenote_active":false,"_monsterinsights_sitenote_note":"","_monsterinsights_sitenote_category":0},"product_brand":[],"product_cat":[12291,12711],"product_tag":[],"class_list":{"0":"post-739134","1":"product","2":"type-product","3":"status-publish","5":"product_cat-edebiyat","6":"product_cat-roman-oyku","7":"pa_cilt-ciltsiz","8":"pa_tur-kitap","9":"pa_yayinevi-yapi-kredi-yayinlari","10":"pa_yazar-siir-erkok-yilmaz","12":"first","13":"instock","14":"sale","15":"shipping-taxable","16":"purchasable","17":"product-type-simple"},"_links":{"self":[{"href":"https:\/\/roveyayinevi.com.tr\/index.php\/wp-json\/wp\/v2\/product\/739134","targetHints":{"allow":["GET"]}}],"collection":[{"href":"https:\/\/roveyayinevi.com.tr\/index.php\/wp-json\/wp\/v2\/product"}],"about":[{"href":"https:\/\/roveyayinevi.com.tr\/index.php\/wp-json\/wp\/v2\/types\/product"}],"wp:attachment":[{"href":"https:\/\/roveyayinevi.com.tr\/index.php\/wp-json\/wp\/v2\/media?parent=739134"}],"wp:term":[{"taxonomy":"product_brand","embeddable":true,"href":"https:\/\/roveyayinevi.com.tr\/index.php\/wp-json\/wp\/v2\/product_brand?post=739134"},{"taxonomy":"product_cat","embeddable":true,"href":"https:\/\/roveyayinevi.com.tr\/index.php\/wp-json\/wp\/v2\/product_cat?post=739134"},{"taxonomy":"product_tag","embeddable":true,"href":"https:\/\/roveyayinevi.com.tr\/index.php\/wp-json\/wp\/v2\/product_tag?post=739134"}],"curies":[{"name":"wp","href":"https:\/\/api.w.org\/{rel}","templated":true}]}}