{"id":739133,"date":"2025-08-28T00:04:48","date_gmt":"2025-08-27T21:04:48","guid":{"rendered":"https:\/\/roveyayinevi.com.tr\/index.php\/urun\/uyanis-aci-ile-baslar\/"},"modified":"2026-04-16T02:49:29","modified_gmt":"2026-04-15T23:49:29","slug":"uyanis-aci-ile-baslar","status":"publish","type":"product","link":"https:\/\/roveyayinevi.com.tr\/index.php\/urun\/uyanis-aci-ile-baslar\/","title":{"rendered":"Uyan\u0131\u015f Ac\u0131 ile Ba\u015flar"},"content":{"rendered":"<p>\u201cACI, H\u0130\u00c7 BEKLEMED\u0130\u011e\u0130M\u0130Z YERDE SUNAR \u015e\u0130FALI G\u00dcC\u00dcN\u00dc.\u201d \u2013 HEIDEGGER   Bu hayat\u0131 hakk\u0131yla ya\u015famak i\u00e7in hakikatine uyanmak gerekiyor. \u201cUyan\u0131\u015f\u201d\u0131n ac\u0131yla ger\u00e7ekle\u015fmesi ise t\u00fcm \u00f6\u011fretilerin temeli&#8230; Kabala, Tasavvuf, Budizm ve daha nice \u00f6\u011freti ac\u0131n\u0131n nas\u0131l d\u00f6n\u00fc\u015ft\u00fcr\u00fclece\u011finin ve ki\u015fiyi hakikate nas\u0131l ula\u015ft\u0131raca\u011f\u0131n\u0131n evrensel bilgisini veriyor. Bu kitapta, evrensel \u00f6\u011fretilerden biri olan Kabala inanc\u0131n\u0131n en anla\u015f\u0131labilir haliyle tan\u0131\u015facaks\u0131n\u0131z. Uyand\u0131ran ac\u0131n\u0131n nas\u0131l \u00e7ekilece\u011finin, nas\u0131l d\u00f6n\u00fc\u015ft\u00fcr\u00fclebilece\u011finin ve ac\u0131n\u0131n hayata nas\u0131l k\u00f6pr\u00fc yap\u0131laca\u011f\u0131n\u0131n yolunu g\u00f6receksiniz. G\u00fcnl\u00fck hayatta da kolayca ger\u00e7ekle\u015ftirilebilecek uygulamalar\u0131n i\u00e7inde yer ald\u0131\u011f\u0131 bu kitap, gerek kadim bilgiler i\u00e7eren \u015fifal\u0131 m\u00fch\u00fcrlerle, gerek \u015fifal\u0131 ta\u015flarla, uyan\u0131\u015f yolculu\u011funuzu kolayla\u015ft\u0131racak. <\/p>\n","protected":false},"excerpt":{"rendered":"<p>\u201cACI, H\u0130\u00c7 BEKLEMED\u0130\u011e\u0130M\u0130Z YERDE SUNAR \u015e\u0130FALI G\u00dcC\u00dcN\u00dc.\u201d \u2013 HEIDEGGER Bu hayat\u0131 hakk\u0131yla ya\u015famak i\u00e7in hakikatine uyanmak gerekiyor. \u201cUyan\u0131\u015f\u201d\u0131n ac\u0131yla ger\u00e7ekle\u015fmesi ise t\u00fcm \u00f6\u011fretilerin temeli&#8230; Kabala, Tasavvuf,<span class=\"excerpt-hellip\"> [\u2026]<\/span><\/p>\n","protected":false},"featured_media":0,"template":"","meta":{"_monsterinsights_skip_tracking":false,"_monsterinsights_sitenote_active":false,"_monsterinsights_sitenote_note":"","_monsterinsights_sitenote_category":0},"product_brand":[],"product_cat":[12364,12376],"product_tag":[],"class_list":{"0":"post-739133","1":"product","2":"type-product","3":"status-publish","5":"product_cat-genel-konular","6":"product_cat-kisisel-gelisim","7":"pa_cilt-ciltsiz","8":"pa_tur-kitap","9":"pa_yayinevi-destek-yayinlari","10":"pa_yazar-tuna-kamhi","12":"first","13":"instock","14":"sale","15":"shipping-taxable","16":"purchasable","17":"product-type-simple"},"_links":{"self":[{"href":"https:\/\/roveyayinevi.com.tr\/index.php\/wp-json\/wp\/v2\/product\/739133","targetHints":{"allow":["GET"]}}],"collection":[{"href":"https:\/\/roveyayinevi.com.tr\/index.php\/wp-json\/wp\/v2\/product"}],"about":[{"href":"https:\/\/roveyayinevi.com.tr\/index.php\/wp-json\/wp\/v2\/types\/product"}],"wp:attachment":[{"href":"https:\/\/roveyayinevi.com.tr\/index.php\/wp-json\/wp\/v2\/media?parent=739133"}],"wp:term":[{"taxonomy":"product_brand","embeddable":true,"href":"https:\/\/roveyayinevi.com.tr\/index.php\/wp-json\/wp\/v2\/product_brand?post=739133"},{"taxonomy":"product_cat","embeddable":true,"href":"https:\/\/roveyayinevi.com.tr\/index.php\/wp-json\/wp\/v2\/product_cat?post=739133"},{"taxonomy":"product_tag","embeddable":true,"href":"https:\/\/roveyayinevi.com.tr\/index.php\/wp-json\/wp\/v2\/product_tag?post=739133"}],"curies":[{"name":"wp","href":"https:\/\/api.w.org\/{rel}","templated":true}]}}