{"id":739132,"date":"2025-08-28T00:04:47","date_gmt":"2025-08-27T21:04:47","guid":{"rendered":"https:\/\/roveyayinevi.com.tr\/index.php\/urun\/seni-yoran-her-seyi-birak\/"},"modified":"2026-04-16T02:49:29","modified_gmt":"2026-04-15T23:49:29","slug":"seni-yoran-her-seyi-birak","status":"publish","type":"product","link":"https:\/\/roveyayinevi.com.tr\/index.php\/urun\/seni-yoran-her-seyi-birak\/","title":{"rendered":"Seni Yoran Her \u015eeyi B\u0131rak"},"content":{"rendered":"<p>K\u0130MSEN\u0130N HAYAL\u0130NDEK\u0130 \u0130NSAN OLMAK ZORUNDA DE\u011e\u0130LS\u0130N\u0130Z. Duygular\u0131ndan ve tepkilerinden \u015f\u00fcphe mi ediyorsun? Kendini \u00e7o\u011fu zaman su\u00e7lu ve eksik mi hissediyorsun? Kararlar\u0131n\u0131 ve olaylar\u0131 alg\u0131lama \u015feklini sorguluyor musun? \u0130li\u015fkini kaybetme korkusu ya\u015f\u0131yor musun? Hep \u00f6z\u00fcr dileyen ve kendini a\u00e7\u0131klamaya \u00e7al\u0131\u015fan taraf m\u0131s\u0131n? \u00d6zg\u00fcvenin giderek azal\u0131yor mu? S\u00fcrekli endi\u015feli misin? \u201cBen b\u00f6yle de\u011fildim, ne oldu bana?\u201d diye d\u00fc\u015f\u00fcn\u00fcyor musun? G\u00fc\u00e7s\u00fcz ve yaln\u0131z m\u0131 hissediyorsun? Olay mahallinde yaln\u0131z de\u011filsin. Biri seni b\u00f6yle oldu\u011funa ikna etmeyi ba\u015farm\u0131\u015ft\u0131r. Hayat\u0131n\u0131n en g\u00fc\u00e7l\u00fc oldu\u011fun alanlar\u0131nda duygusal manip\u00fclasyona maruz kald\u0131\u011f\u0131n\u0131n fark\u0131nda bile de\u011filsin. Su\u00e7lular\u0131 uzakta arama, manip\u00fclat\u00f6rler cinayet mahallinde dola\u015fan katiller gibi en yak\u0131n\u0131ndakilerdir hatta en sevdiklerin&#8230; Bu kitap maruz kald\u0131\u011f\u0131n duygusal manip\u00fclasyonlar\u0131 fark etmeni, kendini koruman\u0131 ve s\u00fcreci g\u00fc\u00e7l\u00fc bi\u00e7imde y\u00f6netmeni sa\u011flayacak, seni yoran her \u015feyden kurtulman\u0131n kap\u0131lar\u0131n\u0131 a\u00e7acakt\u0131r. <\/p>\n","protected":false},"excerpt":{"rendered":"<p>K\u0130MSEN\u0130N HAYAL\u0130NDEK\u0130 \u0130NSAN OLMAK ZORUNDA DE\u011e\u0130LS\u0130N\u0130Z. Duygular\u0131ndan ve tepkilerinden \u015f\u00fcphe mi ediyorsun? Kendini \u00e7o\u011fu zaman su\u00e7lu ve eksik mi hissediyorsun? Kararlar\u0131n\u0131 ve olaylar\u0131 alg\u0131lama \u015feklini sorguluyor<span class=\"excerpt-hellip\"> [\u2026]<\/span><\/p>\n","protected":false},"featured_media":0,"template":"","meta":{"_monsterinsights_skip_tracking":false,"_monsterinsights_sitenote_active":false,"_monsterinsights_sitenote_note":"","_monsterinsights_sitenote_category":0},"product_brand":[],"product_cat":[13835],"product_tag":[],"class_list":{"0":"post-739132","1":"product","2":"type-product","3":"status-publish","5":"product_cat-cok-satanlar","6":"pa_cilt-ciltsiz","7":"pa_tur-kitap","8":"pa_yayinevi-destek-yayinlari","9":"pa_yazar-muthis-psikoloji","11":"first","12":"instock","13":"sale","14":"shipping-taxable","15":"purchasable","16":"product-type-simple"},"_links":{"self":[{"href":"https:\/\/roveyayinevi.com.tr\/index.php\/wp-json\/wp\/v2\/product\/739132","targetHints":{"allow":["GET"]}}],"collection":[{"href":"https:\/\/roveyayinevi.com.tr\/index.php\/wp-json\/wp\/v2\/product"}],"about":[{"href":"https:\/\/roveyayinevi.com.tr\/index.php\/wp-json\/wp\/v2\/types\/product"}],"wp:attachment":[{"href":"https:\/\/roveyayinevi.com.tr\/index.php\/wp-json\/wp\/v2\/media?parent=739132"}],"wp:term":[{"taxonomy":"product_brand","embeddable":true,"href":"https:\/\/roveyayinevi.com.tr\/index.php\/wp-json\/wp\/v2\/product_brand?post=739132"},{"taxonomy":"product_cat","embeddable":true,"href":"https:\/\/roveyayinevi.com.tr\/index.php\/wp-json\/wp\/v2\/product_cat?post=739132"},{"taxonomy":"product_tag","embeddable":true,"href":"https:\/\/roveyayinevi.com.tr\/index.php\/wp-json\/wp\/v2\/product_tag?post=739132"}],"curies":[{"name":"wp","href":"https:\/\/api.w.org\/{rel}","templated":true}]}}