{"id":739131,"date":"2025-08-28T00:04:46","date_gmt":"2025-08-27T21:04:46","guid":{"rendered":"https:\/\/roveyayinevi.com.tr\/index.php\/urun\/horimiya-horisan-ile-miyamurakun-2-cilt\/"},"modified":"2026-04-16T02:49:29","modified_gmt":"2026-04-15T23:49:29","slug":"horimiya-horisan-ile-miyamurakun-2-cilt","status":"publish","type":"product","link":"https:\/\/roveyayinevi.com.tr\/index.php\/urun\/horimiya-horisan-ile-miyamurakun-2-cilt\/","title":{"rendered":"Horimiya Horisan ile Miyamurakun 2. Cilt"},"content":{"rendered":"<p>Horisan ile Miyamurakun\u2019un etkileyici hik\u00e2yesi devam ediyor!   Hori ve Miyamura birbirlerinden tamamen farkl\u0131lar, onlar i\u00e7in neredeyse iki z\u0131t kutup diyebiliriz. Zeki ve yetenekli Hori her zaman ilgi oda\u011f\u0131, etraf\u0131 s\u0131n\u0131f arkada\u015flar\u0131yla \u00e7evrili daima. \u00d6te yandan Miyamura ise i\u00e7e kapan\u0131k ve yaln\u0131z, g\u00fcn\u00fc kimse taraf\u0131ndan fark edilmeden ya da kimseyle temas etmeden atlatabilme tela\u015f\u0131nda!   Ama bu iki z\u0131t karakter s\u0131rlar\u0131n\u0131 payla\u015fmaya ba\u015flad\u0131\u011f\u0131ndan beri, kendilerini yava\u015f yava\u015f birbirlerinin y\u00f6r\u00fcngesine \u00e7ekilirken buluyor, aralar\u0131ndaki mesafe de git gide azal\u0131yor&#8230;   Okul hayat\u0131, arkada\u015fl\u0131klar ve kendini ke\u015ffetme hakk\u0131nda ilham verici hik\u00e2yesiyle Horimiya sizi etkisi alt\u0131na alacak! <\/p>\n","protected":false},"excerpt":{"rendered":"<p>Horisan ile Miyamurakun\u2019un etkileyici hik\u00e2yesi devam ediyor! Hori ve Miyamura birbirlerinden tamamen farkl\u0131lar, onlar i\u00e7in neredeyse iki z\u0131t kutup diyebiliriz. Zeki ve yetenekli Hori her zaman<span class=\"excerpt-hellip\"> [\u2026]<\/span><\/p>\n","protected":false},"featured_media":0,"template":"","meta":{"_monsterinsights_skip_tracking":false,"_monsterinsights_sitenote_active":false,"_monsterinsights_sitenote_note":"","_monsterinsights_sitenote_category":0},"product_brand":[],"product_cat":[12291,12711],"product_tag":[],"class_list":{"0":"post-739131","1":"product","2":"type-product","3":"status-publish","5":"product_cat-edebiyat","6":"product_cat-roman-oyku","7":"pa_cilt-ciltsiz","8":"pa_tur-kitap","9":"pa_yayinevi-akil-celen-kitaplar","10":"pa_yazar-hero","12":"first","13":"instock","14":"sale","15":"shipping-taxable","16":"purchasable","17":"product-type-simple"},"_links":{"self":[{"href":"https:\/\/roveyayinevi.com.tr\/index.php\/wp-json\/wp\/v2\/product\/739131","targetHints":{"allow":["GET"]}}],"collection":[{"href":"https:\/\/roveyayinevi.com.tr\/index.php\/wp-json\/wp\/v2\/product"}],"about":[{"href":"https:\/\/roveyayinevi.com.tr\/index.php\/wp-json\/wp\/v2\/types\/product"}],"wp:attachment":[{"href":"https:\/\/roveyayinevi.com.tr\/index.php\/wp-json\/wp\/v2\/media?parent=739131"}],"wp:term":[{"taxonomy":"product_brand","embeddable":true,"href":"https:\/\/roveyayinevi.com.tr\/index.php\/wp-json\/wp\/v2\/product_brand?post=739131"},{"taxonomy":"product_cat","embeddable":true,"href":"https:\/\/roveyayinevi.com.tr\/index.php\/wp-json\/wp\/v2\/product_cat?post=739131"},{"taxonomy":"product_tag","embeddable":true,"href":"https:\/\/roveyayinevi.com.tr\/index.php\/wp-json\/wp\/v2\/product_tag?post=739131"}],"curies":[{"name":"wp","href":"https:\/\/api.w.org\/{rel}","templated":true}]}}