{"id":739129,"date":"2025-08-28T00:04:44","date_gmt":"2025-08-27T21:04:44","guid":{"rendered":"https:\/\/roveyayinevi.com.tr\/index.php\/urun\/engelleme-catisma-ve-savunma\/"},"modified":"2026-04-16T02:49:29","modified_gmt":"2026-04-15T23:49:29","slug":"engelleme-catisma-ve-savunma","status":"publish","type":"product","link":"https:\/\/roveyayinevi.com.tr\/index.php\/urun\/engelleme-catisma-ve-savunma\/","title":{"rendered":"Engelleme, \u00c7at\u0131\u015fma Ve Savunma"},"content":{"rendered":"<p>Otuzun \u00fczerinde kitab\u0131n yazar\u0131 ve edit\u00f6r\u00fc olan Turhan Y\u00f6r\u00fck\u00e2n, bu eserinde, benimsedi\u011fi dinamik yakla\u015f\u0131ma ba\u011fl\u0131 kalarak, engelleme, \u00e7at\u0131\u015fma, sald\u0131rganl\u0131k, sald\u0131rganl\u0131kta yer de\u011fi\u015ftirme, \u00f6\u011frenilmi\u015f \u00e7aresizlik ve nevrozluk denen s\u00fcre\u00e7leri tarih\u00ee olu\u015fumu i\u00e7erisinde, bir irdelemeye t\u00e2bi tutmaktad\u0131r.   \u0130nsano\u011flu, Savunma Mekanizmalar\u0131 ve Ba\u015fa \u00c7\u0131kma Stratejileri denen bu ve benzeri s\u00fcre\u00e7leri, \u00e7ocukluk hayat\u0131ndan bu yana, hayat\u0131n\u0131n hemen her safhas\u0131nda bilin\u00e7siz, yar\u0131 bilin\u00e7li ve bilin\u00e7li olarak kullanmaya \u00e7al\u0131\u015fm\u0131\u015ft\u0131r. Bireysel olarak, ger\u00e7ek olandan ka\u00e7mak veya korunmak i\u00e7in ger\u00e7e\u011fi bask\u0131 alt\u0131na almaya (repression); kendisini rahats\u0131z eden bir olayla kar\u015f\u0131la\u015ft\u0131\u011f\u0131 zaman onu ink\u00e2r etmeye (denial); ger\u00e7e\u011fi kendisinin kabul edebilece\u011fi bir \u015fekle sokmaya (reaction formation), hatt\u00e2 tersine \u00e7evirmeye (reversal); hedefini ve yerini de\u011fi\u015ftirmeye (displacement) \u00e7al\u0131\u015fm\u0131\u015ft\u0131r. Sosyolojik ve sosyal psikolojik olarak ise, politik se\u00e7imler dahil olmak \u00fczere, etnik, din\u00ee ve ideolojik ama\u00e7lar\u0131 u\u011fruna bu mekanizmalar\u0131 kullanm\u0131\u015f; akl\u00eele\u015ftirme, akla uygun h\u00e2le getirme (rationalization) denen bir savunma mekanizmas\u0131n\u0131 kullanmak suretiyle yapt\u0131klar\u0131n\u0131 hakl\u0131 \u00e7\u0131karmaya \u00e7al\u0131\u015fm\u0131\u015ft\u0131r.   Turhan Y\u00f6r\u00fck\u00e2n, b\u00fct\u00fcn bu konular\u0131 ve \u0131srar eden \u00e7at\u0131\u015fmal\u0131 ve nevrozlu\u011fa kap\u0131 a\u00e7an durumlar\u0131, bu s\u00fcre\u00e7lerin temelinde bulunan kavramsal yap\u0131 ve ili\u015fkileriyle teorik bir irdelemeye; sadece bireysel olan\u0131 de\u011fil, grup davran\u0131\u015f\u0131 niteli\u011finde olanlar da dahil olmak \u00fczere, sosyal psikolojik bir incelemeye t\u00e2bi tutarak okuyucusu ile payla\u015fmaya \u00e7al\u0131\u015fmaktad\u0131r. <\/p>\n","protected":false},"excerpt":{"rendered":"<p>Otuzun \u00fczerinde kitab\u0131n yazar\u0131 ve edit\u00f6r\u00fc olan Turhan Y\u00f6r\u00fck\u00e2n, bu eserinde, benimsedi\u011fi dinamik yakla\u015f\u0131ma ba\u011fl\u0131 kalarak, engelleme, \u00e7at\u0131\u015fma, sald\u0131rganl\u0131k, sald\u0131rganl\u0131kta yer de\u011fi\u015ftirme, \u00f6\u011frenilmi\u015f \u00e7aresizlik ve nevrozluk<span class=\"excerpt-hellip\"> [\u2026]<\/span><\/p>\n","protected":false},"featured_media":0,"template":"","meta":{"_monsterinsights_skip_tracking":false,"_monsterinsights_sitenote_active":false,"_monsterinsights_sitenote_note":"","_monsterinsights_sitenote_category":0},"product_brand":[],"product_cat":[12358,12357],"product_tag":[],"class_list":{"0":"post-739129","1":"product","2":"type-product","3":"status-publish","5":"product_cat-genel-psikoloji","6":"product_cat-psikoloji","7":"pa_cilt-ciltsiz","8":"pa_tur-kitap","9":"pa_yayinevi-dogu-bati-yayinlari","10":"pa_yazar-turhan-yorukan","12":"first","13":"instock","14":"sale","15":"shipping-taxable","16":"purchasable","17":"product-type-simple"},"_links":{"self":[{"href":"https:\/\/roveyayinevi.com.tr\/index.php\/wp-json\/wp\/v2\/product\/739129","targetHints":{"allow":["GET"]}}],"collection":[{"href":"https:\/\/roveyayinevi.com.tr\/index.php\/wp-json\/wp\/v2\/product"}],"about":[{"href":"https:\/\/roveyayinevi.com.tr\/index.php\/wp-json\/wp\/v2\/types\/product"}],"wp:attachment":[{"href":"https:\/\/roveyayinevi.com.tr\/index.php\/wp-json\/wp\/v2\/media?parent=739129"}],"wp:term":[{"taxonomy":"product_brand","embeddable":true,"href":"https:\/\/roveyayinevi.com.tr\/index.php\/wp-json\/wp\/v2\/product_brand?post=739129"},{"taxonomy":"product_cat","embeddable":true,"href":"https:\/\/roveyayinevi.com.tr\/index.php\/wp-json\/wp\/v2\/product_cat?post=739129"},{"taxonomy":"product_tag","embeddable":true,"href":"https:\/\/roveyayinevi.com.tr\/index.php\/wp-json\/wp\/v2\/product_tag?post=739129"}],"curies":[{"name":"wp","href":"https:\/\/api.w.org\/{rel}","templated":true}]}}