{"id":739126,"date":"2025-08-28T00:04:41","date_gmt":"2025-08-27T21:04:41","guid":{"rendered":"https:\/\/roveyayinevi.com.tr\/index.php\/urun\/eski-yunanda-bilim\/"},"modified":"2026-04-16T02:49:29","modified_gmt":"2026-04-15T23:49:29","slug":"eski-yunanda-bilim","status":"publish","type":"product","link":"https:\/\/roveyayinevi.com.tr\/index.php\/urun\/eski-yunanda-bilim\/","title":{"rendered":"Eski Yunan&#8217;da Bilim"},"content":{"rendered":"<p>G. E. R. Lloyd\u2019un Thales\u2019ten Aristoteles\u2019e Erken Yunan Bilimi ve Aristoteles Sonras\u0131 Yunan Bilimi ba\u015fl\u0131kl\u0131 iki ciltlik \u201cAntik K\u00fclt\u00fcr ve Toplum\u201d \u00e7al\u0131\u015fmas\u0131n\u0131 tek ciltte toplayan bu eser, Pisagorcular, Presokratik do\u011fa filozoflar\u0131, Hipokrat yazarlar\u0131 ve Platon arac\u0131l\u0131\u011f\u0131 ile M\u00d6 IV. y\u00fczy\u0131ldan kalma bilgi, belge ve bulgular \u0131\u015f\u0131\u011f\u0131nda erken Yunan biliminin derinliklerine iniyor, onun gizli kalm\u0131\u015f ve unutulmu\u015f s\u0131rlar\u0131n\u0131 g\u00fcn \u0131\u015f\u0131\u011f\u0131na \u00e7\u0131kar\u0131yor, \u00f6zellikle de pozitif bilimlerin ilk \u00e7i\u00e7eklendi\u011fi alan olan matemati\u011fin astronomi bilimine olan katk\u0131s\u0131n\u0131 a\u00e7\u0131klaman\u0131n yan\u0131 s\u0131ra t\u0131p ile felsefe aras\u0131ndaki ili\u015fkiyi sorguluyor. Lloyd ayr\u0131ca bilim ile felsefe ve bilim ile t\u0131p aras\u0131ndaki ili\u015fkileri de tart\u0131\u015f\u0131rken, erken d\u00f6nem Yunan biliminin sosyal ve ekonomik ortam\u0131n\u0131 ele alarak farkl\u0131 yazar gruplar\u0131n\u0131n g\u00fcd\u00fclerini ve fikirlerini de\u011ferlendiriyor. Eski Yunan\u2019da Bilim, sadece sosyal bilimlerle ilgilenen bilim insanlar\u0131n\u0131 ve serbest okuyucuyu de\u011fil, felsefe ve pozitif bilimlerle de ilgilenen herkesi bilimin ge\u00e7mi\u015fi ve ilk ayak izleri konusunda bilgilendiriyor.   <\/p>\n","protected":false},"excerpt":{"rendered":"<p>G. E. R. Lloyd\u2019un Thales\u2019ten Aristoteles\u2019e Erken Yunan Bilimi ve Aristoteles Sonras\u0131 Yunan Bilimi ba\u015fl\u0131kl\u0131 iki ciltlik \u201cAntik K\u00fclt\u00fcr ve Toplum\u201d \u00e7al\u0131\u015fmas\u0131n\u0131 tek ciltte toplayan bu<span class=\"excerpt-hellip\"> [\u2026]<\/span><\/p>\n","protected":false},"featured_media":0,"template":"","meta":{"_monsterinsights_skip_tracking":false,"_monsterinsights_sitenote_active":false,"_monsterinsights_sitenote_note":"","_monsterinsights_sitenote_category":0},"product_brand":[],"product_cat":[13005,13006],"product_tag":[],"class_list":{"0":"post-739126","1":"product","2":"type-product","3":"status-publish","5":"product_cat-bilim-muhendislik","6":"product_cat-populer-bilim","7":"pa_cilt-ciltsiz","8":"pa_tur-kitap","9":"pa_yayinevi-say-yayinlari","10":"pa_yazar-g-e-r-lloyd","12":"first","13":"instock","14":"sale","15":"shipping-taxable","16":"purchasable","17":"product-type-simple"},"_links":{"self":[{"href":"https:\/\/roveyayinevi.com.tr\/index.php\/wp-json\/wp\/v2\/product\/739126","targetHints":{"allow":["GET"]}}],"collection":[{"href":"https:\/\/roveyayinevi.com.tr\/index.php\/wp-json\/wp\/v2\/product"}],"about":[{"href":"https:\/\/roveyayinevi.com.tr\/index.php\/wp-json\/wp\/v2\/types\/product"}],"wp:attachment":[{"href":"https:\/\/roveyayinevi.com.tr\/index.php\/wp-json\/wp\/v2\/media?parent=739126"}],"wp:term":[{"taxonomy":"product_brand","embeddable":true,"href":"https:\/\/roveyayinevi.com.tr\/index.php\/wp-json\/wp\/v2\/product_brand?post=739126"},{"taxonomy":"product_cat","embeddable":true,"href":"https:\/\/roveyayinevi.com.tr\/index.php\/wp-json\/wp\/v2\/product_cat?post=739126"},{"taxonomy":"product_tag","embeddable":true,"href":"https:\/\/roveyayinevi.com.tr\/index.php\/wp-json\/wp\/v2\/product_tag?post=739126"}],"curies":[{"name":"wp","href":"https:\/\/api.w.org\/{rel}","templated":true}]}}