{"id":739124,"date":"2025-08-28T00:04:40","date_gmt":"2025-08-27T21:04:40","guid":{"rendered":"https:\/\/roveyayinevi.com.tr\/index.php\/urun\/vay-canina-fen-bilgisi\/"},"modified":"2026-04-06T13:10:08","modified_gmt":"2026-04-06T10:10:08","slug":"vay-canina-fen-bilgisi","status":"publish","type":"product","link":"https:\/\/roveyayinevi.com.tr\/index.php\/urun\/vay-canina-fen-bilgisi\/","title":{"rendered":"Vay Can\u0131na Fen Bilgisi"},"content":{"rendered":"<p>A\u011fz\u0131n\u0131zla ku\u015f tutabilir misiniz? D\u00fcnya ortadan ikiye b\u00f6l\u00fcnebilir mi? Peki pusula neden hep kuzeyi g\u00f6sterir? Gezegenler neden farkl\u0131 renkte g\u00f6r\u00fcn\u00fcr? Edison mu yoksa Tesla m\u0131 daha zeki? Bitkiler yer \u00e7ekimini hissedebilir mi? Mariana \u00c7ukuru\u2019na denizalt\u0131 ile inmek ister misiniz? \u0130nsanlar da fotosentez yapabilir mi? \u201cVay can\u0131na\u201d dedin de\u011fil mi? \u0130\u015fte hepsinin cevab\u0131 bu kitapta\u2026   DUYDUK DUYMADIK DEMEY\u0130\u0130\u0130\u0130\u0130N! BU KITABI OKURKEN G\u00dcLMEKTEN BAYILABILIRSINIZ.   <\/p>\n","protected":false},"excerpt":{"rendered":"<p>A\u011fz\u0131n\u0131zla ku\u015f tutabilir misiniz? D\u00fcnya ortadan ikiye b\u00f6l\u00fcnebilir mi? Peki pusula neden hep kuzeyi g\u00f6sterir? Gezegenler neden farkl\u0131 renkte g\u00f6r\u00fcn\u00fcr? Edison mu yoksa Tesla m\u0131 daha<span class=\"excerpt-hellip\"> [\u2026]<\/span><\/p>\n","protected":false},"featured_media":0,"template":"","meta":{"_monsterinsights_skip_tracking":false,"_monsterinsights_sitenote_active":false,"_monsterinsights_sitenote_note":"","_monsterinsights_sitenote_category":0},"product_brand":[],"product_cat":[12566,13473],"product_tag":[],"class_list":{"0":"post-739124","1":"product","2":"type-product","3":"status-publish","5":"product_cat-egitim","6":"product_cat-sinavlara-hazirlik-okula-yardimci-kaynaklar","7":"pa_cilt-ciltsiz","8":"pa_tur-kitap","9":"pa_yayinevi-nesil-genc","10":"pa_yazar-yusuf-asal","12":"first","13":"instock","14":"sale","15":"shipping-taxable","16":"purchasable","17":"product-type-simple"},"_links":{"self":[{"href":"https:\/\/roveyayinevi.com.tr\/index.php\/wp-json\/wp\/v2\/product\/739124","targetHints":{"allow":["GET"]}}],"collection":[{"href":"https:\/\/roveyayinevi.com.tr\/index.php\/wp-json\/wp\/v2\/product"}],"about":[{"href":"https:\/\/roveyayinevi.com.tr\/index.php\/wp-json\/wp\/v2\/types\/product"}],"wp:attachment":[{"href":"https:\/\/roveyayinevi.com.tr\/index.php\/wp-json\/wp\/v2\/media?parent=739124"}],"wp:term":[{"taxonomy":"product_brand","embeddable":true,"href":"https:\/\/roveyayinevi.com.tr\/index.php\/wp-json\/wp\/v2\/product_brand?post=739124"},{"taxonomy":"product_cat","embeddable":true,"href":"https:\/\/roveyayinevi.com.tr\/index.php\/wp-json\/wp\/v2\/product_cat?post=739124"},{"taxonomy":"product_tag","embeddable":true,"href":"https:\/\/roveyayinevi.com.tr\/index.php\/wp-json\/wp\/v2\/product_tag?post=739124"}],"curies":[{"name":"wp","href":"https:\/\/api.w.org\/{rel}","templated":true}]}}