{"id":739123,"date":"2025-08-28T00:04:39","date_gmt":"2025-08-27T21:04:39","guid":{"rendered":"https:\/\/roveyayinevi.com.tr\/index.php\/urun\/dimesk\/"},"modified":"2026-04-16T02:49:29","modified_gmt":"2026-04-15T23:49:29","slug":"dimesk","status":"publish","type":"product","link":"https:\/\/roveyayinevi.com.tr\/index.php\/urun\/dimesk\/","title":{"rendered":"Dime\u015fk"},"content":{"rendered":"<p>Ben Dime\u015fk. Kula\u011fa de\u011fi\u015fik geldi\u011fini biliyorum. Bizim oralarda herkesin bir vatan \u00f6zlemi vard\u0131r. En sevdiklerine en \u00f6zlediklerinin ismini verirler. Benim de annem \u00f6yle yapm\u0131\u015f. D\u00fcnyan\u0131n bile hen\u00fcz bilmedi\u011fi sakl\u0131 bir yurdun i\u00e7inde ya\u015f\u0131yorum. Buradan \u00e7\u0131kmak neredeyse imk\u00e2ns\u0131z. Ama benim bir g\u00f6revim var ve buradan \u00e7\u0131kmam gerekiyor. Bu \u00e7ok \u00f6nemli g\u00f6rev i\u00e7in sadece bana verilen \u00f6zel bir izinle yola \u00e7\u0131k\u0131yorum. Hi\u00e7 g\u00f6rmedi\u011fim d\u00fcnyan\u0131n geri kalan\u0131nda beni nelerin bekledi\u011fini de \u00e7ok merak ediyorum. Bir g\u00fcn bizim d\u00fcnyay\u0131 merak etti\u011fimiz gibi di\u011fer insanlar da bizi merak edecekler, biliyorum. O zaman geldi\u011finde birbirimize anlatacak \u00e7ok \u015feyimiz olacak. Ama herkesten \u00f6nce dinlemek istersen ne yapaca\u011f\u0131n\u0131 zaten biliyorsun&#8230;    <\/p>\n","protected":false},"excerpt":{"rendered":"<p>Ben Dime\u015fk. Kula\u011fa de\u011fi\u015fik geldi\u011fini biliyorum. Bizim oralarda herkesin bir vatan \u00f6zlemi vard\u0131r. En sevdiklerine en \u00f6zlediklerinin ismini verirler. Benim de annem \u00f6yle yapm\u0131\u015f. D\u00fcnyan\u0131n bile<span class=\"excerpt-hellip\"> [\u2026]<\/span><\/p>\n","protected":false},"featured_media":0,"template":"","meta":{"_monsterinsights_skip_tracking":false,"_monsterinsights_sitenote_active":false,"_monsterinsights_sitenote_note":"","_monsterinsights_sitenote_category":0},"product_brand":[],"product_cat":[12274,12284],"product_tag":[],"class_list":{"0":"post-739123","1":"product","2":"type-product","3":"status-publish","5":"product_cat-cocuk-ve-genclik-kitaplari","6":"product_cat-hikayeler","7":"pa_cilt-ciltsiz","8":"pa_tur-kitap","9":"pa_yayinevi-nesil-cocuk-yayinlari","10":"pa_yazar-hilal-ulug","12":"first","13":"instock","14":"sale","15":"shipping-taxable","16":"purchasable","17":"product-type-simple"},"_links":{"self":[{"href":"https:\/\/roveyayinevi.com.tr\/index.php\/wp-json\/wp\/v2\/product\/739123","targetHints":{"allow":["GET"]}}],"collection":[{"href":"https:\/\/roveyayinevi.com.tr\/index.php\/wp-json\/wp\/v2\/product"}],"about":[{"href":"https:\/\/roveyayinevi.com.tr\/index.php\/wp-json\/wp\/v2\/types\/product"}],"wp:attachment":[{"href":"https:\/\/roveyayinevi.com.tr\/index.php\/wp-json\/wp\/v2\/media?parent=739123"}],"wp:term":[{"taxonomy":"product_brand","embeddable":true,"href":"https:\/\/roveyayinevi.com.tr\/index.php\/wp-json\/wp\/v2\/product_brand?post=739123"},{"taxonomy":"product_cat","embeddable":true,"href":"https:\/\/roveyayinevi.com.tr\/index.php\/wp-json\/wp\/v2\/product_cat?post=739123"},{"taxonomy":"product_tag","embeddable":true,"href":"https:\/\/roveyayinevi.com.tr\/index.php\/wp-json\/wp\/v2\/product_tag?post=739123"}],"curies":[{"name":"wp","href":"https:\/\/api.w.org\/{rel}","templated":true}]}}