{"id":739122,"date":"2025-08-28T00:04:37","date_gmt":"2025-08-27T21:04:37","guid":{"rendered":"https:\/\/roveyayinevi.com.tr\/index.php\/urun\/bilge-dedem-ciltli\/"},"modified":"2026-04-16T02:49:29","modified_gmt":"2026-04-15T23:49:29","slug":"bilge-dedem-ciltli","status":"publish","type":"product","link":"https:\/\/roveyayinevi.com.tr\/index.php\/urun\/bilge-dedem-ciltli\/","title":{"rendered":"Bilge Dedem (Ciltli)"},"content":{"rendered":"<p>D\u00fc\u015f\u00fcnsene\u2026 Y\u00fczlerce y\u0131l \u00f6nce ya\u015fam\u0131\u015f,  \u00f6nemli bulu\u015flara imza atm\u0131\u015f ve ismi as\u0131rlar sonras\u0131na ula\u015fm\u0131\u015f b\u00fcy\u00fck b\u00fcy\u00fck deden sana mektup yazm\u0131\u015f! Uzay m\u00fchendisi olan Ali Ku\u015f\u00e7u, Ya\u015fad\u0131\u011f\u0131 y\u00fczy\u0131la \u201cBiruni Asr\u0131\u201d ad\u0131 verilen \u00fcnl\u00fc matematik\u00e7i Biruni, \u201cD\u00fcnya Gezgini\u201d olarak tan\u0131nan Evliya \u00c7elebi, D\u00fcnyan\u0131n ikinci \u00f6\u011fretmeni olarak kabul edilen Farabi, \u0130lk u\u00e7ak m\u00fchendisi olan Hezarfen Ahmet \u00c7elebi ve D\u00fcnyan\u0131n en \u00f6nemli tarih\u00e7i ve sosyologlar\u0131ndan olan \u0130bn-i Haldun, \u201cDoktorlar\u0131n Sultan\u0131\u201d ad\u0131yla me\u015fhur \u0130bn-i Sina, \u00dcnl\u00fc tarih\u00e7i K\u00e2tip \u00c7elebi, Asr\u0131na m\u00fchr\u00fcn\u00fc vurmu\u015f bir mimar olan Mimar Sinan, S\u00f6zleri ve \u015fiirleriyle d\u00fcnyaya mal olmu\u015f Mevlana, \u0130lk d\u00fcnya haritas\u0131n\u0131 \u00e7izen denizci Piri Reis ve \u00dcnl\u00fc \u015fair Yunus Emre\u2019den sana \u00f6zel yaz\u0131lm\u0131\u015f bir mektup var. Heyecan verici, de\u011fil mi?  Sana yaz\u0131lan bu mektuplar\u0131 okudu\u011funda hem dedelerinin \u00e7a\u011f\u0131na gidecek hem de nas\u0131l harika i\u015fler ba\u015fard\u0131klar\u0131n\u0131 \u00f6\u011freneceksin.<\/p>\n","protected":false},"excerpt":{"rendered":"<p>D\u00fc\u015f\u00fcnsene\u2026 Y\u00fczlerce y\u0131l \u00f6nce ya\u015fam\u0131\u015f, \u00f6nemli bulu\u015flara imza atm\u0131\u015f ve ismi as\u0131rlar sonras\u0131na ula\u015fm\u0131\u015f b\u00fcy\u00fck b\u00fcy\u00fck deden sana mektup yazm\u0131\u015f! Uzay m\u00fchendisi olan Ali Ku\u015f\u00e7u, Ya\u015fad\u0131\u011f\u0131<span class=\"excerpt-hellip\"> [\u2026]<\/span><\/p>\n","protected":false},"featured_media":0,"template":"","meta":{"_monsterinsights_skip_tracking":false,"_monsterinsights_sitenote_active":false,"_monsterinsights_sitenote_note":"","_monsterinsights_sitenote_category":0},"product_brand":[],"product_cat":[12274,12284],"product_tag":[],"class_list":{"0":"post-739122","1":"product","2":"type-product","3":"status-publish","5":"product_cat-cocuk-ve-genclik-kitaplari","6":"product_cat-hikayeler","7":"pa_cilt-ciltli","8":"pa_tur-kitap","9":"pa_yayinevi-nesil-cocuk-yayinlari","10":"pa_yazar-handan-yalvac-arici","12":"first","13":"instock","14":"sale","15":"shipping-taxable","16":"purchasable","17":"product-type-simple"},"_links":{"self":[{"href":"https:\/\/roveyayinevi.com.tr\/index.php\/wp-json\/wp\/v2\/product\/739122","targetHints":{"allow":["GET"]}}],"collection":[{"href":"https:\/\/roveyayinevi.com.tr\/index.php\/wp-json\/wp\/v2\/product"}],"about":[{"href":"https:\/\/roveyayinevi.com.tr\/index.php\/wp-json\/wp\/v2\/types\/product"}],"wp:attachment":[{"href":"https:\/\/roveyayinevi.com.tr\/index.php\/wp-json\/wp\/v2\/media?parent=739122"}],"wp:term":[{"taxonomy":"product_brand","embeddable":true,"href":"https:\/\/roveyayinevi.com.tr\/index.php\/wp-json\/wp\/v2\/product_brand?post=739122"},{"taxonomy":"product_cat","embeddable":true,"href":"https:\/\/roveyayinevi.com.tr\/index.php\/wp-json\/wp\/v2\/product_cat?post=739122"},{"taxonomy":"product_tag","embeddable":true,"href":"https:\/\/roveyayinevi.com.tr\/index.php\/wp-json\/wp\/v2\/product_tag?post=739122"}],"curies":[{"name":"wp","href":"https:\/\/api.w.org\/{rel}","templated":true}]}}