{"id":739121,"date":"2025-08-28T00:04:36","date_gmt":"2025-08-27T21:04:36","guid":{"rendered":"https:\/\/roveyayinevi.com.tr\/index.php\/urun\/celiski-bilmez-lezzetin-gecmis-zaman-maceralari\/"},"modified":"2026-04-16T02:49:29","modified_gmt":"2026-04-15T23:49:29","slug":"celiski-bilmez-lezzetin-gecmis-zaman-maceralari","status":"publish","type":"product","link":"https:\/\/roveyayinevi.com.tr\/index.php\/urun\/celiski-bilmez-lezzetin-gecmis-zaman-maceralari\/","title":{"rendered":"\u00c7eli\u015fki Bilmez Lezzet\u2019in Ge\u00e7mi\u015f Zaman Maceralar\u0131"},"content":{"rendered":"<p>Sen hi\u00e7 \u00e7eli\u015fki bilmeyen birini tan\u0131d\u0131n m\u0131?Hay\u0131r!\u0130\u015fte kar\u015f\u0131nda U\u011fur, daha do\u011frusu Lezzet.   Hemen her \u00f6\u011fretmenin, okul m\u00fcd\u00fcr\u00fcn\u00fcn maratona benzetti\u011fi hayat\u0131n hen\u00fcz ba\u015f\u0131nda biri Lezzet. Ba\u015fka bir deyi\u015fle; b\u00f6\u011f\u00fcrtlenli, limonlu, \u00e7ilekli, \u00e7ikolatal\u0131, vi\u015fneli, karamelli, karadutlu dondurmalardan hen\u00fcz tatmad\u0131, sadece vanilyal\u0131n\u0131n tad\u0131n\u0131 biliyor. Onunla tan\u0131\u015fmak i\u00e7in sayfalar\u0131 \u00e7evirmen yeterli.     \u00c7eli\u015fki Bilmez Lezzet\u2019in Ge\u00e7mi\u015f Zaman Maceralar\u0131 U\u011fur Vardan\u2019\u0131n \u00e7ocukluk an\u0131lar\u0131ndan yola \u00e7\u0131karak yazd\u0131\u011f\u0131 \u00f6yk\u00fclerden olu\u015fuyor. <\/p>\n","protected":false},"excerpt":{"rendered":"<p>Sen hi\u00e7 \u00e7eli\u015fki bilmeyen birini tan\u0131d\u0131n m\u0131?Hay\u0131r!\u0130\u015fte kar\u015f\u0131nda U\u011fur, daha do\u011frusu Lezzet. Hemen her \u00f6\u011fretmenin, okul m\u00fcd\u00fcr\u00fcn\u00fcn maratona benzetti\u011fi hayat\u0131n hen\u00fcz ba\u015f\u0131nda biri Lezzet. Ba\u015fka bir<span class=\"excerpt-hellip\"> [\u2026]<\/span><\/p>\n","protected":false},"featured_media":0,"template":"","meta":{"_monsterinsights_skip_tracking":false,"_monsterinsights_sitenote_active":false,"_monsterinsights_sitenote_note":"","_monsterinsights_sitenote_category":0},"product_brand":[],"product_cat":[12274,12284],"product_tag":[],"class_list":{"0":"post-739121","1":"product","2":"type-product","3":"status-publish","5":"product_cat-cocuk-ve-genclik-kitaplari","6":"product_cat-hikayeler","7":"pa_cilt-ciltsiz","8":"pa_tur-kitap","9":"pa_yayinevi-cinar-yayinlari","10":"pa_yazar-ugur-vardan","12":"first","13":"instock","14":"sale","15":"shipping-taxable","16":"purchasable","17":"product-type-simple"},"_links":{"self":[{"href":"https:\/\/roveyayinevi.com.tr\/index.php\/wp-json\/wp\/v2\/product\/739121","targetHints":{"allow":["GET"]}}],"collection":[{"href":"https:\/\/roveyayinevi.com.tr\/index.php\/wp-json\/wp\/v2\/product"}],"about":[{"href":"https:\/\/roveyayinevi.com.tr\/index.php\/wp-json\/wp\/v2\/types\/product"}],"wp:attachment":[{"href":"https:\/\/roveyayinevi.com.tr\/index.php\/wp-json\/wp\/v2\/media?parent=739121"}],"wp:term":[{"taxonomy":"product_brand","embeddable":true,"href":"https:\/\/roveyayinevi.com.tr\/index.php\/wp-json\/wp\/v2\/product_brand?post=739121"},{"taxonomy":"product_cat","embeddable":true,"href":"https:\/\/roveyayinevi.com.tr\/index.php\/wp-json\/wp\/v2\/product_cat?post=739121"},{"taxonomy":"product_tag","embeddable":true,"href":"https:\/\/roveyayinevi.com.tr\/index.php\/wp-json\/wp\/v2\/product_tag?post=739121"}],"curies":[{"name":"wp","href":"https:\/\/api.w.org\/{rel}","templated":true}]}}