{"id":739115,"date":"2025-08-28T00:04:30","date_gmt":"2025-08-27T21:04:30","guid":{"rendered":"https:\/\/roveyayinevi.com.tr\/index.php\/urun\/tematik-cikartmalarla-gelisim-serisi-badem-sekilleri-ogreniyor\/"},"modified":"2026-04-16T02:49:28","modified_gmt":"2026-04-15T23:49:28","slug":"tematik-cikartmalarla-gelisim-serisi-badem-sekilleri-ogreniyor","status":"publish","type":"product","link":"https:\/\/roveyayinevi.com.tr\/index.php\/urun\/tematik-cikartmalarla-gelisim-serisi-badem-sekilleri-ogreniyor\/","title":{"rendered":"Tematik \u00c7\u0131kartmalarla Geli\u015fim Serisi &#8211; Badem \u015eekilleri \u00d6\u011freniyor"},"content":{"rendered":"<p>Tematik \u00c7\u0131kartmalarla Geli\u015fim Serisi kitaplar\u0131 \u00e7ocu\u011funuzun ba\u015fucu kitaplar\u0131 olacak! Her sayfada \u00e7\u0131kartmalarla saymay\u0131, \u015fekilleri, renkleri, z\u0131t kavramlar\u0131 e\u011flenerek \u00f6\u011frenecek ve yavru hayvanlarla tan\u0131\u015facak. Tematik \u00e7\u0131kartmalarla geli\u015fim serisi ile \u00e7ocuklar \u00e7ok e\u011flenecek ve kaliteli zaman ge\u00e7irecek siz de Badem \u015eekilleri \u00d6\u011freniyor Geli\u015fim Serisi kitab\u0131na hemen sahip olabilirsiniz. <\/p>\n","protected":false},"excerpt":{"rendered":"<p>Tematik \u00c7\u0131kartmalarla Geli\u015fim Serisi kitaplar\u0131 \u00e7ocu\u011funuzun ba\u015fucu kitaplar\u0131 olacak! Her sayfada \u00e7\u0131kartmalarla saymay\u0131, \u015fekilleri, renkleri, z\u0131t kavramlar\u0131 e\u011flenerek \u00f6\u011frenecek ve yavru hayvanlarla tan\u0131\u015facak. Tematik \u00e7\u0131kartmalarla geli\u015fim<span class=\"excerpt-hellip\"> [\u2026]<\/span><\/p>\n","protected":false},"featured_media":0,"template":"","meta":{"_monsterinsights_skip_tracking":false,"_monsterinsights_sitenote_active":false,"_monsterinsights_sitenote_note":"","_monsterinsights_sitenote_category":0},"product_brand":[],"product_cat":[15192,12274],"product_tag":[],"class_list":{"0":"post-739115","1":"product","2":"type-product","3":"status-publish","5":"product_cat-1-3-yas-kitaplari","6":"product_cat-cocuk-ve-genclik-kitaplari","7":"pa_cilt-ciltsiz","8":"pa_tur-kitap","9":"pa_yayinevi-pembe-limon","10":"pa_yazar-pembe-limon-kolektif","12":"first","13":"instock","14":"sale","15":"shipping-taxable","16":"purchasable","17":"product-type-simple"},"_links":{"self":[{"href":"https:\/\/roveyayinevi.com.tr\/index.php\/wp-json\/wp\/v2\/product\/739115","targetHints":{"allow":["GET"]}}],"collection":[{"href":"https:\/\/roveyayinevi.com.tr\/index.php\/wp-json\/wp\/v2\/product"}],"about":[{"href":"https:\/\/roveyayinevi.com.tr\/index.php\/wp-json\/wp\/v2\/types\/product"}],"wp:attachment":[{"href":"https:\/\/roveyayinevi.com.tr\/index.php\/wp-json\/wp\/v2\/media?parent=739115"}],"wp:term":[{"taxonomy":"product_brand","embeddable":true,"href":"https:\/\/roveyayinevi.com.tr\/index.php\/wp-json\/wp\/v2\/product_brand?post=739115"},{"taxonomy":"product_cat","embeddable":true,"href":"https:\/\/roveyayinevi.com.tr\/index.php\/wp-json\/wp\/v2\/product_cat?post=739115"},{"taxonomy":"product_tag","embeddable":true,"href":"https:\/\/roveyayinevi.com.tr\/index.php\/wp-json\/wp\/v2\/product_tag?post=739115"}],"curies":[{"name":"wp","href":"https:\/\/api.w.org\/{rel}","templated":true}]}}