{"id":739112,"date":"2025-08-28T00:04:26","date_gmt":"2025-08-27T21:04:26","guid":{"rendered":"https:\/\/roveyayinevi.com.tr\/index.php\/urun\/tematik-cikartmalarla-gelisim-serisi-tarcin-arkadaslarini-taniyor\/"},"modified":"2026-04-08T02:57:25","modified_gmt":"2026-04-07T23:57:25","slug":"tematik-cikartmalarla-gelisim-serisi-tarcin-arkadaslarini-taniyor","status":"publish","type":"product","link":"https:\/\/roveyayinevi.com.tr\/index.php\/urun\/tematik-cikartmalarla-gelisim-serisi-tarcin-arkadaslarini-taniyor\/","title":{"rendered":"Tematik \u00c7\u0131kartmalarla Geli\u015fim Serisi &#8211; Tar\u00e7\u0131n Arkada\u015flar\u0131n\u0131 Tan\u0131yor"},"content":{"rendered":"<p>Tematik \u00c7\u0131kartmalarla Geli\u015fim Serisi &#8211; Tar\u00e7\u0131n Arkada\u015flar\u0131n\u0131 Tan\u0131yorTematik \u00c7\u0131kartmalarla Geli\u015fim Serisi kitaplar\u0131 \u00e7ocu\u011funuzun ba\u015f ucu kitaplar\u0131 olacak! Her sayfada \u00e7\u0131kartmalarla saymay\u0131, \u015fekilleri, renkleri, z\u0131t kavramlar\u0131 e\u011flenerek \u00f6\u011frenecek ve yavru hayvanlarla tan\u0131\u015facak.<\/p>\n","protected":false},"excerpt":{"rendered":"<p>Tematik \u00c7\u0131kartmalarla Geli\u015fim Serisi &#8211; Tar\u00e7\u0131n Arkada\u015flar\u0131n\u0131 Tan\u0131yorTematik \u00c7\u0131kartmalarla Geli\u015fim Serisi kitaplar\u0131 \u00e7ocu\u011funuzun ba\u015f ucu kitaplar\u0131 olacak! Her sayfada \u00e7\u0131kartmalarla saymay\u0131, \u015fekilleri, renkleri, z\u0131t kavramlar\u0131 e\u011flenerek<span class=\"excerpt-hellip\"> [\u2026]<\/span><\/p>\n","protected":false},"featured_media":0,"template":"","meta":{"_monsterinsights_skip_tracking":false,"_monsterinsights_sitenote_active":false,"_monsterinsights_sitenote_note":"","_monsterinsights_sitenote_category":0},"product_brand":[],"product_cat":[15192,12274],"product_tag":[],"class_list":{"0":"post-739112","1":"product","2":"type-product","3":"status-publish","5":"product_cat-1-3-yas-kitaplari","6":"product_cat-cocuk-ve-genclik-kitaplari","7":"pa_cilt-ciltsiz","8":"pa_tur-kitap","9":"pa_yayinevi-pembe-limon","10":"pa_yazar-pembe-limon-kolektif","12":"first","13":"instock","14":"sale","15":"shipping-taxable","16":"purchasable","17":"product-type-simple"},"_links":{"self":[{"href":"https:\/\/roveyayinevi.com.tr\/index.php\/wp-json\/wp\/v2\/product\/739112","targetHints":{"allow":["GET"]}}],"collection":[{"href":"https:\/\/roveyayinevi.com.tr\/index.php\/wp-json\/wp\/v2\/product"}],"about":[{"href":"https:\/\/roveyayinevi.com.tr\/index.php\/wp-json\/wp\/v2\/types\/product"}],"wp:attachment":[{"href":"https:\/\/roveyayinevi.com.tr\/index.php\/wp-json\/wp\/v2\/media?parent=739112"}],"wp:term":[{"taxonomy":"product_brand","embeddable":true,"href":"https:\/\/roveyayinevi.com.tr\/index.php\/wp-json\/wp\/v2\/product_brand?post=739112"},{"taxonomy":"product_cat","embeddable":true,"href":"https:\/\/roveyayinevi.com.tr\/index.php\/wp-json\/wp\/v2\/product_cat?post=739112"},{"taxonomy":"product_tag","embeddable":true,"href":"https:\/\/roveyayinevi.com.tr\/index.php\/wp-json\/wp\/v2\/product_tag?post=739112"}],"curies":[{"name":"wp","href":"https:\/\/api.w.org\/{rel}","templated":true}]}}