{"id":739110,"date":"2025-08-28T00:04:24","date_gmt":"2025-08-27T21:04:24","guid":{"rendered":"https:\/\/roveyayinevi.com.tr\/index.php\/urun\/cikartmali-yildiz-kitaplari-serisi-gizemli-yildizlar\/"},"modified":"2026-04-16T02:49:28","modified_gmt":"2026-04-15T23:49:28","slug":"cikartmali-yildiz-kitaplari-serisi-gizemli-yildizlar","status":"publish","type":"product","link":"https:\/\/roveyayinevi.com.tr\/index.php\/urun\/cikartmali-yildiz-kitaplari-serisi-gizemli-yildizlar\/","title":{"rendered":"\u00c7\u0131kartmal\u0131 Y\u0131ld\u0131z Kitaplar\u0131 Serisi &#8211; Gizemli Y\u0131ld\u0131zlar"},"content":{"rendered":"<p>\u00c7\u0131kartmal\u0131 Y\u0131ld\u0131z Kitaplar\u0131 Serisi &#8211; Gizemli Y\u0131ld\u0131zlarUzay, ola\u011fan\u00fcst\u00fc g\u00fczel ve gizemlerle dolu bir yer! Y\u0131ld\u0131z Kitaplar\u0131 serisi \u00e7ocu\u011funuzun uzay\u0131 daha iyi tan\u0131mas\u0131na yard\u0131mc\u0131 olur. \u0130lgin\u00e7 bilgiler ve canl\u0131 \u00e7izimler, \u00e7ocu\u011fun gezegenimizin d\u0131\u015f\u0131ndaki d\u00fcnyay\u0131 tan\u0131mas\u0131na katk\u0131 sa\u011flar. Bu kitaptaki \u00e7\u0131kartmalar, \u00e7ocu\u011fun mant\u0131k ve motor becerilerini geli\u015ftirir ve \u00f6\u011frenme s\u00fcrecini heyecan verici bir oyuna d\u00f6n\u00fc\u015ft\u00fcr\u00fcr. E\u011flenceye Devam!<\/p>\n","protected":false},"excerpt":{"rendered":"<p>\u00c7\u0131kartmal\u0131 Y\u0131ld\u0131z Kitaplar\u0131 Serisi &#8211; Gizemli Y\u0131ld\u0131zlarUzay, ola\u011fan\u00fcst\u00fc g\u00fczel ve gizemlerle dolu bir yer! Y\u0131ld\u0131z Kitaplar\u0131 serisi \u00e7ocu\u011funuzun uzay\u0131 daha iyi tan\u0131mas\u0131na yard\u0131mc\u0131 olur. \u0130lgin\u00e7 bilgiler<span class=\"excerpt-hellip\"> [\u2026]<\/span><\/p>\n","protected":false},"featured_media":0,"template":"","meta":{"_monsterinsights_skip_tracking":false,"_monsterinsights_sitenote_active":false,"_monsterinsights_sitenote_note":"","_monsterinsights_sitenote_category":0},"product_brand":[],"product_cat":[12913,12274],"product_tag":[],"class_list":{"0":"post-739110","1":"product","2":"type-product","3":"status-publish","5":"product_cat-3-6-yas-kitaplari","6":"product_cat-cocuk-ve-genclik-kitaplari","7":"pa_cilt-ciltsiz","8":"pa_tur-kitap","9":"pa_yayinevi-dikkat-atolyesi-yayinlari","10":"pa_yazar-dikkat-atolyesi-kolektif","12":"first","13":"instock","14":"sale","15":"shipping-taxable","16":"purchasable","17":"product-type-simple"},"_links":{"self":[{"href":"https:\/\/roveyayinevi.com.tr\/index.php\/wp-json\/wp\/v2\/product\/739110","targetHints":{"allow":["GET"]}}],"collection":[{"href":"https:\/\/roveyayinevi.com.tr\/index.php\/wp-json\/wp\/v2\/product"}],"about":[{"href":"https:\/\/roveyayinevi.com.tr\/index.php\/wp-json\/wp\/v2\/types\/product"}],"wp:attachment":[{"href":"https:\/\/roveyayinevi.com.tr\/index.php\/wp-json\/wp\/v2\/media?parent=739110"}],"wp:term":[{"taxonomy":"product_brand","embeddable":true,"href":"https:\/\/roveyayinevi.com.tr\/index.php\/wp-json\/wp\/v2\/product_brand?post=739110"},{"taxonomy":"product_cat","embeddable":true,"href":"https:\/\/roveyayinevi.com.tr\/index.php\/wp-json\/wp\/v2\/product_cat?post=739110"},{"taxonomy":"product_tag","embeddable":true,"href":"https:\/\/roveyayinevi.com.tr\/index.php\/wp-json\/wp\/v2\/product_tag?post=739110"}],"curies":[{"name":"wp","href":"https:\/\/api.w.org\/{rel}","templated":true}]}}