{"id":739103,"date":"2025-08-28T00:04:15","date_gmt":"2025-08-27T21:04:15","guid":{"rendered":"https:\/\/roveyayinevi.com.tr\/index.php\/urun\/mukadder\/"},"modified":"2026-04-16T02:49:28","modified_gmt":"2026-04-15T23:49:28","slug":"mukadder","status":"publish","type":"product","link":"https:\/\/roveyayinevi.com.tr\/index.php\/urun\/mukadder\/","title":{"rendered":"Mukadder"},"content":{"rendered":"<p>\u201c\u00d6m\u00fcr dedi\u011fin nedir ki? Habersiz gelir, habersiz ge\u00e7er gider. Ne elde tutulur ne kafese konur.\u201d   \u015eark\u0131c\u0131 Mukadder\u2019in, sahnelerden kay\u0131plara, vedalardan toplum bask\u0131s\u0131na, a\u015fktan umuda uzanan hik\u00e2yesi&#8230;   K\u0131z\u0131n\u0131n trajik kayb\u0131yla sars\u0131l\u0131p \u00e7areyi \u00f6l\u00fcmde arayan Mukadder, hayat\u0131na son vermek ister ve kiral\u0131k katil olarak tan\u0131d\u0131\u011f\u0131 birini arar. Fakat Mukadder\u2019in, kendisine kalan miras\u0131 elde etmek isteyen biricik ye\u011feninin onu ortadan kald\u0131rma plan\u0131ndan haberi yoktur.   Dram ile gerilimi \u00e7arp\u0131c\u0131 kurgusuyla harmanlayan Dilek Pakal\u0131n, okura i\u00e7eriden ve en derinden sesleniyor. A\u015fka, umuda ve s\u00fcrprizlere kap\u0131 aralayan Mukadder\u2019i soluksuz okuyacaks\u0131n\u0131z.   \u201cSes yeniden daha net geldi. At ki\u015fnemesine de benziyordu bu defa adam inlemesine de. Zang\u0131r zang\u0131r titremeye ba\u015flad\u0131 G\u00f6zen. Korkudan arkas\u0131na d\u00f6n\u00fcp bakam\u0131yordu. H\u0131z\u0131r Aleyhisselam olmal\u0131yd\u0131 bu; G\u00fclk\u0131r\u0131 at\u0131na binip gelmi\u015fti mutlaka. Tatl\u0131y\u0131 kom\u015fuya vermedi\u011fi geldi hemen akl\u0131na.\u201d<\/p>\n","protected":false},"excerpt":{"rendered":"<p>\u201c\u00d6m\u00fcr dedi\u011fin nedir ki? Habersiz gelir, habersiz ge\u00e7er gider. Ne elde tutulur ne kafese konur.\u201d \u015eark\u0131c\u0131 Mukadder\u2019in, sahnelerden kay\u0131plara, vedalardan toplum bask\u0131s\u0131na, a\u015fktan umuda uzanan hik\u00e2yesi&#8230;<span class=\"excerpt-hellip\"> [\u2026]<\/span><\/p>\n","protected":false},"featured_media":0,"template":"","meta":{"_monsterinsights_skip_tracking":false,"_monsterinsights_sitenote_active":false,"_monsterinsights_sitenote_note":"","_monsterinsights_sitenote_category":0},"product_brand":[],"product_cat":[12291,12711],"product_tag":[],"class_list":{"0":"post-739103","1":"product","2":"type-product","3":"status-publish","5":"product_cat-edebiyat","6":"product_cat-roman-oyku","7":"pa_cilt-ciltsiz","8":"pa_tur-kitap","9":"pa_yayinevi-nemesis-kitap","10":"pa_yazar-dilek-pakalin","12":"first","13":"instock","14":"sale","15":"shipping-taxable","16":"purchasable","17":"product-type-simple"},"_links":{"self":[{"href":"https:\/\/roveyayinevi.com.tr\/index.php\/wp-json\/wp\/v2\/product\/739103","targetHints":{"allow":["GET"]}}],"collection":[{"href":"https:\/\/roveyayinevi.com.tr\/index.php\/wp-json\/wp\/v2\/product"}],"about":[{"href":"https:\/\/roveyayinevi.com.tr\/index.php\/wp-json\/wp\/v2\/types\/product"}],"wp:attachment":[{"href":"https:\/\/roveyayinevi.com.tr\/index.php\/wp-json\/wp\/v2\/media?parent=739103"}],"wp:term":[{"taxonomy":"product_brand","embeddable":true,"href":"https:\/\/roveyayinevi.com.tr\/index.php\/wp-json\/wp\/v2\/product_brand?post=739103"},{"taxonomy":"product_cat","embeddable":true,"href":"https:\/\/roveyayinevi.com.tr\/index.php\/wp-json\/wp\/v2\/product_cat?post=739103"},{"taxonomy":"product_tag","embeddable":true,"href":"https:\/\/roveyayinevi.com.tr\/index.php\/wp-json\/wp\/v2\/product_tag?post=739103"}],"curies":[{"name":"wp","href":"https:\/\/api.w.org\/{rel}","templated":true}]}}