{"id":739100,"date":"2025-08-28T00:04:12","date_gmt":"2025-08-27T21:04:12","guid":{"rendered":"https:\/\/roveyayinevi.com.tr\/index.php\/urun\/helal-kazancin-ilkeleri\/"},"modified":"2026-04-16T02:49:28","modified_gmt":"2026-04-15T23:49:28","slug":"helal-kazancin-ilkeleri","status":"publish","type":"product","link":"https:\/\/roveyayinevi.com.tr\/index.php\/urun\/helal-kazancin-ilkeleri\/","title":{"rendered":"Helal Kazanc\u0131n \u0130lkeleri"},"content":{"rendered":"<p>\u0130sl\u00e2m \u00e7al\u0131\u015f\u0131p kazanmay\u0131 mubah k\u0131lm\u0131\u015f; insan, hayvan, otlar ve genel bir \u015fekilde ya\u015fama yollar\u0131ndaki menfaatten dolay\u0131 \u00e7al\u0131\u015f\u0131p kazanarak r\u0131z\u0131k elde etmeyi de emretmi\u015ftir. \u015eah\u0131s veya topluluk menfaatine dayanan bununla birlikte ba\u015fkas\u0131na zarar veren y\u00f6ntemlerle gelen kazanc\u0131 \u0130sl\u00e2m har\u00e2m k\u0131lm\u0131\u015ft\u0131r. \u0130sl\u00e2m, \u00fcretimde h\u0131zl\u0131 \u00e7al\u0131\u015fma ara\u00e7lar\u0131n\u0131 tasvip etmez. \u00c7al\u0131\u015fmay\u0131 toplumsal ve ins\u00e2n\u00ee bir vazife olarak g\u00f6r\u00fcr. Onun hedefi sa\u011flam toplumun isteklerini ger\u00e7ekle\u015ftirmektir. Bu kitap helal kazanc\u0131n ilkelerini t\u00fcm detaylar\u0131yla g\u00f6zler \u00f6n\u00fcne sermektedir.<\/p>\n","protected":false},"excerpt":{"rendered":"<p>\u0130sl\u00e2m \u00e7al\u0131\u015f\u0131p kazanmay\u0131 mubah k\u0131lm\u0131\u015f; insan, hayvan, otlar ve genel bir \u015fekilde ya\u015fama yollar\u0131ndaki menfaatten dolay\u0131 \u00e7al\u0131\u015f\u0131p kazanarak r\u0131z\u0131k elde etmeyi de emretmi\u015ftir. \u015eah\u0131s veya topluluk<span class=\"excerpt-hellip\"> [\u2026]<\/span><\/p>\n","protected":false},"featured_media":0,"template":"","meta":{"_monsterinsights_skip_tracking":false,"_monsterinsights_sitenote_active":false,"_monsterinsights_sitenote_note":"","_monsterinsights_sitenote_category":0},"product_brand":[],"product_cat":[12718,12719],"product_tag":[],"class_list":{"0":"post-739100","1":"product","2":"type-product","3":"status-publish","5":"product_cat-din","6":"product_cat-islam","7":"pa_cilt-ciltsiz","8":"pa_tur-kitap","9":"pa_yayinevi-takdim-kitap","10":"pa_yazar-muhammed-b-hasan-es-seybani","12":"first","13":"instock","14":"sale","15":"shipping-taxable","16":"purchasable","17":"product-type-simple"},"_links":{"self":[{"href":"https:\/\/roveyayinevi.com.tr\/index.php\/wp-json\/wp\/v2\/product\/739100","targetHints":{"allow":["GET"]}}],"collection":[{"href":"https:\/\/roveyayinevi.com.tr\/index.php\/wp-json\/wp\/v2\/product"}],"about":[{"href":"https:\/\/roveyayinevi.com.tr\/index.php\/wp-json\/wp\/v2\/types\/product"}],"wp:attachment":[{"href":"https:\/\/roveyayinevi.com.tr\/index.php\/wp-json\/wp\/v2\/media?parent=739100"}],"wp:term":[{"taxonomy":"product_brand","embeddable":true,"href":"https:\/\/roveyayinevi.com.tr\/index.php\/wp-json\/wp\/v2\/product_brand?post=739100"},{"taxonomy":"product_cat","embeddable":true,"href":"https:\/\/roveyayinevi.com.tr\/index.php\/wp-json\/wp\/v2\/product_cat?post=739100"},{"taxonomy":"product_tag","embeddable":true,"href":"https:\/\/roveyayinevi.com.tr\/index.php\/wp-json\/wp\/v2\/product_tag?post=739100"}],"curies":[{"name":"wp","href":"https:\/\/api.w.org\/{rel}","templated":true}]}}