{"id":739098,"date":"2025-08-28T00:04:10","date_gmt":"2025-08-27T21:04:10","guid":{"rendered":"https:\/\/roveyayinevi.com.tr\/index.php\/urun\/cocuklar-icin-hadis-kitabi-2\/"},"modified":"2026-04-16T02:49:28","modified_gmt":"2026-04-15T23:49:28","slug":"cocuklar-icin-hadis-kitabi-2","status":"publish","type":"product","link":"https:\/\/roveyayinevi.com.tr\/index.php\/urun\/cocuklar-icin-hadis-kitabi-2\/","title":{"rendered":"\u00c7ocuklar \u0130\u00e7in Hadis Kitab\u0131"},"content":{"rendered":"<p>\u0130\u015fte size g\u00fcl kokulu bir kitap daha! \u00d6yle \u00e7ok kal\u0131n bir kitap de\u011fil. Ama i\u00e7i \u00f6yle k\u0131ymetli \u015feylerle dolu ki okuduk\u00e7a bize hak verecek ve \u201cBu kitap benim i\u00e7in tam bir hazine imi\u015f!\u201d diyeceksiniz. Kitab\u0131m\u0131z iki b\u00f6l\u00fcmden olu\u015fuyor. Birinci b\u00f6l\u00fcmde, Sevgili Peygamberimiz\u2019in (asm) birbirinden k\u0131ymetli hadislerinden yani s\u00f6zlerinden se\u00e7tiklerimiz var. \u0130kinci b\u00f6l\u00fcm ise Peygamber Efendimiz\u2019in (asm) \u00f6zellikleri ve g\u00fczelliklerinden bir demet. Bu b\u00f6l\u00fcmde Sevgili Peygamberimiz\u2019in (asm) hem d\u0131\u015f g\u00f6r\u00fcn\u00fc\u015f\u00fcne dair hem de onun g\u00fczel ahl\u00e2k\u0131na dair \u00f6zellikleri ve g\u00fczellikleri yer al\u0131yor. Bu b\u00f6l\u00fcm\u00fc okurken, Peygamberimiz\u2019i  (asm) \u00e7ok daha iyi tan\u0131yacaks\u0131n\u0131z. Tertemiz kalpleriniz, onun sevgisiyle par\u0131ldayacak&#8230;<\/p>\n","protected":false},"excerpt":{"rendered":"<p>\u0130\u015fte size g\u00fcl kokulu bir kitap daha! \u00d6yle \u00e7ok kal\u0131n bir kitap de\u011fil. Ama i\u00e7i \u00f6yle k\u0131ymetli \u015feylerle dolu ki okuduk\u00e7a bize hak verecek ve \u201cBu<span class=\"excerpt-hellip\"> [\u2026]<\/span><\/p>\n","protected":false},"featured_media":0,"template":"","meta":{"_monsterinsights_skip_tracking":false,"_monsterinsights_sitenote_active":false,"_monsterinsights_sitenote_note":"","_monsterinsights_sitenote_category":0},"product_brand":[],"product_cat":[12274,15842],"product_tag":[],"class_list":{"0":"post-739098","1":"product","2":"type-product","3":"status-publish","5":"product_cat-cocuk-ve-genclik-kitaplari","6":"product_cat-egitici-kitaplar","7":"pa_cilt-ciltsiz","8":"pa_tur-kitap","9":"pa_yayinevi-ugurbocegi-yayinlari","10":"pa_yazar-emine-aydin","12":"first","13":"instock","14":"sale","15":"shipping-taxable","16":"purchasable","17":"product-type-simple"},"_links":{"self":[{"href":"https:\/\/roveyayinevi.com.tr\/index.php\/wp-json\/wp\/v2\/product\/739098","targetHints":{"allow":["GET"]}}],"collection":[{"href":"https:\/\/roveyayinevi.com.tr\/index.php\/wp-json\/wp\/v2\/product"}],"about":[{"href":"https:\/\/roveyayinevi.com.tr\/index.php\/wp-json\/wp\/v2\/types\/product"}],"wp:attachment":[{"href":"https:\/\/roveyayinevi.com.tr\/index.php\/wp-json\/wp\/v2\/media?parent=739098"}],"wp:term":[{"taxonomy":"product_brand","embeddable":true,"href":"https:\/\/roveyayinevi.com.tr\/index.php\/wp-json\/wp\/v2\/product_brand?post=739098"},{"taxonomy":"product_cat","embeddable":true,"href":"https:\/\/roveyayinevi.com.tr\/index.php\/wp-json\/wp\/v2\/product_cat?post=739098"},{"taxonomy":"product_tag","embeddable":true,"href":"https:\/\/roveyayinevi.com.tr\/index.php\/wp-json\/wp\/v2\/product_tag?post=739098"}],"curies":[{"name":"wp","href":"https:\/\/api.w.org\/{rel}","templated":true}]}}