{"id":739097,"date":"2025-08-28T00:04:09","date_gmt":"2025-08-27T21:04:09","guid":{"rendered":"https:\/\/roveyayinevi.com.tr\/index.php\/urun\/caylak-ile-filozof-5\/"},"modified":"2026-04-15T03:00:59","modified_gmt":"2026-04-15T00:00:59","slug":"caylak-ile-filozof-5","status":"publish","type":"product","link":"https:\/\/roveyayinevi.com.tr\/index.php\/urun\/caylak-ile-filozof-5\/","title":{"rendered":"\u00c7aylak ile Filozof -5"},"content":{"rendered":"<p>Acaba bir tanr\u0131lar\u0131 var m\u0131yd\u0131? Onlar\u0131n, zaman zaman birbirlerine yahut ba\u015fkalar\u0131na k\u0131z\u0131p, \u201cAllah belan\u0131 versin!\u201d diye ba\u011f\u0131rmak d\u0131\u015f\u0131nda, bir tanr\u0131dan bahsettiklerine hi\u00e7 \u015fahit olmam\u0131\u015ft\u0131m. Bir tanr\u0131lar\u0131, en az\u0131ndan do\u011fru d\u00fczg\u00fcn inand\u0131klar\u0131 bir tanr\u0131lar\u0131 olmad\u0131\u011f\u0131na dair \u00fcrpertici ve so\u011fuk bir hissi \u2014art\u0131k kabuk ba\u011flam\u0131\u015f olsa da\u2014 ara ara s\u0131zlayan, hatta kanayan bir yara gibi hep i\u00e7imde ta\u015f\u0131d\u0131m. \u0130nsan\u0131n bir tanr\u0131s\u0131 olur da ondan hi\u00e7 bahsetmez miydi? \u2013E\u011fer m\u00fcmk\u00fcn olsayd\u0131 \u00c7aylak, bunu onlara sorar, merak etti\u011fin \u015feyi \u00f6\u011frenebilirdin. \u2013Ama m\u00fcmk\u00fcn de\u011fil! O y\u00fczden sana soruyorum. \u2013Bilmiyorum. Ger\u00e7ekten bilmiyorum. Sadece onlar i\u00e7in iyi oldu\u011funa inand\u0131\u011f\u0131m \u015feyi \u00fcmit etmeye \u00e7abal\u0131yorum. Hem insanlar\u0131 ya\u015fay\u0131\u015flar\u0131na bakarak, kolay kolay siyah ile beyaz gibi kesin alanlara ay\u0131r\u0131p, haklar\u0131nda inan\u00e7l\u0131 yahut inan\u00e7s\u0131z diye bir h\u00fck\u00fcm veremezsin. \u00c7\u00fcnk\u00fc siyah ve beyaz aras\u0131nda olduk\u00e7a geni\u015f, gri bir alan da vard\u0131r. Bir alaca karanl\u0131k i\u00e7inde, \u0131\u015f\u0131\u011fa ya da karanl\u0131\u011fa do\u011fru gittik\u00e7e, beyaza ya da siyaha do\u011fru, a\u00e7\u0131lan ya da kararan tonlar\u0131 olan gri bir aland\u0131r bu&#8230; Ve insanlar\u0131n \u00e7o\u011fu, ya\u015famlar\u0131n\u0131n b\u00fcy\u00fck bir k\u0131sm\u0131n\u0131 bu gri alanda s\u00fcrd\u00fcr\u00fcrler&#8230; <\/p>\n","protected":false},"excerpt":{"rendered":"<p>Acaba bir tanr\u0131lar\u0131 var m\u0131yd\u0131? Onlar\u0131n, zaman zaman birbirlerine yahut ba\u015fkalar\u0131na k\u0131z\u0131p, \u201cAllah belan\u0131 versin!\u201d diye ba\u011f\u0131rmak d\u0131\u015f\u0131nda, bir tanr\u0131dan bahsettiklerine hi\u00e7 \u015fahit olmam\u0131\u015ft\u0131m. Bir tanr\u0131lar\u0131,<span class=\"excerpt-hellip\"> [\u2026]<\/span><\/p>\n","protected":false},"featured_media":0,"template":"","meta":{"_monsterinsights_skip_tracking":false,"_monsterinsights_sitenote_active":false,"_monsterinsights_sitenote_note":"","_monsterinsights_sitenote_category":0},"product_brand":[],"product_cat":[12274,12284],"product_tag":[],"class_list":{"0":"post-739097","1":"product","2":"type-product","3":"status-publish","5":"product_cat-cocuk-ve-genclik-kitaplari","6":"product_cat-hikayeler","7":"pa_cilt-ciltsiz","8":"pa_tur-kitap","9":"pa_yayinevi-ugurbocegi-yayinlari","10":"pa_yazar-ugurbocegi-yayinlari-kolektif","12":"first","13":"instock","14":"sale","15":"shipping-taxable","16":"purchasable","17":"product-type-simple"},"_links":{"self":[{"href":"https:\/\/roveyayinevi.com.tr\/index.php\/wp-json\/wp\/v2\/product\/739097","targetHints":{"allow":["GET"]}}],"collection":[{"href":"https:\/\/roveyayinevi.com.tr\/index.php\/wp-json\/wp\/v2\/product"}],"about":[{"href":"https:\/\/roveyayinevi.com.tr\/index.php\/wp-json\/wp\/v2\/types\/product"}],"wp:attachment":[{"href":"https:\/\/roveyayinevi.com.tr\/index.php\/wp-json\/wp\/v2\/media?parent=739097"}],"wp:term":[{"taxonomy":"product_brand","embeddable":true,"href":"https:\/\/roveyayinevi.com.tr\/index.php\/wp-json\/wp\/v2\/product_brand?post=739097"},{"taxonomy":"product_cat","embeddable":true,"href":"https:\/\/roveyayinevi.com.tr\/index.php\/wp-json\/wp\/v2\/product_cat?post=739097"},{"taxonomy":"product_tag","embeddable":true,"href":"https:\/\/roveyayinevi.com.tr\/index.php\/wp-json\/wp\/v2\/product_tag?post=739097"}],"curies":[{"name":"wp","href":"https:\/\/api.w.org\/{rel}","templated":true}]}}