{"id":739095,"date":"2025-08-28T00:04:07","date_gmt":"2025-08-27T21:04:07","guid":{"rendered":"https:\/\/roveyayinevi.com.tr\/index.php\/urun\/her-gune-birer-soru-daha\/"},"modified":"2026-04-16T02:49:28","modified_gmt":"2026-04-15T23:49:28","slug":"her-gune-birer-soru-daha","status":"publish","type":"product","link":"https:\/\/roveyayinevi.com.tr\/index.php\/urun\/her-gune-birer-soru-daha\/","title":{"rendered":"Her G\u00fcne Birer Soru Daha"},"content":{"rendered":"<p>Merakl\u0131 \u00c7ocuklar \u0130\u00e7in \u201cHer G\u00fcne Birer Soru Daha\u201d E\u011flenceli \u00e7izimleri ve dinamik i\u00e7eri\u011fiyle merakl\u0131 \u00e7ocuklar\u0131n ba\u015fvuru kayna\u011f\u0131 olan ve Yap\u0131 Kredi Yay\u0131nlar\u0131 taraf\u0131ndan yay\u0131mlanan Her G\u00fcne Bir Soru\u2019nun ard\u0131ndan, \u201cPeki, ama neden?\u201d diye sormaktan usanmayan \u00e7ocuklar i\u00e7in Her G\u00fcne Birer Soru Daha raflara \u00e7\u0131k\u0131yor: \u201cBilgi\u201dyi e\u011flenceli k\u0131lmay\u0131 hedefleyen Her G\u00fcne Birer Soru Daha, co\u011frafyadan tarihe, \u00e7evre duyarl\u0131l\u0131\u011f\u0131ndan hayvanlara, tarihi ki\u015filerden yabanc\u0131 k\u00fclt\u00fcrlere uzanan soru-cevap yelpazesiyle merakl\u0131lar\u0131 yal\u0131n bir dille ayd\u0131nlat\u0131yor. <\/p>\n","protected":false},"excerpt":{"rendered":"<p>Merakl\u0131 \u00c7ocuklar \u0130\u00e7in \u201cHer G\u00fcne Birer Soru Daha\u201d E\u011flenceli \u00e7izimleri ve dinamik i\u00e7eri\u011fiyle merakl\u0131 \u00e7ocuklar\u0131n ba\u015fvuru kayna\u011f\u0131 olan ve Yap\u0131 Kredi Yay\u0131nlar\u0131 taraf\u0131ndan yay\u0131mlanan Her G\u00fcne<span class=\"excerpt-hellip\"> [\u2026]<\/span><\/p>\n","protected":false},"featured_media":0,"template":"","meta":{"_monsterinsights_skip_tracking":false,"_monsterinsights_sitenote_active":false,"_monsterinsights_sitenote_note":"","_monsterinsights_sitenote_category":0},"product_brand":[],"product_cat":[12274,15842],"product_tag":[],"class_list":{"0":"post-739095","1":"product","2":"type-product","3":"status-publish","5":"product_cat-cocuk-ve-genclik-kitaplari","6":"product_cat-egitici-kitaplar","7":"pa_cilt-ciltsiz","8":"pa_tur-kitap","9":"pa_yayinevi-yapi-kredi-yayinlari","10":"pa_yazar-frederic-bosc","12":"first","13":"instock","14":"sale","15":"shipping-taxable","16":"purchasable","17":"product-type-simple"},"_links":{"self":[{"href":"https:\/\/roveyayinevi.com.tr\/index.php\/wp-json\/wp\/v2\/product\/739095","targetHints":{"allow":["GET"]}}],"collection":[{"href":"https:\/\/roveyayinevi.com.tr\/index.php\/wp-json\/wp\/v2\/product"}],"about":[{"href":"https:\/\/roveyayinevi.com.tr\/index.php\/wp-json\/wp\/v2\/types\/product"}],"wp:attachment":[{"href":"https:\/\/roveyayinevi.com.tr\/index.php\/wp-json\/wp\/v2\/media?parent=739095"}],"wp:term":[{"taxonomy":"product_brand","embeddable":true,"href":"https:\/\/roveyayinevi.com.tr\/index.php\/wp-json\/wp\/v2\/product_brand?post=739095"},{"taxonomy":"product_cat","embeddable":true,"href":"https:\/\/roveyayinevi.com.tr\/index.php\/wp-json\/wp\/v2\/product_cat?post=739095"},{"taxonomy":"product_tag","embeddable":true,"href":"https:\/\/roveyayinevi.com.tr\/index.php\/wp-json\/wp\/v2\/product_tag?post=739095"}],"curies":[{"name":"wp","href":"https:\/\/api.w.org\/{rel}","templated":true}]}}