{"id":739089,"date":"2025-08-28T00:04:00","date_gmt":"2025-08-27T21:04:00","guid":{"rendered":"https:\/\/roveyayinevi.com.tr\/index.php\/urun\/kulturu-ve-gorgusuyle-denizcilik\/"},"modified":"2026-04-16T02:49:27","modified_gmt":"2026-04-15T23:49:27","slug":"kulturu-ve-gorgusuyle-denizcilik","status":"publish","type":"product","link":"https:\/\/roveyayinevi.com.tr\/index.php\/urun\/kulturu-ve-gorgusuyle-denizcilik\/","title":{"rendered":"K\u00fclt\u00fcr\u00fc ve G\u00f6rg\u00fcs\u00fcyle Denizcilik"},"content":{"rendered":"<p>K\u00fclt\u00fcr\u00fc ve G\u00f6rg\u00fcs\u00fcyle Denizcilik i\u00e7eri\u011fi ve \u00f6zellikleri bak\u0131m\u0131ndan T\u00fcrkiye\u2019de kendi alan\u0131nda benzeri olmayan bir \u00e7al\u0131\u015fma. Cem G\u00fcrdeniz \u201cMavi Vatan\u201d ve \u201cToprak Gemi Anadolu\u201d kavramlar\u0131 \u00e7er\u00e7evesinde T\u00fcrkiye\u2019nin denizcile\u015fmeye ihtiyac\u0131n\u0131n \u00f6nemini tarihsel, toplumsal, k\u00fclt\u00fcrel, siyasal, askeri ve psikososyal boyutlar\u0131yla geni\u015f bir perspektiften ele al\u0131yor. Kitab\u0131n bir b\u00f6l\u00fcm\u00fcnde Cem G\u00fcrdeniz edebiyattan arkeolojiye, gemi modelcili\u011finden su sporlar\u0131na denizcilik k\u00fclt\u00fcr\u00fcn\u00fcn geli\u015fimini t\u00fcm unsurlar\u0131yla anlat\u0131rken bir yandan da T\u00fcrkiye\u2019nin deniz g\u00fcc\u00fcn\u00fc ve denizcile\u015fme s\u00fcrecini tarihsel d\u00f6nemlerine g\u00f6re de\u011ferlendiriyor. Kitab\u0131n bir di\u011fer b\u00f6l\u00fcm\u00fcndeyse denizcilik g\u00f6rg\u00fcs\u00fc kapsam\u0131nda \u00f6rf, \u00e2det, gelenek, nezaket kurallar\u0131, bayrak disiplini, marina, usturma\u00e7a k\u00fclt\u00fcr\u00fc, denizcilerin tutum ve davran\u0131\u015flar\u0131 gibi konularda rehberlik ediyor.   \u201cDenizcilik k\u00fclt\u00fcr\u00fc ve g\u00f6rg\u00fcs\u00fc sonsuz bir okyanustur. Denizi kalbi, akl\u0131 ve ruhuyla seven bir insan i\u00e7in \u00f6m\u00fcr boyu b\u00fcy\u00fck bir ilgi alan\u0131d\u0131r. Bu k\u00fclt\u00fcr\u00fcn herhangi bir alan\u0131na tutkuyla ba\u011flanan bir insan denizden ve yaratt\u0131\u011f\u0131 k\u00fclt\u00fcrden uzakla\u015famaz. G\u00f6rg\u00fc kurallar\u0131 ise denizcili\u011fin sonsuz faaliyet alanlar\u0131nda insana, do\u011faya, topluma, tarihe ve kurumlara gereken sayg\u0131n\u0131n \u00e7er\u00e7evesini \u00e7izerek tekne, insan ve deniz etkile\u015fimini d\u00fczene sokar.   Kitab\u0131mda her kesimden denizciye as\u0131rlar \u00f6ncesinden s\u00fcz\u00fcl\u00fcp gelen mavi k\u00fclt\u00fcr\u00fcn pratik bilgi ve uygulamalar\u0131n\u0131 k\u0131sa k\u0131sa anlatmaya \u00e7al\u0131\u015ft\u0131m. Bu kitapta anlat\u0131lanlar\u0131 ciddi bir g\u00f6rg\u00fc disiplini i\u00e7inde ger\u00e7ekle\u015ftirebilmek hem denizi hem \u00e7evrenizi daha mutlu yapacakt\u0131r. Bu kitab\u0131 okuduktan sonra denizdeki davran\u0131\u015f ve uygulamalar\u0131n\u0131, ba\u015fta usturma\u00e7a, bayrak ve limanda\/marinada g\u00fcr\u00fclt\u00fc disiplini olmak \u00fczere, olumlu y\u00f6nde de\u011fi\u015ftirenler olursa ne mutlu bana.\u201d <\/p>\n","protected":false},"excerpt":{"rendered":"<p>K\u00fclt\u00fcr\u00fc ve G\u00f6rg\u00fcs\u00fcyle Denizcilik i\u00e7eri\u011fi ve \u00f6zellikleri bak\u0131m\u0131ndan T\u00fcrkiye\u2019de kendi alan\u0131nda benzeri olmayan bir \u00e7al\u0131\u015fma. Cem G\u00fcrdeniz \u201cMavi Vatan\u201d ve \u201cToprak Gemi Anadolu\u201d kavramlar\u0131 \u00e7er\u00e7evesinde T\u00fcrkiye\u2019nin<span class=\"excerpt-hellip\"> [\u2026]<\/span><\/p>\n","protected":false},"featured_media":0,"template":"","meta":{"_monsterinsights_skip_tracking":false,"_monsterinsights_sitenote_active":false,"_monsterinsights_sitenote_note":"","_monsterinsights_sitenote_category":0},"product_brand":[],"product_cat":[12291,12711],"product_tag":[],"class_list":{"0":"post-739089","1":"product","2":"type-product","3":"status-publish","5":"product_cat-edebiyat","6":"product_cat-roman-oyku","7":"pa_cilt-ciltsiz","8":"pa_tur-kitap","9":"pa_yayinevi-yapi-kredi-yayinlari","10":"pa_yazar-cem-gurdeniz","12":"first","13":"instock","14":"sale","15":"shipping-taxable","16":"purchasable","17":"product-type-simple"},"_links":{"self":[{"href":"https:\/\/roveyayinevi.com.tr\/index.php\/wp-json\/wp\/v2\/product\/739089","targetHints":{"allow":["GET"]}}],"collection":[{"href":"https:\/\/roveyayinevi.com.tr\/index.php\/wp-json\/wp\/v2\/product"}],"about":[{"href":"https:\/\/roveyayinevi.com.tr\/index.php\/wp-json\/wp\/v2\/types\/product"}],"wp:attachment":[{"href":"https:\/\/roveyayinevi.com.tr\/index.php\/wp-json\/wp\/v2\/media?parent=739089"}],"wp:term":[{"taxonomy":"product_brand","embeddable":true,"href":"https:\/\/roveyayinevi.com.tr\/index.php\/wp-json\/wp\/v2\/product_brand?post=739089"},{"taxonomy":"product_cat","embeddable":true,"href":"https:\/\/roveyayinevi.com.tr\/index.php\/wp-json\/wp\/v2\/product_cat?post=739089"},{"taxonomy":"product_tag","embeddable":true,"href":"https:\/\/roveyayinevi.com.tr\/index.php\/wp-json\/wp\/v2\/product_tag?post=739089"}],"curies":[{"name":"wp","href":"https:\/\/api.w.org\/{rel}","templated":true}]}}