{"id":739088,"date":"2025-08-28T00:03:59","date_gmt":"2025-08-27T21:03:59","guid":{"rendered":"https:\/\/roveyayinevi.com.tr\/index.php\/urun\/miyop\/"},"modified":"2026-04-16T02:49:27","modified_gmt":"2026-04-15T23:49:27","slug":"miyop","status":"publish","type":"product","link":"https:\/\/roveyayinevi.com.tr\/index.php\/urun\/miyop\/","title":{"rendered":"Miyop"},"content":{"rendered":"<p>Miyop, Do\u011fan Yar\u0131c\u0131\u2019n\u0131n Evl\u00e2 (1993) ile ba\u015flayan \u00f6yk\u00fc ser\u00fcveninde be\u015finci kitab\u0131. \u00d6yk\u00fcler \u201c\u00c7ift Haseki Pa\u015fa\u201d, \u201cHep \u015eefkati Se\u00e7\u201d, \u201cF\u0131st\u0131k\u00e7\u0131 \u015eahap\u201d, \u201cAltyaz\u0131lar Otomatik Olu\u015fturuldu\u201d, \u201cPar\u00e7as\u0131 Benim\u201d ba\u015fl\u0131kl\u0131 be\u015f b\u00f6l\u00fcmde toplan\u0131yor. Bunlardan \u201cPar\u00e7as\u0131 Benim\u201d yak\u0131n zamanda ya\u015fad\u0131\u011f\u0131m\u0131z bir katliam\u0131n kay\u0131p par\u00e7alar\u0131n\u0131 ana-o\u011ful ili\u015fkisi \u00fczerinden bir araya getiren yekpare bir \u00f6yk\u00fc.   Birey toplum \u00e7eli\u015fkisini; do\u011faya ters d\u00fc\u015fm\u00fc\u015f insan\u0131n yan\u0131lsamas\u0131n\u0131; bo\u015f uzam\u0131n ve suskunlu\u011fun \u00fcretti\u011fi anlam\u0131; g\u00fcnl\u00fck ya\u015fam\u0131n e\u015fya, olay ve olgular\u0131ndaki insani boyutu dil imbiklerinden s\u00fczerek \u00e7\u0131kar\u0131yor Do\u011fan Yar\u0131c\u0131. Ne anlat\u0131rsa anlats\u0131n \u00f6nceli\u011fin dilde ve bi\u00e7imde oldu\u011funu, Yaz\u0131n\u2019\u0131n mutlak egemenli\u011finde kalem oynatt\u0131\u011f\u0131n\u0131 belli ediyor.   Miyop, politik, ironik, melankolik, minik ve sert \u00f6yk\u00fclerle dolu bir kitap<\/p>\n","protected":false},"excerpt":{"rendered":"<p>Miyop, Do\u011fan Yar\u0131c\u0131\u2019n\u0131n Evl\u00e2 (1993) ile ba\u015flayan \u00f6yk\u00fc ser\u00fcveninde be\u015finci kitab\u0131. \u00d6yk\u00fcler \u201c\u00c7ift Haseki Pa\u015fa\u201d, \u201cHep \u015eefkati Se\u00e7\u201d, \u201cF\u0131st\u0131k\u00e7\u0131 \u015eahap\u201d, \u201cAltyaz\u0131lar Otomatik Olu\u015fturuldu\u201d, \u201cPar\u00e7as\u0131 Benim\u201d ba\u015fl\u0131kl\u0131<span class=\"excerpt-hellip\"> [\u2026]<\/span><\/p>\n","protected":false},"featured_media":0,"template":"","meta":{"_monsterinsights_skip_tracking":false,"_monsterinsights_sitenote_active":false,"_monsterinsights_sitenote_note":"","_monsterinsights_sitenote_category":0},"product_brand":[],"product_cat":[12291,12711],"product_tag":[],"class_list":{"0":"post-739088","1":"product","2":"type-product","3":"status-publish","5":"product_cat-edebiyat","6":"product_cat-roman-oyku","7":"pa_cilt-ciltsiz","8":"pa_tur-kitap","9":"pa_yayinevi-yapi-kredi-yayinlari","10":"pa_yazar-dogan-yarici","12":"first","13":"instock","14":"sale","15":"shipping-taxable","16":"purchasable","17":"product-type-simple"},"_links":{"self":[{"href":"https:\/\/roveyayinevi.com.tr\/index.php\/wp-json\/wp\/v2\/product\/739088","targetHints":{"allow":["GET"]}}],"collection":[{"href":"https:\/\/roveyayinevi.com.tr\/index.php\/wp-json\/wp\/v2\/product"}],"about":[{"href":"https:\/\/roveyayinevi.com.tr\/index.php\/wp-json\/wp\/v2\/types\/product"}],"wp:attachment":[{"href":"https:\/\/roveyayinevi.com.tr\/index.php\/wp-json\/wp\/v2\/media?parent=739088"}],"wp:term":[{"taxonomy":"product_brand","embeddable":true,"href":"https:\/\/roveyayinevi.com.tr\/index.php\/wp-json\/wp\/v2\/product_brand?post=739088"},{"taxonomy":"product_cat","embeddable":true,"href":"https:\/\/roveyayinevi.com.tr\/index.php\/wp-json\/wp\/v2\/product_cat?post=739088"},{"taxonomy":"product_tag","embeddable":true,"href":"https:\/\/roveyayinevi.com.tr\/index.php\/wp-json\/wp\/v2\/product_tag?post=739088"}],"curies":[{"name":"wp","href":"https:\/\/api.w.org\/{rel}","templated":true}]}}