{"id":739084,"date":"2025-08-28T00:03:53","date_gmt":"2025-08-27T21:03:53","guid":{"rendered":"https:\/\/roveyayinevi.com.tr\/index.php\/urun\/kusaktan-kusaga\/"},"modified":"2026-04-16T02:49:27","modified_gmt":"2026-04-15T23:49:27","slug":"kusaktan-kusaga","status":"publish","type":"product","link":"https:\/\/roveyayinevi.com.tr\/index.php\/urun\/kusaktan-kusaga\/","title":{"rendered":"Ku\u015faktan Ku\u015fa\u011fa"},"content":{"rendered":"<p>Ankara\u2019dan \u0130stanbul\u2019a uzanan bir T\u00fcrkiye portresi   Bu kitap; Ankara\u2019n\u0131n tarih\u00e7esi ve \u00f6nemini, T\u00fcrkiye Cumhuriyeti\u2019nin ba\u015fkenti olduktan sonraki geli\u015fimini, \u00f6rf ve \u00e2detlerini, gelenek ve g\u00f6reneklerini gelecek nesillere aktarmay\u0131 ama\u00e7l\u0131yor.   Ko\u00e7 ailesinin Ankara ve \u0130stanbul\u2019da farkl\u0131la\u015fan ya\u015fam tarzlar\u0131na, aile k\u00fclt\u00fcr\u00fcne, anlay\u0131\u015f ve tutumlar\u0131na de\u011finiyor.   B\u00fcy\u00fck bir samimiyetle kaleme al\u0131nan kitap; ya\u015fanm\u0131\u015fl\u0131klar \u0131\u015f\u0131\u011f\u0131nda ge\u00e7mi\u015ften g\u00fcn\u00fcm\u00fcze nesiller aras\u0131nda k\u00f6pr\u00fcler kuruyor.  Ankara\u2019da bir ba\u011f evinde d\u00fcnyaya gelen Semahat Arsel, o zamanki ya\u015fam ile bug\u00fcnk\u00fc ya\u015fam\u0131n farkl\u0131l\u0131klar\u0131n\u0131, yeti\u015fme, e\u011fitim ve \u00f6\u011fretim anlay\u0131\u015f\u0131n\u0131n nas\u0131l de\u011fi\u015fti\u011fini, insanlar\u0131n do\u011fadan nas\u0131l koptu\u011funu tan\u0131kl\u0131klar\u0131 \u0131\u015f\u0131\u011f\u0131nda anlat\u0131yor. Ve Vehbi Ko\u00e7 ailesi bireylerinin T\u00fcrkiye\u2019ye olan ba\u011fl\u0131l\u0131klar\u0131n\u0131, \u00fclkenin her alanda kalk\u0131nmas\u0131 i\u00e7in \u00e7abalar\u0131n\u0131 ve sosyal sorunlar\u0131n \u00e7\u00f6z\u00fcmlenmesi i\u00e7in gayretlerini ortaya koyuyor.   \u201cKu\u015faktan Ku\u015fa\u011fa\u201d kitab\u0131n\u0131 okurken, nesiller aras\u0131nda kurulan k\u00f6pr\u00fcleri, gelecek nesillere emanet edilen de\u011ferlerin \u00f6nemini hissedecek, tan\u0131kl\u0131k edilen olaylar\u0131 birinci a\u011f\u0131zdan dinleyeceksiniz.  <\/p>\n","protected":false},"excerpt":{"rendered":"<p>Ankara\u2019dan \u0130stanbul\u2019a uzanan bir T\u00fcrkiye portresi Bu kitap; Ankara\u2019n\u0131n tarih\u00e7esi ve \u00f6nemini, T\u00fcrkiye Cumhuriyeti\u2019nin ba\u015fkenti olduktan sonraki geli\u015fimini, \u00f6rf ve \u00e2detlerini, gelenek ve g\u00f6reneklerini gelecek nesillere<span class=\"excerpt-hellip\"> [\u2026]<\/span><\/p>\n","protected":false},"featured_media":0,"template":"","meta":{"_monsterinsights_skip_tracking":false,"_monsterinsights_sitenote_active":false,"_monsterinsights_sitenote_note":"","_monsterinsights_sitenote_category":0},"product_brand":[],"product_cat":[12291,12711],"product_tag":[],"class_list":{"0":"post-739084","1":"product","2":"type-product","3":"status-publish","5":"product_cat-edebiyat","6":"product_cat-roman-oyku","7":"pa_cilt-ciltsiz","8":"pa_tur-kitap","9":"pa_yayinevi-yapi-kredi-yayinlari","10":"pa_yazar-semahat-arsel","12":"first","13":"instock","14":"sale","15":"shipping-taxable","16":"purchasable","17":"product-type-simple"},"_links":{"self":[{"href":"https:\/\/roveyayinevi.com.tr\/index.php\/wp-json\/wp\/v2\/product\/739084","targetHints":{"allow":["GET"]}}],"collection":[{"href":"https:\/\/roveyayinevi.com.tr\/index.php\/wp-json\/wp\/v2\/product"}],"about":[{"href":"https:\/\/roveyayinevi.com.tr\/index.php\/wp-json\/wp\/v2\/types\/product"}],"wp:attachment":[{"href":"https:\/\/roveyayinevi.com.tr\/index.php\/wp-json\/wp\/v2\/media?parent=739084"}],"wp:term":[{"taxonomy":"product_brand","embeddable":true,"href":"https:\/\/roveyayinevi.com.tr\/index.php\/wp-json\/wp\/v2\/product_brand?post=739084"},{"taxonomy":"product_cat","embeddable":true,"href":"https:\/\/roveyayinevi.com.tr\/index.php\/wp-json\/wp\/v2\/product_cat?post=739084"},{"taxonomy":"product_tag","embeddable":true,"href":"https:\/\/roveyayinevi.com.tr\/index.php\/wp-json\/wp\/v2\/product_tag?post=739084"}],"curies":[{"name":"wp","href":"https:\/\/api.w.org\/{rel}","templated":true}]}}