{"id":739081,"date":"2025-08-28T00:03:49","date_gmt":"2025-08-27T21:03:49","guid":{"rendered":"https:\/\/roveyayinevi.com.tr\/index.php\/urun\/doguda-kahve-ve-kahvehaneler\/"},"modified":"2026-04-16T02:49:27","modified_gmt":"2026-04-15T23:49:27","slug":"doguda-kahve-ve-kahvehaneler","status":"publish","type":"product","link":"https:\/\/roveyayinevi.com.tr\/index.php\/urun\/doguda-kahve-ve-kahvehaneler\/","title":{"rendered":"Do\u011fu\u2019da Kahve ve Kahvehaneler"},"content":{"rendered":"<p>Do\u011fu ile Bat\u0131\u2019y\u0131 ay\u0131ran k\u00fclt\u00fcrel s\u0131n\u0131r, tarih boyunca hep toplumsal al\u0131\u015fkanl\u0131klar\u0131n mimarisiyle in\u015fa edildi. 16. y\u00fczy\u0131lda g\u00fcndelik hayat\u0131n merkezine yerle\u015fen kahve hem bir al\u0131\u015fkanl\u0131k mimar\u0131 hem de ra\u011fbet g\u00f6rd\u00fc\u011f\u00fc toplum ad\u0131na konu\u015fan g\u00f6z\u00fc pek bir s\u00f6zc\u00fcyd\u00fc. Zihniyet d\u00fcnyam\u0131z\u0131n tortula\u015fm\u0131\u015f yasaklar\u0131n\u0131, onun sayesinde fark edebildik. Ama daha da \u00f6nemlisi bu koyu ve ac\u0131 i\u00e7ece\u011fin cazibesine kap\u0131larak bir sohbet halkas\u0131na girip birbirimizi tan\u0131may\u0131 \u00f6\u011frendik.Kahvenin b\u00fcy\u00fcs\u00fc, kahvehaneleri yaratt\u0131. \u0130slam co\u011frafyas\u0131nda \u015fekillenen siyasi muhalefet ve sosyalle\u015fme, bu mek\u00e2nlar\u0131n \u00e7at\u0131s\u0131 alt\u0131nda bir anlam kazanm\u0131\u015f, toplumsal haberle\u015fmeden ahlak d\u00fcnyas\u0131na, mimariden e\u011flence hayat\u0131na uzanan yol boyunca bu mek\u00e2nlar\u0131n varl\u0131\u011f\u0131 \u00f6nemini hep korumu\u015ftur.Kahvehaneler, Do\u011fu\u2019nun ruhunu arayanlar i\u00e7in \u00f6ncelikli bir g\u00f6zlem alan\u0131d\u0131r. Do\u011fu\u2019da Kahve ve Kahvehaneler bu alana farkl\u0131 a\u00e7\u0131lardan yakla\u015fan tarih\u00e7i, sosyolog ve etnologlar\u0131n \u0130stanbul, Selanik, Kahire, \u015eam, Halep, Tahran ve Cezayir\u2019i ku\u015fatan toplumsal co\u011frafya \u00fczerindeki ara\u015ft\u0131rmalar\u0131n\u0131 bir araya getiriyor.<\/p>\n","protected":false},"excerpt":{"rendered":"<p>Do\u011fu ile Bat\u0131\u2019y\u0131 ay\u0131ran k\u00fclt\u00fcrel s\u0131n\u0131r, tarih boyunca hep toplumsal al\u0131\u015fkanl\u0131klar\u0131n mimarisiyle in\u015fa edildi. 16. y\u00fczy\u0131lda g\u00fcndelik hayat\u0131n merkezine yerle\u015fen kahve hem bir al\u0131\u015fkanl\u0131k mimar\u0131 hem<span class=\"excerpt-hellip\"> [\u2026]<\/span><\/p>\n","protected":false},"featured_media":0,"template":"","meta":{"_monsterinsights_skip_tracking":false,"_monsterinsights_sitenote_active":false,"_monsterinsights_sitenote_note":"","_monsterinsights_sitenote_category":0},"product_brand":[],"product_cat":[13072,12291],"product_tag":[],"class_list":{"0":"post-739081","1":"product","2":"type-product","3":"status-publish","5":"product_cat-arastirma-inceleme-referans","6":"product_cat-edebiyat","7":"pa_cilt-ciltsiz","8":"pa_tur-kitap","9":"pa_yayinevi-yapi-kredi-yayinlari","10":"pa_yazar-kolektif","12":"first","13":"instock","14":"sale","15":"shipping-taxable","16":"purchasable","17":"product-type-simple"},"_links":{"self":[{"href":"https:\/\/roveyayinevi.com.tr\/index.php\/wp-json\/wp\/v2\/product\/739081","targetHints":{"allow":["GET"]}}],"collection":[{"href":"https:\/\/roveyayinevi.com.tr\/index.php\/wp-json\/wp\/v2\/product"}],"about":[{"href":"https:\/\/roveyayinevi.com.tr\/index.php\/wp-json\/wp\/v2\/types\/product"}],"wp:attachment":[{"href":"https:\/\/roveyayinevi.com.tr\/index.php\/wp-json\/wp\/v2\/media?parent=739081"}],"wp:term":[{"taxonomy":"product_brand","embeddable":true,"href":"https:\/\/roveyayinevi.com.tr\/index.php\/wp-json\/wp\/v2\/product_brand?post=739081"},{"taxonomy":"product_cat","embeddable":true,"href":"https:\/\/roveyayinevi.com.tr\/index.php\/wp-json\/wp\/v2\/product_cat?post=739081"},{"taxonomy":"product_tag","embeddable":true,"href":"https:\/\/roveyayinevi.com.tr\/index.php\/wp-json\/wp\/v2\/product_tag?post=739081"}],"curies":[{"name":"wp","href":"https:\/\/api.w.org\/{rel}","templated":true}]}}