{"id":739079,"date":"2025-08-28T00:03:46","date_gmt":"2025-08-27T21:03:46","guid":{"rendered":"https:\/\/roveyayinevi.com.tr\/index.php\/urun\/ay-kasifleri\/"},"modified":"2026-04-16T02:49:27","modified_gmt":"2026-04-15T23:49:27","slug":"ay-kasifleri","status":"publish","type":"product","link":"https:\/\/roveyayinevi.com.tr\/index.php\/urun\/ay-kasifleri\/","title":{"rendered":"Ay Ka\u015fifleri"},"content":{"rendered":"<p>D\u00fcnyaca \u00fcnl\u00fc sanat\u00e7\u0131 Peter H. Reynolds, bu kez ikiz karde\u015fi Paul A. Reynolds&#8217;la birlikte e\u011flenceli bir diziye imza at\u0131yor. Bilim, teknoloji, m\u00fchendislik, sanat ve matemati\u011fi disiplinleraras\u0131 \u00e7al\u0131\u015fma y\u00f6ntemiyle ele alan kitaplar, \u00f6zetle \u015funu s\u00f6yl\u00fcyor: Hayat yarat\u0131c\u0131 olma f\u0131rsatlar\u0131yla doludur. Merakl\u0131 \u0130kizler&#8217;imiz Sidney ve Simon bu kez g\u00f6ky\u00fcz\u00fcne dikiyor g\u00f6zlerini. Ay&#8217;\u0131 ke\u015ffet konulu bir yar\u0131\u015fmaya kendi yarat\u0131c\u0131 projeleriyle kat\u0131lmak i\u00e7in kollar\u0131 s\u0131vayan kahramanlar\u0131m\u0131z yarat\u0131c\u0131 i\u015fbirli\u011finin de\u011ferini fark ediyor. \u00dcnl\u00fc astronot H\u00fcrkanat&#8217;la tan\u0131\u015fma f\u0131rsat\u0131 da cabas\u0131&#8230;<\/p>\n","protected":false},"excerpt":{"rendered":"<p>D\u00fcnyaca \u00fcnl\u00fc sanat\u00e7\u0131 Peter H. Reynolds, bu kez ikiz karde\u015fi Paul A. Reynolds&#8217;la birlikte e\u011flenceli bir diziye imza at\u0131yor. Bilim, teknoloji, m\u00fchendislik, sanat ve matemati\u011fi disiplinleraras\u0131<span class=\"excerpt-hellip\"> [\u2026]<\/span><\/p>\n","protected":false},"featured_media":0,"template":"","meta":{"_monsterinsights_skip_tracking":false,"_monsterinsights_sitenote_active":false,"_monsterinsights_sitenote_note":"","_monsterinsights_sitenote_category":0},"product_brand":[],"product_cat":[12274,12284],"product_tag":[],"class_list":{"0":"post-739079","1":"product","2":"type-product","3":"status-publish","5":"product_cat-cocuk-ve-genclik-kitaplari","6":"product_cat-hikayeler","7":"pa_cilt-ciltsiz","8":"pa_tur-kitap","9":"pa_yayinevi-uyurgezer-kitap","10":"pa_yazar-paula-a-reynolds","12":"first","13":"instock","14":"sale","15":"shipping-taxable","16":"purchasable","17":"product-type-simple"},"_links":{"self":[{"href":"https:\/\/roveyayinevi.com.tr\/index.php\/wp-json\/wp\/v2\/product\/739079","targetHints":{"allow":["GET"]}}],"collection":[{"href":"https:\/\/roveyayinevi.com.tr\/index.php\/wp-json\/wp\/v2\/product"}],"about":[{"href":"https:\/\/roveyayinevi.com.tr\/index.php\/wp-json\/wp\/v2\/types\/product"}],"wp:attachment":[{"href":"https:\/\/roveyayinevi.com.tr\/index.php\/wp-json\/wp\/v2\/media?parent=739079"}],"wp:term":[{"taxonomy":"product_brand","embeddable":true,"href":"https:\/\/roveyayinevi.com.tr\/index.php\/wp-json\/wp\/v2\/product_brand?post=739079"},{"taxonomy":"product_cat","embeddable":true,"href":"https:\/\/roveyayinevi.com.tr\/index.php\/wp-json\/wp\/v2\/product_cat?post=739079"},{"taxonomy":"product_tag","embeddable":true,"href":"https:\/\/roveyayinevi.com.tr\/index.php\/wp-json\/wp\/v2\/product_tag?post=739079"}],"curies":[{"name":"wp","href":"https:\/\/api.w.org\/{rel}","templated":true}]}}