{"id":739075,"date":"2025-08-28T00:03:41","date_gmt":"2025-08-27T21:03:41","guid":{"rendered":"https:\/\/roveyayinevi.com.tr\/index.php\/urun\/enayi-bir-ask-2\/"},"modified":"2026-04-16T02:49:26","modified_gmt":"2026-04-15T23:49:26","slug":"enayi-bir-ask-2","status":"publish","type":"product","link":"https:\/\/roveyayinevi.com.tr\/index.php\/urun\/enayi-bir-ask-2\/","title":{"rendered":"Enayi Bir A\u015fk"},"content":{"rendered":"<p>Enayi bir a\u015fk&#8230; ve sabahl\u0131k \u0131slak, terlik patlak, surat sar\u0131, ka\u015flar yar\u0131 yar\u0131ya al\u0131nm\u0131\u015fken \u00e7ok ge\u00e7&#8230; bitmesi gerekti\u011fi gibi biten \u00f6yk\u00fc ya sonra&#8230; evlenince yaln\u0131z kendisi i\u00e7in ya\u015famamaya ba\u015flay\u0131nca&#8230; k\u00fcf\u00fcr etmeyi bilmeyen damat&#8230; peki ya denizleri, denizler g\u00f6kleri aratmaz m\u0131 hi\u00e7?&#8230; sekiz bardak su Hilmi Bey&#8230; Haluk Hoca\u00b4n\u0131n bek\u00e7isi&#8230; sizin i\u00e7in sizlerle birlikte ya\u015fayan hocan\u0131z&#8230; beceriksizli\u011fini, \u00e7irkinli\u011fini, h\u00f6d\u00fckl\u00fc\u011f\u00fcn\u00fc duyanlar ama y\u0131lmayanlar&#8230; ve bir a\u015fk filmi. Senaryo ve y\u00f6netim: \u015eiir Erk\u00f6k Y\u0131lmaz&#8230; Enayi Bir A\u015fk&#8230; \u00d6yk\u00fcler&#8230;<\/p>\n","protected":false},"excerpt":{"rendered":"<p>Enayi bir a\u015fk&#8230; ve sabahl\u0131k \u0131slak, terlik patlak, surat sar\u0131, ka\u015flar yar\u0131 yar\u0131ya al\u0131nm\u0131\u015fken \u00e7ok ge\u00e7&#8230; bitmesi gerekti\u011fi gibi biten \u00f6yk\u00fc ya sonra&#8230; evlenince yaln\u0131z kendisi<span class=\"excerpt-hellip\"> [\u2026]<\/span><\/p>\n","protected":false},"featured_media":0,"template":"","meta":{"_monsterinsights_skip_tracking":false,"_monsterinsights_sitenote_active":false,"_monsterinsights_sitenote_note":"","_monsterinsights_sitenote_category":0},"product_brand":[],"product_cat":[12291,12711],"product_tag":[],"class_list":{"0":"post-739075","1":"product","2":"type-product","3":"status-publish","5":"product_cat-edebiyat","6":"product_cat-roman-oyku","7":"pa_cilt-ciltsiz","8":"pa_tur-kitap","9":"pa_yayinevi-yapi-kredi-yayinlari","10":"pa_yazar-siir-erkok-yilmaz","12":"first","13":"instock","14":"sale","15":"shipping-taxable","16":"purchasable","17":"product-type-simple"},"_links":{"self":[{"href":"https:\/\/roveyayinevi.com.tr\/index.php\/wp-json\/wp\/v2\/product\/739075","targetHints":{"allow":["GET"]}}],"collection":[{"href":"https:\/\/roveyayinevi.com.tr\/index.php\/wp-json\/wp\/v2\/product"}],"about":[{"href":"https:\/\/roveyayinevi.com.tr\/index.php\/wp-json\/wp\/v2\/types\/product"}],"wp:attachment":[{"href":"https:\/\/roveyayinevi.com.tr\/index.php\/wp-json\/wp\/v2\/media?parent=739075"}],"wp:term":[{"taxonomy":"product_brand","embeddable":true,"href":"https:\/\/roveyayinevi.com.tr\/index.php\/wp-json\/wp\/v2\/product_brand?post=739075"},{"taxonomy":"product_cat","embeddable":true,"href":"https:\/\/roveyayinevi.com.tr\/index.php\/wp-json\/wp\/v2\/product_cat?post=739075"},{"taxonomy":"product_tag","embeddable":true,"href":"https:\/\/roveyayinevi.com.tr\/index.php\/wp-json\/wp\/v2\/product_tag?post=739075"}],"curies":[{"name":"wp","href":"https:\/\/api.w.org\/{rel}","templated":true}]}}