{"id":739073,"date":"2025-08-28T00:03:39","date_gmt":"2025-08-27T21:03:39","guid":{"rendered":"https:\/\/roveyayinevi.com.tr\/index.php\/urun\/10-yavru-hayvan-toplama-ogrenelim-1den-10a-kadar-sayilar\/"},"modified":"2026-04-16T02:49:26","modified_gmt":"2026-04-15T23:49:26","slug":"10-yavru-hayvan-toplama-ogrenelim-1den-10a-kadar-sayilar","status":"publish","type":"product","link":"https:\/\/roveyayinevi.com.tr\/index.php\/urun\/10-yavru-hayvan-toplama-ogrenelim-1den-10a-kadar-sayilar\/","title":{"rendered":"10 Yavru Hayvan \u2013 Toplama \u00d6\u011frenelim 1\u2019den 10\u2019a Kadar Say\u0131lar"},"content":{"rendered":"<p>Toplama \u00d6\u011frenelim &#8211; 1\u2019den 1 0\u2019a kadar say\u0131lar Hem 1\u2019den 10\u2019a kadar say\u0131lar\u0131 birer birer toplamay\u0131 \u00f6\u011frenelim hem de ilgin\u00e7 hayvanlar tan\u0131yal\u0131m. Bu yavru hayvanlar \u00e7ok ak\u0131ll\u0131, \u00e7ok e\u011flenceli&#8230; <\/p>\n","protected":false},"excerpt":{"rendered":"<p>Toplama \u00d6\u011frenelim &#8211; 1\u2019den 1 0\u2019a kadar say\u0131lar Hem 1\u2019den 10\u2019a kadar say\u0131lar\u0131 birer birer toplamay\u0131 \u00f6\u011frenelim hem de ilgin\u00e7 hayvanlar tan\u0131yal\u0131m. Bu yavru hayvanlar \u00e7ok<span class=\"excerpt-hellip\"> [\u2026]<\/span><\/p>\n","protected":false},"featured_media":0,"template":"","meta":{"_monsterinsights_skip_tracking":false,"_monsterinsights_sitenote_active":false,"_monsterinsights_sitenote_note":"","_monsterinsights_sitenote_category":0},"product_brand":[],"product_cat":[12274,12284],"product_tag":[],"class_list":{"0":"post-739073","1":"product","2":"type-product","3":"status-publish","5":"product_cat-cocuk-ve-genclik-kitaplari","6":"product_cat-hikayeler","7":"pa_cilt-ciltsiz","8":"pa_tur-kitap","9":"pa_yayinevi-is-bankasi-kultur-yayinlari","10":"pa_yazar-grace-nolan","12":"first","13":"instock","14":"sale","15":"shipping-taxable","16":"purchasable","17":"product-type-simple"},"_links":{"self":[{"href":"https:\/\/roveyayinevi.com.tr\/index.php\/wp-json\/wp\/v2\/product\/739073","targetHints":{"allow":["GET"]}}],"collection":[{"href":"https:\/\/roveyayinevi.com.tr\/index.php\/wp-json\/wp\/v2\/product"}],"about":[{"href":"https:\/\/roveyayinevi.com.tr\/index.php\/wp-json\/wp\/v2\/types\/product"}],"wp:attachment":[{"href":"https:\/\/roveyayinevi.com.tr\/index.php\/wp-json\/wp\/v2\/media?parent=739073"}],"wp:term":[{"taxonomy":"product_brand","embeddable":true,"href":"https:\/\/roveyayinevi.com.tr\/index.php\/wp-json\/wp\/v2\/product_brand?post=739073"},{"taxonomy":"product_cat","embeddable":true,"href":"https:\/\/roveyayinevi.com.tr\/index.php\/wp-json\/wp\/v2\/product_cat?post=739073"},{"taxonomy":"product_tag","embeddable":true,"href":"https:\/\/roveyayinevi.com.tr\/index.php\/wp-json\/wp\/v2\/product_tag?post=739073"}],"curies":[{"name":"wp","href":"https:\/\/api.w.org\/{rel}","templated":true}]}}