{"id":739071,"date":"2025-08-28T00:03:36","date_gmt":"2025-08-27T21:03:36","guid":{"rendered":"https:\/\/roveyayinevi.com.tr\/index.php\/urun\/dinozorlar-markette\/"},"modified":"2026-04-16T02:49:26","modified_gmt":"2026-04-15T23:49:26","slug":"dinozorlar-markette","status":"publish","type":"product","link":"https:\/\/roveyayinevi.com.tr\/index.php\/urun\/dinozorlar-markette\/","title":{"rendered":"Dinozorlar Markette!"},"content":{"rendered":"<p>\u201c\u0130\u015fte T-Rex; sosisleri hap\u0131r hupur yiyor. Sakar Stegosaurus, fasulye konservelerini d\u00fc\u015f\u00fcrd\u00fc. \u0130ki afacan Apatosaurus, dondurulmu\u015f bezelyelerle oynuyor. Ye\u015fil bezelye taneleri her yere d\u00f6k\u00fcld\u00fc!\u201d Markette bir g\u00fcn\u00fcn bu kadar e\u011flenceli ge\u00e7ece\u011fini kimse tahmin edemezdi! Hayal g\u00fcc\u00fcn\u00fc harekete ge\u00e7iren, \u00e7ok komik bir \u00f6yk\u00fc!<\/p>\n","protected":false},"excerpt":{"rendered":"<p>\u201c\u0130\u015fte T-Rex; sosisleri hap\u0131r hupur yiyor. Sakar Stegosaurus, fasulye konservelerini d\u00fc\u015f\u00fcrd\u00fc. \u0130ki afacan Apatosaurus, dondurulmu\u015f bezelyelerle oynuyor. Ye\u015fil bezelye taneleri her yere d\u00f6k\u00fcld\u00fc!\u201d Markette bir g\u00fcn\u00fcn<span class=\"excerpt-hellip\"> [\u2026]<\/span><\/p>\n","protected":false},"featured_media":0,"template":"","meta":{"_monsterinsights_skip_tracking":false,"_monsterinsights_sitenote_active":false,"_monsterinsights_sitenote_note":"","_monsterinsights_sitenote_category":0},"product_brand":[],"product_cat":[12274,12284],"product_tag":[],"class_list":{"0":"post-739071","1":"product","2":"type-product","3":"status-publish","5":"product_cat-cocuk-ve-genclik-kitaplari","6":"product_cat-hikayeler","7":"pa_cilt-ciltsiz","8":"pa_tur-kitap","9":"pa_yayinevi-is-bankasi-kultur-yayinlari","10":"pa_yazar-timothy-knapman","12":"first","13":"instock","14":"sale","15":"shipping-taxable","16":"purchasable","17":"product-type-simple"},"_links":{"self":[{"href":"https:\/\/roveyayinevi.com.tr\/index.php\/wp-json\/wp\/v2\/product\/739071","targetHints":{"allow":["GET"]}}],"collection":[{"href":"https:\/\/roveyayinevi.com.tr\/index.php\/wp-json\/wp\/v2\/product"}],"about":[{"href":"https:\/\/roveyayinevi.com.tr\/index.php\/wp-json\/wp\/v2\/types\/product"}],"wp:attachment":[{"href":"https:\/\/roveyayinevi.com.tr\/index.php\/wp-json\/wp\/v2\/media?parent=739071"}],"wp:term":[{"taxonomy":"product_brand","embeddable":true,"href":"https:\/\/roveyayinevi.com.tr\/index.php\/wp-json\/wp\/v2\/product_brand?post=739071"},{"taxonomy":"product_cat","embeddable":true,"href":"https:\/\/roveyayinevi.com.tr\/index.php\/wp-json\/wp\/v2\/product_cat?post=739071"},{"taxonomy":"product_tag","embeddable":true,"href":"https:\/\/roveyayinevi.com.tr\/index.php\/wp-json\/wp\/v2\/product_tag?post=739071"}],"curies":[{"name":"wp","href":"https:\/\/api.w.org\/{rel}","templated":true}]}}