{"id":739070,"date":"2025-08-28T00:03:35","date_gmt":"2025-08-27T21:03:35","guid":{"rendered":"https:\/\/roveyayinevi.com.tr\/index.php\/urun\/doga-dostu-defne-arilari-koruyalim\/"},"modified":"2026-04-16T02:49:26","modified_gmt":"2026-04-15T23:49:26","slug":"doga-dostu-defne-arilari-koruyalim","status":"publish","type":"product","link":"https:\/\/roveyayinevi.com.tr\/index.php\/urun\/doga-dostu-defne-arilari-koruyalim\/","title":{"rendered":"Do\u011fa Dostu Defne &#8211; Ar\u0131lar\u0131 Koruyal\u0131m!"},"content":{"rendered":"<p>Ar\u0131lar\u0131n say\u0131s\u0131 g\u00fcn ge\u00e7tik\u00e7e azal\u0131yor! Ar\u0131lar\u0131 nas\u0131l koruyabiliriz? Defne ile arkada\u015f\u0131 Petek, o y\u0131l kasabalar\u0131ndaki ar\u0131lar\u0131n azald\u0131\u011f\u0131n\u0131 \u00f6\u011frendiler. Ar\u0131lar olmazsa o lezzetli \u00e7ilekler, armutlar domatesler, ball\u0131 \u00e7\u00f6rekler de olmazd\u0131. Peki, nereye gitti bu ar\u0131lar? Onlar\u0131 kurtarmak i\u00e7in neler yapabiliriz? Defne, \u00e7evresindekileri bilgilendirmeye karar verdi. Sen de Defne\u2019ye kat\u0131l ve ar\u0131lar\u0131 nas\u0131l koruyabilece\u011fini ke\u015ffet! \u201c\u00c7ocu\u011funuzun erken ya\u015fta \u00e7evre bilinci edinmesi, daha temiz bir gelecek i\u00e7in b\u00fcy\u00fck \u00f6nem ta\u015f\u0131yor. Ar\u0131lar\u0131 Koruyal\u0131m! \u00e7evre duyarl\u0131\u011f\u0131na sahip bireylerin yeti\u015fmesi i\u00e7in \u00e7ok faydal\u0131 olacakt\u0131r.\u201d Dr. Jess French \u2013 Cbeebies program\u0131 <\/p>\n","protected":false},"excerpt":{"rendered":"<p>Ar\u0131lar\u0131n say\u0131s\u0131 g\u00fcn ge\u00e7tik\u00e7e azal\u0131yor! Ar\u0131lar\u0131 nas\u0131l koruyabiliriz? Defne ile arkada\u015f\u0131 Petek, o y\u0131l kasabalar\u0131ndaki ar\u0131lar\u0131n azald\u0131\u011f\u0131n\u0131 \u00f6\u011frendiler. Ar\u0131lar olmazsa o lezzetli \u00e7ilekler, armutlar domatesler, ball\u0131<span class=\"excerpt-hellip\"> [\u2026]<\/span><\/p>\n","protected":false},"featured_media":0,"template":"","meta":{"_monsterinsights_skip_tracking":false,"_monsterinsights_sitenote_active":false,"_monsterinsights_sitenote_note":"","_monsterinsights_sitenote_category":0},"product_brand":[],"product_cat":[12274,15842],"product_tag":[],"class_list":{"0":"post-739070","1":"product","2":"type-product","3":"status-publish","5":"product_cat-cocuk-ve-genclik-kitaplari","6":"product_cat-egitici-kitaplar","7":"pa_cilt-ciltsiz","8":"pa_tur-kitap","9":"pa_yayinevi-is-bankasi-kultur-yayinlari","10":"pa_yazar-janey-louise-jones","12":"first","13":"instock","14":"sale","15":"shipping-taxable","16":"purchasable","17":"product-type-simple"},"_links":{"self":[{"href":"https:\/\/roveyayinevi.com.tr\/index.php\/wp-json\/wp\/v2\/product\/739070","targetHints":{"allow":["GET"]}}],"collection":[{"href":"https:\/\/roveyayinevi.com.tr\/index.php\/wp-json\/wp\/v2\/product"}],"about":[{"href":"https:\/\/roveyayinevi.com.tr\/index.php\/wp-json\/wp\/v2\/types\/product"}],"wp:attachment":[{"href":"https:\/\/roveyayinevi.com.tr\/index.php\/wp-json\/wp\/v2\/media?parent=739070"}],"wp:term":[{"taxonomy":"product_brand","embeddable":true,"href":"https:\/\/roveyayinevi.com.tr\/index.php\/wp-json\/wp\/v2\/product_brand?post=739070"},{"taxonomy":"product_cat","embeddable":true,"href":"https:\/\/roveyayinevi.com.tr\/index.php\/wp-json\/wp\/v2\/product_cat?post=739070"},{"taxonomy":"product_tag","embeddable":true,"href":"https:\/\/roveyayinevi.com.tr\/index.php\/wp-json\/wp\/v2\/product_tag?post=739070"}],"curies":[{"name":"wp","href":"https:\/\/api.w.org\/{rel}","templated":true}]}}