{"id":739066,"date":"2025-08-28T00:03:31","date_gmt":"2025-08-27T21:03:31","guid":{"rendered":"https:\/\/roveyayinevi.com.tr\/index.php\/urun\/canakkale-muharebeleri\/"},"modified":"2026-04-16T02:49:26","modified_gmt":"2026-04-15T23:49:26","slug":"canakkale-muharebeleri","status":"publish","type":"product","link":"https:\/\/roveyayinevi.com.tr\/index.php\/urun\/canakkale-muharebeleri\/","title":{"rendered":"\u00c7anakkale Muharebeleri"},"content":{"rendered":"<p>\u00c7anakkale Sava\u015f\u0131\u2019n\u0131n stratejik, operasyonel ve taktik planlamalar\u0131 hangi d\u00fc\u015f\u00fcncelerle yap\u0131ld\u0131, nas\u0131l uyguland\u0131? \u0130tilaf taraf\u0131 ve T\u00fcrk taraf\u0131 sava\u015fa nas\u0131l haz\u0131rland\u0131, elindeki kuvveti nas\u0131l kulland\u0131, olanaklar\u0131 aras\u0131ndaki orant\u0131s\u0131zl\u0131k, elde ettikleri sonu\u00e7lara nas\u0131l yans\u0131d\u0131? Tek tek muharebelerde hangi dikkate de\u011fer olaylar ya\u015fand\u0131? Hayat\u0131n\u0131 \u00c7anakkale Sava\u015f\u0131\u2019n\u0131n muharebe co\u011frafyas\u0131n\u0131 ad\u0131m ad\u0131m incelemeye ve komutan\u0131ndan erine dek sava\u015fa kat\u0131lm\u0131\u015f askerlerimizi isim isim ara\u015ft\u0131rmaya adayan \u015eahin Aldo\u011fan, yar\u0131m as\u0131rd\u0131r s\u00fcrd\u00fcrd\u00fc\u011f\u00fc \u00e7al\u0131\u015fmalardan s\u00fczd\u00fc\u011f\u00fc de\u011ferlendirmeleri okurla payla\u015f\u0131yor. Her bir \u00e7arp\u0131\u015fman\u0131n \u00f6zetlenip \u0130tilaf taraf\u0131 ve T\u00fcrk taraf\u0131 olarak ayr\u0131 ayr\u0131 ve ayr\u0131nt\u0131s\u0131yla de\u011ferlendirdi\u011fi kitapta, kafalarda soru i\u015fareti olarak kalmaya devam edenler dahil, bir\u00e7ok olaya ili\u015fkin bilgi ve tecr\u00fcbe dolu yorumlar okurla bulu\u015fuyor. Ba\u015fta Mustafa Kemal olmak \u00fczere ki\u015fisel inisiyatifleriyle yurt savunmas\u0131n\u0131 kahramanl\u0131k d\u00fczeyine \u00e7\u0131kararak bu zaferi bize arma\u011fan edenlerin an\u0131lar\u0131 onurland\u0131r\u0131l\u0131yor. Bu kitab\u0131n okuru, T\u00fcrk yay\u0131nc\u0131l\u0131\u011f\u0131 a\u00e7\u0131s\u0131ndan yeni bir uygulamadan yararlanacak: \u0130lgili sayfadaki karekodu okutup muharebelere dair harita ve krokilerin renkli ve istedi\u011fi \u00f6l\u00e7\u00fcde b\u00fcy\u00fctebilece\u011fi versiyonuna ula\u015farak k\u0131rk be\u015f g\u00f6rseli yak\u0131ndan inceleyebilecek. <\/p>\n","protected":false},"excerpt":{"rendered":"<p>\u00c7anakkale Sava\u015f\u0131\u2019n\u0131n stratejik, operasyonel ve taktik planlamalar\u0131 hangi d\u00fc\u015f\u00fcncelerle yap\u0131ld\u0131, nas\u0131l uyguland\u0131? \u0130tilaf taraf\u0131 ve T\u00fcrk taraf\u0131 sava\u015fa nas\u0131l haz\u0131rland\u0131, elindeki kuvveti nas\u0131l kulland\u0131, olanaklar\u0131 aras\u0131ndaki<span class=\"excerpt-hellip\"> [\u2026]<\/span><\/p>\n","protected":false},"featured_media":0,"template":"","meta":{"_monsterinsights_skip_tracking":false,"_monsterinsights_sitenote_active":false,"_monsterinsights_sitenote_note":"","_monsterinsights_sitenote_category":0},"product_brand":[],"product_cat":[12312,12304],"product_tag":[],"class_list":{"0":"post-739066","1":"product","2":"type-product","3":"status-publish","5":"product_cat-diger","6":"product_cat-tarih","7":"pa_cilt-ciltsiz","8":"pa_tur-kitap","9":"pa_yayinevi-is-bankasi-kultur-yayinlari","10":"pa_yazar-sahin-aldogan-melike-bayrak-ozcelik","12":"first","13":"instock","14":"sale","15":"shipping-taxable","16":"purchasable","17":"product-type-simple"},"_links":{"self":[{"href":"https:\/\/roveyayinevi.com.tr\/index.php\/wp-json\/wp\/v2\/product\/739066","targetHints":{"allow":["GET"]}}],"collection":[{"href":"https:\/\/roveyayinevi.com.tr\/index.php\/wp-json\/wp\/v2\/product"}],"about":[{"href":"https:\/\/roveyayinevi.com.tr\/index.php\/wp-json\/wp\/v2\/types\/product"}],"wp:attachment":[{"href":"https:\/\/roveyayinevi.com.tr\/index.php\/wp-json\/wp\/v2\/media?parent=739066"}],"wp:term":[{"taxonomy":"product_brand","embeddable":true,"href":"https:\/\/roveyayinevi.com.tr\/index.php\/wp-json\/wp\/v2\/product_brand?post=739066"},{"taxonomy":"product_cat","embeddable":true,"href":"https:\/\/roveyayinevi.com.tr\/index.php\/wp-json\/wp\/v2\/product_cat?post=739066"},{"taxonomy":"product_tag","embeddable":true,"href":"https:\/\/roveyayinevi.com.tr\/index.php\/wp-json\/wp\/v2\/product_tag?post=739066"}],"curies":[{"name":"wp","href":"https:\/\/api.w.org\/{rel}","templated":true}]}}