{"id":739062,"date":"2025-08-28T00:03:26","date_gmt":"2025-08-27T21:03:26","guid":{"rendered":"https:\/\/roveyayinevi.com.tr\/index.php\/urun\/heraklesogullari-ciltli\/"},"modified":"2026-04-16T02:49:26","modified_gmt":"2026-04-15T23:49:26","slug":"heraklesogullari-ciltli","status":"publish","type":"product","link":"https:\/\/roveyayinevi.com.tr\/index.php\/urun\/heraklesogullari-ciltli\/","title":{"rendered":"Herakleso\u011fullar\u0131 (Ciltli)"},"content":{"rendered":"<p>Euripides (M\u00d6 y.484-406): Atina\u2019n\u0131n yeti\u015ftirdi\u011fi \u00fc\u00e7 b\u00fcy\u00fck tragedya \u015fairi aras\u0131nda en fazla eseri g\u00fcn\u00fcm\u00fcze ula\u015fan sanat\u00e7\u0131 olarak \u00f6zel bir yeri vard\u0131r. Bu \u00f6zelli\u011fi \u015fenliklerde Aiskhylos ve Sophokles kadar birincilik \u00f6d\u00fcl\u00fc kazanmam\u0131\u015f olsa da halk aras\u0131nda daha \u00e7ok be\u011fenilen bir \u015fair olmas\u0131na ba\u011flan\u0131r. Euripides\u2019in kahramanlar\u0131 insana \u00f6zg\u00fc zay\u0131fl\u0131k ve kusurlar\u0131 ta\u015f\u0131rlar, ya\u015fad\u0131klar\u0131 trajediler de bu kusurlar\u0131 ile vazge\u00e7emedikleri tutkular\u0131ndan kaynaklan\u0131r. Euripides \u00e7a\u011fda\u015f tiyatroya en yak\u0131n eserler veren klasik ozan veya modern ozanlar\u0131n ilki say\u0131labilir. Herakleso\u011fullar\u0131\u2019n\u0131n Peloponnessos Sava\u015f\u0131\u2019n\u0131n ilk y\u0131llar\u0131nda yaz\u0131ld\u0131\u011f\u0131 ve sava\u015f\u0131n d\u00f6rd\u00fcnc\u00fc y\u0131l\u0131 olan 427\u2019de sahnelendi\u011fi tahmin edilmektedir. Euripides bu eserinde sava\u015f\u0131n do\u011furdu\u011fu etik sorunlar hakk\u0131nda d\u00fc\u015f\u00fcncelerini sahneye ta\u015f\u0131m\u0131\u015f, yurtta\u015flar\u0131n\u0131n yurtseverlik duygular\u0131na seslenmi\u015ftir. Eserde bir kentin kendisine s\u0131\u011f\u0131nanlara kar\u015f\u0131 ne y\u00fck\u00fcml\u00fcl\u00fckler ta\u015f\u0131d\u0131\u011f\u0131, esirlere nas\u0131l davran\u0131lmas\u0131 gerekti\u011fi gibi konulara da de\u011finilmi\u015f, ayr\u0131ca bir bireyin ait oldu\u011fu toplumun yarar\u0131na kendini feda etmesi veya kurban edilmeye g\u00f6n\u00fcll\u00fc olmas\u0131 yurtseverlik belirtisi olarak y\u00fcceltilmi\u015ftir.    <\/p>\n","protected":false},"excerpt":{"rendered":"<p>Euripides (M\u00d6 y.484-406): Atina\u2019n\u0131n yeti\u015ftirdi\u011fi \u00fc\u00e7 b\u00fcy\u00fck tragedya \u015fairi aras\u0131nda en fazla eseri g\u00fcn\u00fcm\u00fcze ula\u015fan sanat\u00e7\u0131 olarak \u00f6zel bir yeri vard\u0131r. Bu \u00f6zelli\u011fi \u015fenliklerde Aiskhylos ve<span class=\"excerpt-hellip\"> [\u2026]<\/span><\/p>\n","protected":false},"featured_media":0,"template":"","meta":{"_monsterinsights_skip_tracking":false,"_monsterinsights_sitenote_active":false,"_monsterinsights_sitenote_note":"","_monsterinsights_sitenote_category":0},"product_brand":[],"product_cat":[12291,12711],"product_tag":[],"class_list":{"0":"post-739062","1":"product","2":"type-product","3":"status-publish","5":"product_cat-edebiyat","6":"product_cat-roman-oyku","7":"pa_cilt-ciltli","8":"pa_tur-kitap","9":"pa_yayinevi-is-bankasi-kultur-yayinlari","10":"pa_yazar-euripides","12":"first","13":"instock","14":"sale","15":"shipping-taxable","16":"purchasable","17":"product-type-simple"},"_links":{"self":[{"href":"https:\/\/roveyayinevi.com.tr\/index.php\/wp-json\/wp\/v2\/product\/739062","targetHints":{"allow":["GET"]}}],"collection":[{"href":"https:\/\/roveyayinevi.com.tr\/index.php\/wp-json\/wp\/v2\/product"}],"about":[{"href":"https:\/\/roveyayinevi.com.tr\/index.php\/wp-json\/wp\/v2\/types\/product"}],"wp:attachment":[{"href":"https:\/\/roveyayinevi.com.tr\/index.php\/wp-json\/wp\/v2\/media?parent=739062"}],"wp:term":[{"taxonomy":"product_brand","embeddable":true,"href":"https:\/\/roveyayinevi.com.tr\/index.php\/wp-json\/wp\/v2\/product_brand?post=739062"},{"taxonomy":"product_cat","embeddable":true,"href":"https:\/\/roveyayinevi.com.tr\/index.php\/wp-json\/wp\/v2\/product_cat?post=739062"},{"taxonomy":"product_tag","embeddable":true,"href":"https:\/\/roveyayinevi.com.tr\/index.php\/wp-json\/wp\/v2\/product_tag?post=739062"}],"curies":[{"name":"wp","href":"https:\/\/api.w.org\/{rel}","templated":true}]}}