{"id":739059,"date":"2025-08-28T00:03:22","date_gmt":"2025-08-27T21:03:22","guid":{"rendered":"https:\/\/roveyayinevi.com.tr\/index.php\/urun\/adalet-teorileri-cagdas-bir-tartisma\/"},"modified":"2026-04-16T02:49:25","modified_gmt":"2026-04-15T23:49:25","slug":"adalet-teorileri-cagdas-bir-tartisma","status":"publish","type":"product","link":"https:\/\/roveyayinevi.com.tr\/index.php\/urun\/adalet-teorileri-cagdas-bir-tartisma\/","title":{"rendered":"Adalet Teorileri \u2013\u00c7a\u011fda\u015f Bir Tart\u0131\u015fma"},"content":{"rendered":"<p>John Rawls\u2019un Bir Adalet Teorisi ba\u015fl\u0131kl\u0131 \u00fcnl\u00fc eseri 1971 y\u0131l\u0131nda yay\u0131mland\u0131\u011f\u0131nda, adalet hakk\u0131nda yap\u0131lagelen \u00e7a\u011fda\u015f felsefe, siyaset ve hukuk tart\u0131\u015fmalar\u0131n\u0131n \u00e7ehresini de\u011fi\u015ftirdi. Ald\u0131\u011f\u0131 \u00f6vg\u00fcler ve ele\u015ftirilerle daha sonraki giri\u015fimler i\u00e7in bir esin kayna\u011f\u0131 h\u00e2line geldi ve alanda bir s\u0131\u00e7rama tahtas\u0131 te\u015fkil etti. Bug\u00fcn Bat\u0131 d\u00fcnyas\u0131n\u0131n birlikte ya\u015fama k\u00fclt\u00fcr\u00fcn\u00fc, \u00e7at\u0131\u015fmalar\u0131 y\u00f6netme stratejilerini, kurumlar\u0131n\u0131 \u00fczerine in\u015fa etti\u011fi ilkeleri ve hayata ge\u00e7irdi\u011fi temel siyasalar\u0131, bu tart\u0131\u015fmay\u0131 ana hatlar\u0131yla kavramadan anlamak epey g\u00fc\u00e7. Bu kitap bu esasl\u0131 tart\u0131\u015fman\u0131n \u2018\u00e7\u00f6z\u00fcn\u00fcrl\u00fc\u011f\u00fc y\u00fcksek ve kolay okunabilen bir haritas\u0131n\u0131\u2019 sunuyor. Okuru John Rawls, Amartya Sen, Martha Nussbaum, Milton Friedman, Robert Nozick, Will Kymlicka, Nancy Fraser, G. A. Cohen, Susan Moller Okin gibi isimlerle ayn\u0131 masada oturmaya, adaletin do\u011fas\u0131, insanca ve hak\u00e7a ya\u015faman\u0131n anlam\u0131, adil bir d\u00fcnyan\u0131n olana\u011f\u0131 hakk\u0131nda yap\u0131lagelen bu uzun soluklu s\u00f6yle\u015fiye bizzat kat\u0131lmaya \u00e7a\u011f\u0131r\u0131yor. Siyaset felsefesinin en temel konular\u0131n\u0131 kolay yoldan \u00f6\u011frenmek isteyenler i\u00e7in bulunmaz bir k\u0131lavuz olan bu kitap, adalet teorilerinin temel kavramlar\u0131n\u0131 ortaya koyuyor; istendik sonu\u00e7lar\u0131n\u0131 ve uygulamada yol a\u00e7t\u0131\u011f\u0131 beklenmedik sorunlar\u0131 parlak ama yal\u0131n bir anlat\u0131mla g\u00f6zler \u00f6n\u00fcne seriyor.<\/p>\n","protected":false},"excerpt":{"rendered":"<p>John Rawls\u2019un Bir Adalet Teorisi ba\u015fl\u0131kl\u0131 \u00fcnl\u00fc eseri 1971 y\u0131l\u0131nda yay\u0131mland\u0131\u011f\u0131nda, adalet hakk\u0131nda yap\u0131lagelen \u00e7a\u011fda\u015f felsefe, siyaset ve hukuk tart\u0131\u015fmalar\u0131n\u0131n \u00e7ehresini de\u011fi\u015ftirdi. Ald\u0131\u011f\u0131 \u00f6vg\u00fcler ve ele\u015ftirilerle<span class=\"excerpt-hellip\"> [\u2026]<\/span><\/p>\n","protected":false},"featured_media":0,"template":"","meta":{"_monsterinsights_skip_tracking":false,"_monsterinsights_sitenote_active":false,"_monsterinsights_sitenote_note":"","_monsterinsights_sitenote_category":0},"product_brand":[],"product_cat":[12388,15536],"product_tag":[],"class_list":{"0":"post-739059","1":"product","2":"type-product","3":"status-publish","5":"product_cat-felsefe","6":"product_cat-siyaset-felsefesi","7":"pa_cilt-ciltsiz","8":"pa_tur-kitap","9":"pa_yayinevi-fol-kitap","10":"pa_yazar-harry-brighouse","12":"first","13":"instock","14":"sale","15":"shipping-taxable","16":"purchasable","17":"product-type-simple"},"_links":{"self":[{"href":"https:\/\/roveyayinevi.com.tr\/index.php\/wp-json\/wp\/v2\/product\/739059","targetHints":{"allow":["GET"]}}],"collection":[{"href":"https:\/\/roveyayinevi.com.tr\/index.php\/wp-json\/wp\/v2\/product"}],"about":[{"href":"https:\/\/roveyayinevi.com.tr\/index.php\/wp-json\/wp\/v2\/types\/product"}],"wp:attachment":[{"href":"https:\/\/roveyayinevi.com.tr\/index.php\/wp-json\/wp\/v2\/media?parent=739059"}],"wp:term":[{"taxonomy":"product_brand","embeddable":true,"href":"https:\/\/roveyayinevi.com.tr\/index.php\/wp-json\/wp\/v2\/product_brand?post=739059"},{"taxonomy":"product_cat","embeddable":true,"href":"https:\/\/roveyayinevi.com.tr\/index.php\/wp-json\/wp\/v2\/product_cat?post=739059"},{"taxonomy":"product_tag","embeddable":true,"href":"https:\/\/roveyayinevi.com.tr\/index.php\/wp-json\/wp\/v2\/product_tag?post=739059"}],"curies":[{"name":"wp","href":"https:\/\/api.w.org\/{rel}","templated":true}]}}