{"id":739057,"date":"2025-08-28T00:03:20","date_gmt":"2025-08-27T21:03:20","guid":{"rendered":"https:\/\/roveyayinevi.com.tr\/index.php\/urun\/her-seyi-degistirme-rehberi\/"},"modified":"2026-04-08T02:57:23","modified_gmt":"2026-04-07T23:57:23","slug":"her-seyi-degistirme-rehberi","status":"publish","type":"product","link":"https:\/\/roveyayinevi.com.tr\/index.php\/urun\/her-seyi-degistirme-rehberi\/","title":{"rendered":"Her \u015eeyi De\u011fi\u015ftirme Rehberi"},"content":{"rendered":"<p>Her \u015eeyi De\u011fi\u015ftirmeye Haz\u0131r m\u0131s\u0131n? &#8220;Bu kitab\u0131 sana daha iyi bir gelecek i\u00e7in de\u011fi\u015fimin m\u00fcmk\u00fcn oldu\u011funu g\u00f6stermek ad\u0131na yazd\u0131m.&#8221; (Naomi Klein) Artan s\u0131cakl\u0131klar, Amazon\u2019da \u00e7\u0131kan yang\u0131nlar, \u015fiddetli kas\u0131rgalar&#8230; Bunlar, iklim de\u011fi\u015fikli\u011finin g\u00fcn\u00fcm\u00fczde g\u00f6zlemleyebildi\u011fimiz etkilerinden yaln\u0131zca birka\u00e7\u0131. \u0130yi haberse bu konuda hepimiz h\u00e2l\u00e2 bir \u015feyler yapabiliriz. \u0130klim de\u011fi\u015fikli\u011finin yaln\u0131zca \u00e7evresel etkilerine kar\u015f\u0131 de\u011fil, ayn\u0131 zamanda herkes i\u00e7in adil ve ya\u015fanabilir bir gelecek kurmay\u0131 hedefleyen iklim adaleti ad\u0131na da sava\u015fan bir hareket var. Gen\u00e7ler bu hareketin sadece par\u00e7as\u0131 olmakla kalm\u0131yor, ona \u00f6nderlik de ediyorlar. Bizlere bu tehlike \u00e2n\u0131n\u0131n ayn\u0131 zamanda her \u015feyi de\u011fi\u015ftirmek i\u00e7in b\u00fcy\u00fck bir f\u0131rsat oldu\u011funu g\u00f6steriyorlar. \u0130klim adaleti m\u00fccadelesinin en b\u00fcy\u00fck seslerinden biri olan \u00f6d\u00fcll\u00fc gazeteci Naomi Klein, Rabecca Stefoff ile birlikte d\u00fcnyan\u0131n d\u00f6rt bir yan\u0131ndaki gen\u00e7 liderlerin ilham verici \u00f6yk\u00fclerini anlat\u0131yor. Bu bilgi dolu kitap, gen\u00e7 okurlara bu noktaya nas\u0131l geldi\u011fimize dair kapsaml\u0131 bir bak\u0131\u015f a\u00e7\u0131s\u0131 sunarken bir g\u00fcn onlara miras kalacak gezegeni koruma ve yeniden \u015fekillendirme m\u00fccadelesinde ihtiya\u00e7 duyacaklar\u0131 ara\u00e7 ve y\u00f6ntemlere de yer veriyor. \u00d6mer Madra&#8217;n\u0131n \u00f6ns\u00f6z\u00fcnden. &#8220;Elinizdeki kitap, hem d\u00fcnyan\u0131n b\u00fct\u00fcn gen\u00e7lerinden esinlenmi\u015f hem de onlar i\u00e7in kaleme al\u0131nm\u0131\u015f bir elkitab\u0131. 65 milyon y\u0131l \u00f6nce dinozorlar\u0131 ve onlar\u0131n yan\u0131 s\u0131ra karadaki hayat\u0131n \u00e7ok b\u00fcy\u00fck b\u00f6l\u00fcm\u00fcn\u00fc, neredeyse tamam\u0131n\u0131 bitiren dev g\u00f6kta\u015f\u0131 \u00e7arpmas\u0131 felaketinden bu yana g\u00f6r\u00fclm\u00fc\u015f en b\u00fcy\u00fck tehdide, yani iklim ve biyo\u00e7e\u015fitlilik krizi ile nas\u0131l ba\u015f edebilece\u011fimiz meselesine e\u011filen \u00e7ok kapsaml\u0131 bir rehber. T\u00fcm bilimcilerin art\u0131k hemfikir olduklar\u0131 bir noktada, tarihin bu muazzam d\u00f6n\u00fcm noktas\u0131nda hem kendimizi hem de t\u00fcm canl\u0131lar \u00e2lemini b\u00fcy\u00fck \u00f6l\u00e7\u00fcde yok olu\u015ftan kurtarabilmek i\u00e7in son \u015fans\u0131m\u0131z\u0131 nas\u0131l kullanabilece\u011fimizi ve bunun i\u00e7in hayatlar\u0131m\u0131z\u0131n her noktas\u0131n\u0131 nas\u0131l yeniden d\u00fczenleyebilece\u011fimizi ayr\u0131nt\u0131l\u0131 olarak ele al\u0131yor. (&#8230;) 1748\u2019de Baron de Montesquieu\u2019n\u00fcn, 1848\u2019de de Karl Marx ve Friedrich Engels\u2019in t\u00fcm insanl\u0131\u011f\u0131 ba\u015ftan ba\u015fa etkileyen\/d\u00f6n\u00fc\u015ft\u00fcren devrim niteli\u011findeki kitaplar\u0131n\u0131 (Yasalar\u0131n Ruhu ile Kom\u00fcnist Manifesto) and\u0131k. \u015eimdi, 2021\/22\u2019de de Naomi Klein ve Rebecca Stefoff\u2019un Her \u015eeyi De\u011fi\u015ftirme Rehberi onlar\u0131n ard\u0131ndan yery\u00fcz\u00fcnde insanl\u0131\u011f\u0131 derinlemesine etkileyip sarsacak \u00fc\u00e7\u00fcnc\u00fc \u201cOpus Magnum\u201d olamaz m\u0131 yani, ne dersiniz?&#8221;   Kitapla ilgili yorumlar: \u201cGeni\u015f bir alana odaklanan ve s\u00f6z\u00fcn\u00fc asla sak\u0131nmayan bu kitap, fikirlerin do\u011fmas\u0131na, tutkuya ve harekete ge\u00e7ilmesine ilham verecek her perspektifi ele alan e\u015fsiz bak\u0131\u015f a\u00e7\u0131s\u0131yla di\u011fer iklim krizi kitaplar\u0131n\u0131n aras\u0131ndan s\u0131yr\u0131l\u0131yor. E\u011fer gen\u00e7ler i\u00e7in tek bir iklim de\u011fi\u015fikli\u011fi kitab\u0131 alacaksan\u0131z o kitap bu olsun.\u201d (Kirkus Reviews) \u201cEko-aktivist Naomi Klein\u2019\u0131n Her \u015eeyi De\u011fi\u015ftirme Rehberi, iklim krizine muhte\u015fem bir giri\u015f olmas\u0131n\u0131n yan\u0131 s\u0131ra m\u00fccadeleye kat\u0131lmalar\u0131 i\u00e7in gen\u00e7lere bir \u00e7a\u011fr\u0131. Klein ve Stefoff iklim hareketinin tarihsel arka plan\u0131n\u0131 ve arkas\u0131ndaki bilimsel s\u00fcre\u00e7leri anlatmakla kalm\u0131yor, iklim adaleti m\u00fccadelesinde aktif olan gen\u00e7leri de tan\u0131t\u0131yor.\u201d (The Globe And Mail) \u201cNaomi Klein\u2019\u0131n kitaplar\u0131 bana hep ilham vermi\u015f ve yol g\u00f6stermi\u015ftir. O, iklim aciliyeti \u00e7a\u011f\u0131m\u0131z\u0131n anlat\u0131c\u0131s\u0131, nesillerin ilham kayna\u011f\u0131.\u201d (Greta Thunberg) \u201c\u2018Mutlaka okunmas\u0131 gerek\u2019 ifadesi art\u0131k kli\u015fele\u015fti ama bu kitaba \u00e7ok uygun.\u201d (The Guardian UK, Kitty Empire) <\/p>\n","protected":false},"excerpt":{"rendered":"<p>Her \u015eeyi De\u011fi\u015ftirmeye Haz\u0131r m\u0131s\u0131n? &#8220;Bu kitab\u0131 sana daha iyi bir gelecek i\u00e7in de\u011fi\u015fimin m\u00fcmk\u00fcn oldu\u011funu g\u00f6stermek ad\u0131na yazd\u0131m.&#8221; (Naomi Klein) Artan s\u0131cakl\u0131klar, Amazon\u2019da \u00e7\u0131kan yang\u0131nlar,<span class=\"excerpt-hellip\"> [\u2026]<\/span><\/p>\n","protected":false},"featured_media":0,"template":"","meta":{"_monsterinsights_skip_tracking":false,"_monsterinsights_sitenote_active":false,"_monsterinsights_sitenote_note":"","_monsterinsights_sitenote_category":0},"product_brand":[],"product_cat":[12364,12376],"product_tag":[],"class_list":{"0":"post-739057","1":"product","2":"type-product","3":"status-publish","5":"product_cat-genel-konular","6":"product_cat-kisisel-gelisim","7":"pa_cilt-ciltsiz","8":"pa_tur-kitap","9":"pa_yayinevi-bilgi-yayinevi","10":"pa_yazar-naomi-klein-rebecca-stefoff","12":"first","13":"instock","14":"sale","15":"shipping-taxable","16":"purchasable","17":"product-type-simple"},"_links":{"self":[{"href":"https:\/\/roveyayinevi.com.tr\/index.php\/wp-json\/wp\/v2\/product\/739057","targetHints":{"allow":["GET"]}}],"collection":[{"href":"https:\/\/roveyayinevi.com.tr\/index.php\/wp-json\/wp\/v2\/product"}],"about":[{"href":"https:\/\/roveyayinevi.com.tr\/index.php\/wp-json\/wp\/v2\/types\/product"}],"wp:attachment":[{"href":"https:\/\/roveyayinevi.com.tr\/index.php\/wp-json\/wp\/v2\/media?parent=739057"}],"wp:term":[{"taxonomy":"product_brand","embeddable":true,"href":"https:\/\/roveyayinevi.com.tr\/index.php\/wp-json\/wp\/v2\/product_brand?post=739057"},{"taxonomy":"product_cat","embeddable":true,"href":"https:\/\/roveyayinevi.com.tr\/index.php\/wp-json\/wp\/v2\/product_cat?post=739057"},{"taxonomy":"product_tag","embeddable":true,"href":"https:\/\/roveyayinevi.com.tr\/index.php\/wp-json\/wp\/v2\/product_tag?post=739057"}],"curies":[{"name":"wp","href":"https:\/\/api.w.org\/{rel}","templated":true}]}}