{"id":739055,"date":"2025-08-28T00:03:17","date_gmt":"2025-08-27T21:03:17","guid":{"rendered":"https:\/\/roveyayinevi.com.tr\/index.php\/urun\/gonul-ister-ki\/"},"modified":"2026-04-16T02:49:25","modified_gmt":"2026-04-15T23:49:25","slug":"gonul-ister-ki","status":"publish","type":"product","link":"https:\/\/roveyayinevi.com.tr\/index.php\/urun\/gonul-ister-ki\/","title":{"rendered":"G\u00f6n\u00fcl \u0130ster Ki"},"content":{"rendered":"<p>Beni d\u00fc\u015f\u00fcn\u00fcyorlar can\u0131m, benim ne sevdi\u011fimi biliyorlard\u0131r elbet, bilmediklerinden ya da d\u00fc\u015f\u00fcnmeye \u00fc\u015fendiklerinden de\u011fil tabii, g\u00f6nl\u00fcm olsun diye \u201cNe hediye istersin?\u201d diyorlar, aksatmadan her sene sorarlar. Her y\u0131l mutlaka bir hediye al\u0131rlar bana. E, ana olmak kolay de\u011fil. B\u00f6yle de\u011fer bilen evlatlar\u0131, e\u015fi olmasa insan\u0131n, her \u015fey ne kadar zor olur. Neler bulmam\u0131\u015flar neler\u2026 O\u011flum g\u00f6zleme makinesi bulmu\u015f -onlar \u00f6yle demiyor tabii, vaf\u0131l makinesi i\u015fte, \u015fekilli mekilli, pek g\u00fczel. \u201cAnne \u00e7ikolatal\u0131s\u0131n\u0131 yapars\u0131n bununla, \u00e7ok g\u00fczel de\u011fil mi, bak&#8230;\u201d diyor. Der tabii, der, bir taraftan da a\u011fz\u0131n\u0131n suyu ak\u0131yor. K\u0131z\u0131m meyve s\u0131kaca\u011f\u0131 bulmu\u015f, efendim \u00e7ok etkiliymi\u015f de posas\u0131n\u0131 bilmem ne yap\u0131yormu\u015f. Bak sen! Do\u011fan\u0131m da d\u00f6rt ki\u015fiye ayn\u0131 anda kahve yapan T\u00fcrk kahvesi makinesi bulmu\u015f. O da bunu \u00f6ve \u00f6ve bitiremiyor&#8230; Bur\u00e7in Maya \u00c7ankaya nahif dili, duru \u00fcslubu, derinlikli karakterleri ve g\u00fcncelli\u011fiyle T\u00fcrk \u00f6yk\u00fcc\u00fcl\u00fc\u011f\u00fcnde kendine bir yer ediniyor.  <\/p>\n","protected":false},"excerpt":{"rendered":"<p>Beni d\u00fc\u015f\u00fcn\u00fcyorlar can\u0131m, benim ne sevdi\u011fimi biliyorlard\u0131r elbet, bilmediklerinden ya da d\u00fc\u015f\u00fcnmeye \u00fc\u015fendiklerinden de\u011fil tabii, g\u00f6nl\u00fcm olsun diye \u201cNe hediye istersin?\u201d diyorlar, aksatmadan her sene sorarlar.<span class=\"excerpt-hellip\"> [\u2026]<\/span><\/p>\n","protected":false},"featured_media":0,"template":"","meta":{"_monsterinsights_skip_tracking":false,"_monsterinsights_sitenote_active":false,"_monsterinsights_sitenote_note":"","_monsterinsights_sitenote_category":0},"product_brand":[],"product_cat":[12291,12711],"product_tag":[],"class_list":{"0":"post-739055","1":"product","2":"type-product","3":"status-publish","5":"product_cat-edebiyat","6":"product_cat-roman-oyku","7":"pa_cilt-ciltsiz","8":"pa_tur-kitap","9":"pa_yayinevi-luna-yayinlari","10":"pa_yazar-burcin-maya-cankaya","12":"first","13":"instock","14":"sale","15":"shipping-taxable","16":"purchasable","17":"product-type-simple"},"_links":{"self":[{"href":"https:\/\/roveyayinevi.com.tr\/index.php\/wp-json\/wp\/v2\/product\/739055","targetHints":{"allow":["GET"]}}],"collection":[{"href":"https:\/\/roveyayinevi.com.tr\/index.php\/wp-json\/wp\/v2\/product"}],"about":[{"href":"https:\/\/roveyayinevi.com.tr\/index.php\/wp-json\/wp\/v2\/types\/product"}],"wp:attachment":[{"href":"https:\/\/roveyayinevi.com.tr\/index.php\/wp-json\/wp\/v2\/media?parent=739055"}],"wp:term":[{"taxonomy":"product_brand","embeddable":true,"href":"https:\/\/roveyayinevi.com.tr\/index.php\/wp-json\/wp\/v2\/product_brand?post=739055"},{"taxonomy":"product_cat","embeddable":true,"href":"https:\/\/roveyayinevi.com.tr\/index.php\/wp-json\/wp\/v2\/product_cat?post=739055"},{"taxonomy":"product_tag","embeddable":true,"href":"https:\/\/roveyayinevi.com.tr\/index.php\/wp-json\/wp\/v2\/product_tag?post=739055"}],"curies":[{"name":"wp","href":"https:\/\/api.w.org\/{rel}","templated":true}]}}