{"id":739054,"date":"2025-08-28T00:03:16","date_gmt":"2025-08-27T21:03:16","guid":{"rendered":"https:\/\/roveyayinevi.com.tr\/index.php\/urun\/kara-kutu-2\/"},"modified":"2026-04-16T02:49:25","modified_gmt":"2026-04-15T23:49:25","slug":"kara-kutu-2","status":"publish","type":"product","link":"https:\/\/roveyayinevi.com.tr\/index.php\/urun\/kara-kutu-2\/","title":{"rendered":"Kara Kutu"},"content":{"rendered":"<p>(&#8230;) Ay h\u0131rs\u0131zl\u0131\u011f\u0131ndan aranan Astronot k\u0131yafetli bir hokkabaz Bir K\u0131z\u0131lderili yakalad\u0131 bu foto\u011fraf\u0131 G\u00f6ky\u00fcz\u00fcne selam g\u00f6nderdi\u011fi bir anda Sonra hep anlat\u0131rd\u0131 bu s\u0131ra d\u0131\u015f\u0131 hik\u00e2yeyi S\u0131k s\u0131k u\u011frad\u0131\u011f\u0131 Ke\u00e7e heybesini de yapt\u0131rd\u0131\u011f\u0131 Terzi Tuncay\u2019\u0131n d\u00fckk\u00e2n\u0131nda D\u00f6nd\u00fc dola\u015ft\u0131 bu hik\u00e2ye Ula\u015ft\u0131 bir Oyuncak M\u00fczesi\u2019ne Can Y\u00fccel\u2019in, Cemal S\u00fcreya\u2019n\u0131n, R\u0131fat Ilgaz\u2019\u0131n Hayat verdikleri \u015fiirlerinin Kar\u0131\u015f\u0131verdi nefesine <\/p>\n","protected":false},"excerpt":{"rendered":"<p>(&#8230;) Ay h\u0131rs\u0131zl\u0131\u011f\u0131ndan aranan Astronot k\u0131yafetli bir hokkabaz Bir K\u0131z\u0131lderili yakalad\u0131 bu foto\u011fraf\u0131 G\u00f6ky\u00fcz\u00fcne selam g\u00f6nderdi\u011fi bir anda Sonra hep anlat\u0131rd\u0131 bu s\u0131ra d\u0131\u015f\u0131 hik\u00e2yeyi S\u0131k<span class=\"excerpt-hellip\"> [\u2026]<\/span><\/p>\n","protected":false},"featured_media":0,"template":"","meta":{"_monsterinsights_skip_tracking":false,"_monsterinsights_sitenote_active":false,"_monsterinsights_sitenote_note":"","_monsterinsights_sitenote_category":0},"product_brand":[],"product_cat":[12291,12509],"product_tag":[],"class_list":{"0":"post-739054","1":"product","2":"type-product","3":"status-publish","5":"product_cat-edebiyat","6":"product_cat-siir","7":"pa_cilt-ciltsiz","8":"pa_tur-kitap","9":"pa_yayinevi-luna-yayinlari","10":"pa_yazar-okyay-t-taskin","12":"first","13":"instock","14":"sale","15":"shipping-taxable","16":"purchasable","17":"product-type-simple"},"_links":{"self":[{"href":"https:\/\/roveyayinevi.com.tr\/index.php\/wp-json\/wp\/v2\/product\/739054","targetHints":{"allow":["GET"]}}],"collection":[{"href":"https:\/\/roveyayinevi.com.tr\/index.php\/wp-json\/wp\/v2\/product"}],"about":[{"href":"https:\/\/roveyayinevi.com.tr\/index.php\/wp-json\/wp\/v2\/types\/product"}],"wp:attachment":[{"href":"https:\/\/roveyayinevi.com.tr\/index.php\/wp-json\/wp\/v2\/media?parent=739054"}],"wp:term":[{"taxonomy":"product_brand","embeddable":true,"href":"https:\/\/roveyayinevi.com.tr\/index.php\/wp-json\/wp\/v2\/product_brand?post=739054"},{"taxonomy":"product_cat","embeddable":true,"href":"https:\/\/roveyayinevi.com.tr\/index.php\/wp-json\/wp\/v2\/product_cat?post=739054"},{"taxonomy":"product_tag","embeddable":true,"href":"https:\/\/roveyayinevi.com.tr\/index.php\/wp-json\/wp\/v2\/product_tag?post=739054"}],"curies":[{"name":"wp","href":"https:\/\/api.w.org\/{rel}","templated":true}]}}