{"id":739053,"date":"2025-08-28T00:03:15","date_gmt":"2025-08-27T21:03:15","guid":{"rendered":"https:\/\/roveyayinevi.com.tr\/index.php\/urun\/neden-olmasin-2\/"},"modified":"2026-04-13T02:57:22","modified_gmt":"2026-04-12T23:57:22","slug":"neden-olmasin-2","status":"publish","type":"product","link":"https:\/\/roveyayinevi.com.tr\/index.php\/urun\/neden-olmasin-2\/","title":{"rendered":"Neden Olmas\u0131n?"},"content":{"rendered":"<p>Elinizde tutmakta oldu\u011funuz bu kitap, sporcu adaylar\u0131na ve ailelerine yol g\u00f6sterici olabilmek, belki bir \u00e7ocu\u011fun hayat\u0131na dokunabilmek i\u00e7in haz\u0131rland\u0131. \u00c7ocu\u011funun spora olan ilgisinin veya yetene\u011finin fark\u0131nda olan, ancak nas\u0131l bir yol izlemeleri gerekti\u011fi konusunda kafa kar\u0131\u015f\u0131kl\u0131\u011f\u0131 ya\u015fayan ailelerin sorular\u0131na cevap olabilmek i\u00e7in\u2026 <\/p>\n","protected":false},"excerpt":{"rendered":"<p>Elinizde tutmakta oldu\u011funuz bu kitap, sporcu adaylar\u0131na ve ailelerine yol g\u00f6sterici olabilmek, belki bir \u00e7ocu\u011fun hayat\u0131na dokunabilmek i\u00e7in haz\u0131rland\u0131. \u00c7ocu\u011funun spora olan ilgisinin veya yetene\u011finin fark\u0131nda<span class=\"excerpt-hellip\"> [\u2026]<\/span><\/p>\n","protected":false},"featured_media":0,"template":"","meta":{"_monsterinsights_skip_tracking":false,"_monsterinsights_sitenote_active":false,"_monsterinsights_sitenote_note":"","_monsterinsights_sitenote_category":0},"product_brand":[],"product_cat":[12364,12376],"product_tag":[],"class_list":{"0":"post-739053","1":"product","2":"type-product","3":"status-publish","5":"product_cat-genel-konular","6":"product_cat-kisisel-gelisim","7":"pa_cilt-ciltsiz","8":"pa_tur-kitap","9":"pa_yayinevi-luna-yayinlari","10":"pa_yazar-banu-evin-torni","12":"first","13":"instock","14":"sale","15":"shipping-taxable","16":"purchasable","17":"product-type-simple"},"_links":{"self":[{"href":"https:\/\/roveyayinevi.com.tr\/index.php\/wp-json\/wp\/v2\/product\/739053","targetHints":{"allow":["GET"]}}],"collection":[{"href":"https:\/\/roveyayinevi.com.tr\/index.php\/wp-json\/wp\/v2\/product"}],"about":[{"href":"https:\/\/roveyayinevi.com.tr\/index.php\/wp-json\/wp\/v2\/types\/product"}],"wp:attachment":[{"href":"https:\/\/roveyayinevi.com.tr\/index.php\/wp-json\/wp\/v2\/media?parent=739053"}],"wp:term":[{"taxonomy":"product_brand","embeddable":true,"href":"https:\/\/roveyayinevi.com.tr\/index.php\/wp-json\/wp\/v2\/product_brand?post=739053"},{"taxonomy":"product_cat","embeddable":true,"href":"https:\/\/roveyayinevi.com.tr\/index.php\/wp-json\/wp\/v2\/product_cat?post=739053"},{"taxonomy":"product_tag","embeddable":true,"href":"https:\/\/roveyayinevi.com.tr\/index.php\/wp-json\/wp\/v2\/product_tag?post=739053"}],"curies":[{"name":"wp","href":"https:\/\/api.w.org\/{rel}","templated":true}]}}