{"id":739049,"date":"2025-08-28T00:03:11","date_gmt":"2025-08-27T21:03:11","guid":{"rendered":"https:\/\/roveyayinevi.com.tr\/index.php\/urun\/yerel-yonetimler-2\/"},"modified":"2025-09-25T07:40:46","modified_gmt":"2025-09-25T04:40:46","slug":"yerel-yonetimler-2","status":"publish","type":"product","link":"https:\/\/roveyayinevi.com.tr\/index.php\/urun\/yerel-yonetimler-2\/","title":{"rendered":"Yerel Y\u00f6netimler"},"content":{"rendered":"<p>Demokratik ve etkin bir kamu y\u00f6netimi yap\u0131lanmas\u0131nda yerel y\u00f6netimler \u00f6nemli bir role sahiptir. Kentle\u015fme d\u00fczeyinin artmas\u0131 ve demokratik de\u011ferlerin y\u00fckselmesi ile yerel y\u00f6netimler daha \u00f6nemli hale gelmektedir. \u015eehirlerde olu\u015fan problemlerin \u00e7\u00f6z\u00fcm\u00fcnde yerel y\u00f6netimler anahtar konuma sahiptir. Siyasal, ekonomik, sosyal ve teknolojik de\u011fi\u015fimler bir\u00e7ok alanda oldu\u011fu gibi y\u00f6netim yakla\u015f\u0131mlar\u0131n\u0131 ve modellerini de etkilemektedir. Kamu y\u00f6netimi alan\u0131nda desantralizasyonun geli\u015fmesi, siyasal kat\u0131l\u0131m\u0131n artmas\u0131, hizmet etkinli\u011finin \u00f6nem kazanmas\u0131 ve teknolojik uygulamalar, yerel y\u00f6netimleri de geli\u015ftirmektedir. Genel olarak yerel y\u00f6netimlerin ana eksenleri ; demokratik siyasal mekanizmalara dayal\u0131 bir me\u015fruiyet, yerinden y\u00f6netim ilkesine uygun bir \u00f6zerklik, etkin yerel hizmet sunumu ile \u015fehir ekonomisi olarak belirtilebilir. T\u00fcrkiye\u2019de 2004 ve sonras\u0131nda yerel y\u00f6netimler alan\u0131nda ger\u00e7ekle\u015ftirilen b\u00fct\u00fcc\u00fcl reformlar, kamu y\u00f6netimindeki yeni kavram ve yakla\u015f\u0131mlara dayal\u0131 bi\u00e7imde, idari ve mali a\u00e7\u0131dan daha \u00f6zerk, kat\u0131l\u0131mc\u0131 ve etkin bir yap\u0131n\u0131n geli\u015fmesi i\u00e7in ivme olu\u015fturmu\u015ftur. Elinizdeki kitapta yerel y\u00f6netimlerle ilgili meselelerin anla\u015f\u0131lmas\u0131nda ve anlamland\u0131r\u0131lmas\u0131nda \u00f6nemli olan kavramsal ve teorik \u00e7er\u00e7eve, yerel y\u00f6netimlerin hukuk, y\u00f6netim siyaset ve iktisat ile olan \u00e7ok kapsaml\u0131 ba\u011f\u0131 dikkate al\u0131narak tasarlanm\u0131\u015ft\u0131r. Kitab\u0131n di\u011fer inceleme alan\u0131n\u0131 T\u00fcrkiye\u2019de ki yerel y\u00f6netim modelinin geli\u015fimi ve mevcut yap\u0131s\u0131 olu\u015fturmaktad\u0131r.<\/p>\n","protected":false},"excerpt":{"rendered":"<p>Demokratik ve etkin bir kamu y\u00f6netimi yap\u0131lanmas\u0131nda yerel y\u00f6netimler \u00f6nemli bir role sahiptir. Kentle\u015fme d\u00fczeyinin artmas\u0131 ve demokratik de\u011ferlerin y\u00fckselmesi ile yerel y\u00f6netimler daha \u00f6nemli hale<span class=\"excerpt-hellip\"> [\u2026]<\/span><\/p>\n","protected":false},"featured_media":0,"template":"","meta":{"_monsterinsights_skip_tracking":false,"_monsterinsights_sitenote_active":false,"_monsterinsights_sitenote_note":"","_monsterinsights_sitenote_category":0},"product_brand":[],"product_cat":[13059,12337],"product_tag":[],"class_list":{"0":"post-739049","1":"product","2":"type-product","3":"status-publish","5":"product_cat-diger-politika-siyaset","6":"product_cat-politika-siyaset","7":"pa_cilt-ciltsiz","8":"pa_tur-kitap","9":"pa_yayinevi-idealkent-yayincilik","10":"pa_yazar-tarkan-oktay","12":"first","13":"instock","14":"sale","15":"shipping-taxable","16":"purchasable","17":"product-type-simple"},"_links":{"self":[{"href":"https:\/\/roveyayinevi.com.tr\/index.php\/wp-json\/wp\/v2\/product\/739049","targetHints":{"allow":["GET"]}}],"collection":[{"href":"https:\/\/roveyayinevi.com.tr\/index.php\/wp-json\/wp\/v2\/product"}],"about":[{"href":"https:\/\/roveyayinevi.com.tr\/index.php\/wp-json\/wp\/v2\/types\/product"}],"wp:attachment":[{"href":"https:\/\/roveyayinevi.com.tr\/index.php\/wp-json\/wp\/v2\/media?parent=739049"}],"wp:term":[{"taxonomy":"product_brand","embeddable":true,"href":"https:\/\/roveyayinevi.com.tr\/index.php\/wp-json\/wp\/v2\/product_brand?post=739049"},{"taxonomy":"product_cat","embeddable":true,"href":"https:\/\/roveyayinevi.com.tr\/index.php\/wp-json\/wp\/v2\/product_cat?post=739049"},{"taxonomy":"product_tag","embeddable":true,"href":"https:\/\/roveyayinevi.com.tr\/index.php\/wp-json\/wp\/v2\/product_tag?post=739049"}],"curies":[{"name":"wp","href":"https:\/\/api.w.org\/{rel}","templated":true}]}}