{"id":739048,"date":"2025-08-28T00:03:10","date_gmt":"2025-08-27T21:03:10","guid":{"rendered":"https:\/\/roveyayinevi.com.tr\/index.php\/urun\/roma-tarihi-2\/"},"modified":"2026-04-16T02:49:25","modified_gmt":"2026-04-15T23:49:25","slug":"roma-tarihi-2","status":"publish","type":"product","link":"https:\/\/roveyayinevi.com.tr\/index.php\/urun\/roma-tarihi-2\/","title":{"rendered":"Roma Tarihi"},"content":{"rendered":"<p>Appianos, Roma Tarihi eserinin Iberia (Hispania) kitab\u0131nda, Hannibal\u2019\u0131n \u0130talya\u2019ya girene kadar Iberia\u2019daki faaliyetlerini ve yar\u0131madan\u0131n yerel halklar\u0131na ve haydut liderlerine kar\u015f\u0131 Roma\u2019n\u0131n verdi\u011fi m\u00fccadeleleri aktar\u0131r. Romal\u0131lar\u0131n M\u00d6 133 y\u0131l\u0131nda bir Keltiberia \u015fehri olan Numantia\u2019y\u0131 uzun ve \u015fiddetli bir ku\u015fatman\u0131n ard\u0131ndan ele ge\u00e7irmesine kadar olan s\u00fcrecin detayl\u0131 bir anlat\u0131m\u0131n\u0131 verir. Hannibal kitab\u0131nda ise Hannibal\u2019\u0131n Alpleri a\u015farak \u0130talya\u2019ya giri\u015fini ve burada Roma ile girdi\u011fi m\u00fccadeleleri aktar\u0131r.<\/p>\n","protected":false},"excerpt":{"rendered":"<p>Appianos, Roma Tarihi eserinin Iberia (Hispania) kitab\u0131nda, Hannibal\u2019\u0131n \u0130talya\u2019ya girene kadar Iberia\u2019daki faaliyetlerini ve yar\u0131madan\u0131n yerel halklar\u0131na ve haydut liderlerine kar\u015f\u0131 Roma\u2019n\u0131n verdi\u011fi m\u00fccadeleleri aktar\u0131r. Romal\u0131lar\u0131n<span class=\"excerpt-hellip\"> [\u2026]<\/span><\/p>\n","protected":false},"featured_media":0,"template":"","meta":{"_monsterinsights_skip_tracking":false,"_monsterinsights_sitenote_active":false,"_monsterinsights_sitenote_note":"","_monsterinsights_sitenote_category":0},"product_brand":[],"product_cat":[12312,12304],"product_tag":[],"class_list":{"0":"post-739048","1":"product","2":"type-product","3":"status-publish","5":"product_cat-diger","6":"product_cat-tarih","7":"pa_cilt-ciltsiz","8":"pa_tur-kitap","9":"pa_yayinevi-pinhan-yayincilik","10":"pa_yazar-appianos","12":"first","13":"instock","14":"sale","15":"shipping-taxable","16":"purchasable","17":"product-type-simple"},"_links":{"self":[{"href":"https:\/\/roveyayinevi.com.tr\/index.php\/wp-json\/wp\/v2\/product\/739048","targetHints":{"allow":["GET"]}}],"collection":[{"href":"https:\/\/roveyayinevi.com.tr\/index.php\/wp-json\/wp\/v2\/product"}],"about":[{"href":"https:\/\/roveyayinevi.com.tr\/index.php\/wp-json\/wp\/v2\/types\/product"}],"wp:attachment":[{"href":"https:\/\/roveyayinevi.com.tr\/index.php\/wp-json\/wp\/v2\/media?parent=739048"}],"wp:term":[{"taxonomy":"product_brand","embeddable":true,"href":"https:\/\/roveyayinevi.com.tr\/index.php\/wp-json\/wp\/v2\/product_brand?post=739048"},{"taxonomy":"product_cat","embeddable":true,"href":"https:\/\/roveyayinevi.com.tr\/index.php\/wp-json\/wp\/v2\/product_cat?post=739048"},{"taxonomy":"product_tag","embeddable":true,"href":"https:\/\/roveyayinevi.com.tr\/index.php\/wp-json\/wp\/v2\/product_tag?post=739048"}],"curies":[{"name":"wp","href":"https:\/\/api.w.org\/{rel}","templated":true}]}}