{"id":739044,"date":"2025-08-28T00:03:07","date_gmt":"2025-08-27T21:03:07","guid":{"rendered":"https:\/\/roveyayinevi.com.tr\/index.php\/urun\/cumhuriyet-donemi-cagdas-turk-edebiyati\/"},"modified":"2026-04-16T02:49:24","modified_gmt":"2026-04-15T23:49:24","slug":"cumhuriyet-donemi-cagdas-turk-edebiyati","status":"publish","type":"product","link":"https:\/\/roveyayinevi.com.tr\/index.php\/urun\/cumhuriyet-donemi-cagdas-turk-edebiyati\/","title":{"rendered":"Cumhuriyet D\u00f6nemi \u00c7a\u011fda\u015f T\u00fcrk Edebiyat\u0131"},"content":{"rendered":"<p>E\u011fiten Kitap Cumhuriyet D\u00f6nemi \u00c7a\u011fda\u015f T\u00fcrk Edebiyat\u0131Toplumsal ve Siyasal Etkilerin Ortaya \u00c7\u0131kard\u0131\u011f\u0131 Cumhuriyet D\u00f6nemi \u00c7a\u011fda\u015f T\u00fcrkEdebiyat\u0131, e\u011fitim fak\u00fcltelerinde okutulan Cumhuriyet D\u00f6nemi T\u00fcrk Edebiyat\u0131 dersinini\u00e7eri\u011fi g\u00f6z\u00f6n\u00fcne al\u0131narak haz\u0131rlanm\u0131\u015ft\u0131r. Bu \u00e7al\u0131\u015fma s\u0131ras\u0131nda g\u00f6r\u00fcld\u00fc ki, Y\u00fcksek\u00d6\u011fretim Kurumu\u2019nun (Y\u00d6K) ilgili okullara yollad\u0131\u011f\u0131 \u00e7er\u00e7eve programlarda 1940sonras\u0131 T\u00fcrk Edebiyat\u0131\u2019na yeterince de\u011finilmemi\u015ftir. Oysa T\u00fcrk Eebiyat\u0131 \u00e7a\u011fda\u015f anlamdakiki\u015fili\u011fini 1940\u2019l\u0131 y\u0131llardan sonra bulmu\u015ftur. Art\u0131k \u00e7eviri ve uyarlama d\u00f6nemigeride kalm\u0131\u015f, edebiyat\u0131n her alan\u0131nda \u00f6zg\u00fcn \u00fcr\u00fcnler ortaya \u00e7\u0131km\u0131\u015ft\u0131r. Bu nedenle,ilgili \u00e7al\u0131\u015fmada 1940 sonras\u0131 T\u00fcrk Edebiyat\u0131\u2019na biraz daha fazla yer ayr\u0131lm\u0131\u015f, d\u00f6nemin\u00fcr\u00fcnlerindende \u00f6rnekler verilmi\u015ftir. Ancak haz\u0131rlanan bu \u00e7al\u0131\u015fman\u0131n oylumu veboyutu d\u00fc\u015f\u00fcn\u00fclerek yeterince ayr\u0131nt\u0131ya inilememi\u015ftir.Gen\u00e7 \u00f6\u011fretmen adaylar\u0131n\u0131n \u00f6zellikle\u2013belli \u00f6l\u00e7\u00fcde- g\u00fcn\u00fcm\u00fcz edebiyat\u0131n\u0131 bilmelerini,onlar\u0131n genel k\u00fclt\u00fcrleri a\u00e7\u0131s\u0131ndan, t\u0131pk\u0131 bir vitrin i\u00e7in haz\u0131rlanan giysilerin son\u00fct\u00fcs\u00fc gibi gerekli g\u00f6r\u00fcyorum. Ayr\u0131ca edebiyat\u0131n bir bilgi aktarma dersi olarak de\u011fil,dil becerilerinin geli\u015ftirilmesi ve estetik duygular\u0131n e\u011fitilmesi i\u00e7in bir ara\u00e7 oldu\u011funuve bu anlay\u0131\u015fla okutulmas\u0131 gerekti\u011fini d\u00fc\u015f\u00fcn\u00fcyorum.\u0130brahim KIBRIS <\/p>\n","protected":false},"excerpt":{"rendered":"<p>E\u011fiten Kitap Cumhuriyet D\u00f6nemi \u00c7a\u011fda\u015f T\u00fcrk Edebiyat\u0131Toplumsal ve Siyasal Etkilerin Ortaya \u00c7\u0131kard\u0131\u011f\u0131 Cumhuriyet D\u00f6nemi \u00c7a\u011fda\u015f T\u00fcrkEdebiyat\u0131, e\u011fitim fak\u00fcltelerinde okutulan Cumhuriyet D\u00f6nemi T\u00fcrk Edebiyat\u0131 dersinini\u00e7eri\u011fi g\u00f6z\u00f6n\u00fcne al\u0131narak<span class=\"excerpt-hellip\"> [\u2026]<\/span><\/p>\n","protected":false},"featured_media":0,"template":"","meta":{"_monsterinsights_skip_tracking":false,"_monsterinsights_sitenote_active":false,"_monsterinsights_sitenote_note":"","_monsterinsights_sitenote_category":0},"product_brand":[],"product_cat":[12573,12566],"product_tag":[],"class_list":{"0":"post-739044","1":"product","2":"type-product","3":"status-publish","5":"product_cat-akademik-kitaplar","6":"product_cat-egitim","7":"pa_cilt-ciltsiz","8":"pa_tur-kitap","9":"pa_yayinevi-egiten-kitap","10":"pa_yazar-ibrahim-kibris","12":"first","13":"instock","14":"sale","15":"shipping-taxable","16":"purchasable","17":"product-type-simple"},"_links":{"self":[{"href":"https:\/\/roveyayinevi.com.tr\/index.php\/wp-json\/wp\/v2\/product\/739044","targetHints":{"allow":["GET"]}}],"collection":[{"href":"https:\/\/roveyayinevi.com.tr\/index.php\/wp-json\/wp\/v2\/product"}],"about":[{"href":"https:\/\/roveyayinevi.com.tr\/index.php\/wp-json\/wp\/v2\/types\/product"}],"wp:attachment":[{"href":"https:\/\/roveyayinevi.com.tr\/index.php\/wp-json\/wp\/v2\/media?parent=739044"}],"wp:term":[{"taxonomy":"product_brand","embeddable":true,"href":"https:\/\/roveyayinevi.com.tr\/index.php\/wp-json\/wp\/v2\/product_brand?post=739044"},{"taxonomy":"product_cat","embeddable":true,"href":"https:\/\/roveyayinevi.com.tr\/index.php\/wp-json\/wp\/v2\/product_cat?post=739044"},{"taxonomy":"product_tag","embeddable":true,"href":"https:\/\/roveyayinevi.com.tr\/index.php\/wp-json\/wp\/v2\/product_tag?post=739044"}],"curies":[{"name":"wp","href":"https:\/\/api.w.org\/{rel}","templated":true}]}}