{"id":739040,"date":"2025-08-28T00:03:02","date_gmt":"2025-08-27T21:03:02","guid":{"rendered":"https:\/\/roveyayinevi.com.tr\/index.php\/urun\/hep-ikimiz-sevsek-seni\/"},"modified":"2026-04-16T02:49:24","modified_gmt":"2026-04-15T23:49:24","slug":"hep-ikimiz-sevsek-seni","status":"publish","type":"product","link":"https:\/\/roveyayinevi.com.tr\/index.php\/urun\/hep-ikimiz-sevsek-seni\/","title":{"rendered":"Hep \u0130kimiz Sevsek Seni"},"content":{"rendered":"<p>Yani hep ikimiz sevsek seni Eksiksiz virg\u00fcls\u00fcz art arda veren \u00fc\u00e7 noktadan ibaret Ak\u0131p giden nehirlere yol alsak hep g\u00f6zlerine tek g\u00f6zlerine Sonra te\u015fekk\u00fcr etsem Tanr\u0131\u2019ya beni g\u00f6zlerine kavu\u015fturdu\u011fu i\u00e7in Yana\u011f\u0131na dokunu\u015fumun Tanr\u0131 seni yaratmasayd\u0131 beni bo\u015fa yaratm\u0131\u015ft\u0131 duygusunu verdi\u011fi i\u00e7in \u2026ve\u2026. Sonra bir sus gelse dilime sonsuzlu\u011fun sonunu g\u00f6rsem.   <\/p>\n","protected":false},"excerpt":{"rendered":"<p>Yani hep ikimiz sevsek seni Eksiksiz virg\u00fcls\u00fcz art arda veren \u00fc\u00e7 noktadan ibaret Ak\u0131p giden nehirlere yol alsak hep g\u00f6zlerine tek g\u00f6zlerine Sonra te\u015fekk\u00fcr etsem Tanr\u0131\u2019ya<span class=\"excerpt-hellip\"> [\u2026]<\/span><\/p>\n","protected":false},"featured_media":0,"template":"","meta":{"_monsterinsights_skip_tracking":false,"_monsterinsights_sitenote_active":false,"_monsterinsights_sitenote_note":"","_monsterinsights_sitenote_category":0},"product_brand":[],"product_cat":[12291,12711],"product_tag":[],"class_list":{"0":"post-739040","1":"product","2":"type-product","3":"status-publish","5":"product_cat-edebiyat","6":"product_cat-roman-oyku","7":"pa_cilt-ciltsiz","8":"pa_tur-kitap","9":"pa_yayinevi-herdem-kitap","10":"pa_yazar-hatip-misir","12":"first","13":"instock","14":"sale","15":"shipping-taxable","16":"purchasable","17":"product-type-simple"},"_links":{"self":[{"href":"https:\/\/roveyayinevi.com.tr\/index.php\/wp-json\/wp\/v2\/product\/739040","targetHints":{"allow":["GET"]}}],"collection":[{"href":"https:\/\/roveyayinevi.com.tr\/index.php\/wp-json\/wp\/v2\/product"}],"about":[{"href":"https:\/\/roveyayinevi.com.tr\/index.php\/wp-json\/wp\/v2\/types\/product"}],"wp:attachment":[{"href":"https:\/\/roveyayinevi.com.tr\/index.php\/wp-json\/wp\/v2\/media?parent=739040"}],"wp:term":[{"taxonomy":"product_brand","embeddable":true,"href":"https:\/\/roveyayinevi.com.tr\/index.php\/wp-json\/wp\/v2\/product_brand?post=739040"},{"taxonomy":"product_cat","embeddable":true,"href":"https:\/\/roveyayinevi.com.tr\/index.php\/wp-json\/wp\/v2\/product_cat?post=739040"},{"taxonomy":"product_tag","embeddable":true,"href":"https:\/\/roveyayinevi.com.tr\/index.php\/wp-json\/wp\/v2\/product_tag?post=739040"}],"curies":[{"name":"wp","href":"https:\/\/api.w.org\/{rel}","templated":true}]}}