{"id":739036,"date":"2025-08-28T00:02:58","date_gmt":"2025-08-27T21:02:58","guid":{"rendered":"https:\/\/roveyayinevi.com.tr\/index.php\/urun\/muzik-dedektifleri-mozartin-izinde\/"},"modified":"2026-04-16T02:49:24","modified_gmt":"2026-04-15T23:49:24","slug":"muzik-dedektifleri-mozartin-izinde","status":"publish","type":"product","link":"https:\/\/roveyayinevi.com.tr\/index.php\/urun\/muzik-dedektifleri-mozartin-izinde\/","title":{"rendered":"M\u00fczik Dedektifleri Mozart\u0131n \u0130zinde"},"content":{"rendered":"<p>\u00d6zellikle 10-15 ya\u015f aras\u0131 \u00e7ocuk ve gen\u00e7leri hedefleyen roman, i\u00e7eri\u011findeki gizemi \u00e7\u00f6zmeye \u00e7al\u0131\u015fan amat\u00f6r dedektiflerin, Mozart&#8217;\u0131n hayat\u0131ndan al\u0131nan ipu\u00e7lar\u0131n\u0131 takip ederek sonuca ula\u015fmalar\u0131n\u0131 anlat\u0131yor. Kitap, \u00f6\u011frencilere, b\u00fcy\u00fck besteci Mozart&#8217;\u0131 ve beraberinde Klasik M\u00fczi\u011fin baz\u0131 \u00f6\u011felerini tan\u0131tmay\u0131 ama\u00e7lamaktad\u0131r.<\/p>\n","protected":false},"excerpt":{"rendered":"<p>\u00d6zellikle 10-15 ya\u015f aras\u0131 \u00e7ocuk ve gen\u00e7leri hedefleyen roman, i\u00e7eri\u011findeki gizemi \u00e7\u00f6zmeye \u00e7al\u0131\u015fan amat\u00f6r dedektiflerin, Mozart&#8217;\u0131n hayat\u0131ndan al\u0131nan ipu\u00e7lar\u0131n\u0131 takip ederek sonuca ula\u015fmalar\u0131n\u0131 anlat\u0131yor. Kitap, \u00f6\u011frencilere,<span class=\"excerpt-hellip\"> [\u2026]<\/span><\/p>\n","protected":false},"featured_media":0,"template":"","meta":{"_monsterinsights_skip_tracking":false,"_monsterinsights_sitenote_active":false,"_monsterinsights_sitenote_note":"","_monsterinsights_sitenote_category":0},"product_brand":[],"product_cat":[12291,12711],"product_tag":[],"class_list":{"0":"post-739036","1":"product","2":"type-product","3":"status-publish","5":"product_cat-edebiyat","6":"product_cat-roman-oyku","7":"pa_cilt-ciltsiz","8":"pa_tur-kitap","9":"pa_yayinevi-egiten-kitap","10":"pa_yazar-bugra-gultek","12":"first","13":"instock","14":"sale","15":"shipping-taxable","16":"purchasable","17":"product-type-simple"},"_links":{"self":[{"href":"https:\/\/roveyayinevi.com.tr\/index.php\/wp-json\/wp\/v2\/product\/739036","targetHints":{"allow":["GET"]}}],"collection":[{"href":"https:\/\/roveyayinevi.com.tr\/index.php\/wp-json\/wp\/v2\/product"}],"about":[{"href":"https:\/\/roveyayinevi.com.tr\/index.php\/wp-json\/wp\/v2\/types\/product"}],"wp:attachment":[{"href":"https:\/\/roveyayinevi.com.tr\/index.php\/wp-json\/wp\/v2\/media?parent=739036"}],"wp:term":[{"taxonomy":"product_brand","embeddable":true,"href":"https:\/\/roveyayinevi.com.tr\/index.php\/wp-json\/wp\/v2\/product_brand?post=739036"},{"taxonomy":"product_cat","embeddable":true,"href":"https:\/\/roveyayinevi.com.tr\/index.php\/wp-json\/wp\/v2\/product_cat?post=739036"},{"taxonomy":"product_tag","embeddable":true,"href":"https:\/\/roveyayinevi.com.tr\/index.php\/wp-json\/wp\/v2\/product_tag?post=739036"}],"curies":[{"name":"wp","href":"https:\/\/api.w.org\/{rel}","templated":true}]}}