{"id":739035,"date":"2025-08-28T00:02:57","date_gmt":"2025-08-27T21:02:57","guid":{"rendered":"https:\/\/roveyayinevi.com.tr\/index.php\/urun\/erken-cocukluk-doneminde-alici-dil-gelisimi\/"},"modified":"2026-04-16T02:49:24","modified_gmt":"2026-04-15T23:49:24","slug":"erken-cocukluk-doneminde-alici-dil-gelisimi","status":"publish","type":"product","link":"https:\/\/roveyayinevi.com.tr\/index.php\/urun\/erken-cocukluk-doneminde-alici-dil-gelisimi\/","title":{"rendered":"Erken \u00c7ocukluk D\u00f6neminde Al\u0131c\u0131 Dil Geli\u015fimi"},"content":{"rendered":"<p>Erken \u00e7ocukluk e\u011fitimi alan\u0131, \u00e7ocuklar\u0131n daha nitelikli e\u011fitim alabilmesi ve geli\u015fimlerinin desteklenmesi i\u00e7in de\u011fi\u015fen \u00e7a\u011f ile birlikte bir\u00e7ok yenili\u011fin denendi\u011fi, programlar\u0131n geli\u015ftirildi\u011fi, \u00f6nemi uzun y\u0131llard\u0131r fark edilen ve dil kazan\u0131m\u0131 ile ilgili \u00e7e\u015fitli \u00e7al\u0131\u015fmalar\u0131n yap\u0131ld\u0131\u011f\u0131 bir aland\u0131r. \u00c7ocuklar\u0131n ihtiya\u00e7lar\u0131n\u0131n belirlenmesi, buna uygun e\u011fitim ortamlar\u0131n\u0131n d\u00fczenlenmesi ve \u00f6zg\u00fcn programlar\u0131n geli\u015ftirilmesi i\u00e7in alanda yap\u0131lan deneysel ara\u015ft\u0131rmalarla ihtiya\u00e7 vard\u0131r.   Ara\u015ft\u0131rma sonu\u00e7lar\u0131na dayal\u0131 uygulamalar daha isabetli sonu\u00e7lara ula\u015fmam\u0131z\u0131 sa\u011flamaktad\u0131r. Bu nedenle ara\u015ft\u0131rma sonu\u00e7lar\u0131n\u0131n geni\u015f okuyucu kitlelerine ula\u015fmas\u0131 b\u00fcy\u00fck \u00f6nem ta\u015f\u0131maktad\u0131r. <\/p>\n","protected":false},"excerpt":{"rendered":"<p>Erken \u00e7ocukluk e\u011fitimi alan\u0131, \u00e7ocuklar\u0131n daha nitelikli e\u011fitim alabilmesi ve geli\u015fimlerinin desteklenmesi i\u00e7in de\u011fi\u015fen \u00e7a\u011f ile birlikte bir\u00e7ok yenili\u011fin denendi\u011fi, programlar\u0131n geli\u015ftirildi\u011fi, \u00f6nemi uzun y\u0131llard\u0131r fark<span class=\"excerpt-hellip\"> [\u2026]<\/span><\/p>\n","protected":false},"featured_media":0,"template":"","meta":{"_monsterinsights_skip_tracking":false,"_monsterinsights_sitenote_active":false,"_monsterinsights_sitenote_note":"","_monsterinsights_sitenote_category":0},"product_brand":[],"product_cat":[12573,12566],"product_tag":[],"class_list":{"0":"post-739035","1":"product","2":"type-product","3":"status-publish","5":"product_cat-akademik-kitaplar","6":"product_cat-egitim","7":"pa_cilt-ciltsiz","8":"pa_tur-kitap","9":"pa_yayinevi-egiten-kitap","10":"pa_yazar-egiten-kitap-kolektif","12":"first","13":"instock","14":"sale","15":"shipping-taxable","16":"purchasable","17":"product-type-simple"},"_links":{"self":[{"href":"https:\/\/roveyayinevi.com.tr\/index.php\/wp-json\/wp\/v2\/product\/739035","targetHints":{"allow":["GET"]}}],"collection":[{"href":"https:\/\/roveyayinevi.com.tr\/index.php\/wp-json\/wp\/v2\/product"}],"about":[{"href":"https:\/\/roveyayinevi.com.tr\/index.php\/wp-json\/wp\/v2\/types\/product"}],"wp:attachment":[{"href":"https:\/\/roveyayinevi.com.tr\/index.php\/wp-json\/wp\/v2\/media?parent=739035"}],"wp:term":[{"taxonomy":"product_brand","embeddable":true,"href":"https:\/\/roveyayinevi.com.tr\/index.php\/wp-json\/wp\/v2\/product_brand?post=739035"},{"taxonomy":"product_cat","embeddable":true,"href":"https:\/\/roveyayinevi.com.tr\/index.php\/wp-json\/wp\/v2\/product_cat?post=739035"},{"taxonomy":"product_tag","embeddable":true,"href":"https:\/\/roveyayinevi.com.tr\/index.php\/wp-json\/wp\/v2\/product_tag?post=739035"}],"curies":[{"name":"wp","href":"https:\/\/api.w.org\/{rel}","templated":true}]}}