{"id":739032,"date":"2025-08-28T00:02:54","date_gmt":"2025-08-27T21:02:54","guid":{"rendered":"https:\/\/roveyayinevi.com.tr\/index.php\/urun\/amerikan-basininin-gozunden-milli-mucadele\/"},"modified":"2026-04-16T02:49:23","modified_gmt":"2026-04-15T23:49:23","slug":"amerikan-basininin-gozunden-milli-mucadele","status":"publish","type":"product","link":"https:\/\/roveyayinevi.com.tr\/index.php\/urun\/amerikan-basininin-gozunden-milli-mucadele\/","title":{"rendered":"Amerikan Bas\u0131n\u0131n\u0131n G\u00f6z\u00fcnden  Milli M\u00fccadele"},"content":{"rendered":"<p>T\u00fcrk Mill\u00ee M\u00fccadelesi, T\u00fcrk Milleti\u2019nin kaderini belirlerken, uluslararas\u0131 siyasetin ve g\u00fc\u00e7ler dengesinin de de\u011fi\u015fmesine neden olmu\u015ftur. Mill\u00ee M\u00fccadele D\u00f6nemi\u2019nde T\u00fcrkiye ile sava\u015fmam\u0131\u015f, kar\u015f\u0131l\u0131kl\u0131 hi\u00e7bir politik ve askeri antla\u015fmaya imza atmam\u0131\u015f olan ABD\u2019nin, T\u00fcrk Milleti\u2019ne ve Mill\u00ee M\u00fccadele\u2019ye olan bak\u0131\u015f a\u00e7\u0131s\u0131yla birlikte d\u00f6nem boyunca izledi\u011fi politika, Amerikan bas\u0131n\u0131 temel al\u0131narak incelenmeye \u00e7al\u0131\u015f\u0131lm\u0131\u015ft\u0131r. Bas\u0131n ve bas\u0131nda kullan\u0131lan dilin, do\u011fru ya da yanl\u0131\u015f \u00e7\u0131kan haber ve makalelerin bir millet ve bir \u00fclke hakk\u0131nda fikir olu\u015fturmas\u0131 \u00fczerindeki etkisi bug\u00fcn de azalmadan devam etmektedir. ABD ve Amerikan halk\u0131n\u0131n menfaatlerinden \u00f6d\u00fcn vermeden yap\u0131lan yay\u0131nlar, ABD politikalar\u0131na y\u00f6nelik ele\u015ftiriler de bu do\u011frultuda ve tavsiye niteli\u011findedir.Bu kitap, bir milletin k\u00fcllerinden do\u011fu\u015funun zorlu m\u00fccadelesinin, 10 bin k\u00fcsur kilometre uza\u011f\u0131m\u0131zdan nas\u0131l g\u00f6r\u00fcnd\u00fc\u011f\u00fc, alg\u0131land\u0131\u011f\u0131 ve y\u00f6nlendirilmeye \u00e7al\u0131\u015f\u0131ld\u0131\u011f\u0131 y\u0131llar\u0131 anlatmaktad\u0131r.<\/p>\n","protected":false},"excerpt":{"rendered":"<p>T\u00fcrk Mill\u00ee M\u00fccadelesi, T\u00fcrk Milleti\u2019nin kaderini belirlerken, uluslararas\u0131 siyasetin ve g\u00fc\u00e7ler dengesinin de de\u011fi\u015fmesine neden olmu\u015ftur. Mill\u00ee M\u00fccadele D\u00f6nemi\u2019nde T\u00fcrkiye ile sava\u015fmam\u0131\u015f, kar\u015f\u0131l\u0131kl\u0131 hi\u00e7bir politik ve<span class=\"excerpt-hellip\"> [\u2026]<\/span><\/p>\n","protected":false},"featured_media":0,"template":"","meta":{"_monsterinsights_skip_tracking":false,"_monsterinsights_sitenote_active":false,"_monsterinsights_sitenote_note":"","_monsterinsights_sitenote_category":0},"product_brand":[],"product_cat":[12370,12304],"product_tag":[],"class_list":{"0":"post-739032","1":"product","2":"type-product","3":"status-publish","5":"product_cat-arastirma-inceleme","6":"product_cat-tarih","7":"pa_cilt-ciltsiz","8":"pa_tur-kitap","9":"pa_yayinevi-yeditepe-yayinevi","10":"pa_yazar-sebnem-oguz-uzuner","12":"first","13":"instock","14":"sale","15":"shipping-taxable","16":"purchasable","17":"product-type-simple"},"_links":{"self":[{"href":"https:\/\/roveyayinevi.com.tr\/index.php\/wp-json\/wp\/v2\/product\/739032","targetHints":{"allow":["GET"]}}],"collection":[{"href":"https:\/\/roveyayinevi.com.tr\/index.php\/wp-json\/wp\/v2\/product"}],"about":[{"href":"https:\/\/roveyayinevi.com.tr\/index.php\/wp-json\/wp\/v2\/types\/product"}],"wp:attachment":[{"href":"https:\/\/roveyayinevi.com.tr\/index.php\/wp-json\/wp\/v2\/media?parent=739032"}],"wp:term":[{"taxonomy":"product_brand","embeddable":true,"href":"https:\/\/roveyayinevi.com.tr\/index.php\/wp-json\/wp\/v2\/product_brand?post=739032"},{"taxonomy":"product_cat","embeddable":true,"href":"https:\/\/roveyayinevi.com.tr\/index.php\/wp-json\/wp\/v2\/product_cat?post=739032"},{"taxonomy":"product_tag","embeddable":true,"href":"https:\/\/roveyayinevi.com.tr\/index.php\/wp-json\/wp\/v2\/product_tag?post=739032"}],"curies":[{"name":"wp","href":"https:\/\/api.w.org\/{rel}","templated":true}]}}